{"id":9,"date":"2018-03-19T21:46:13","date_gmt":"2018-03-19T20:46:13","guid":{"rendered":"https:\/\/www.alhen.com.pl\/?page_id=9"},"modified":"2024-03-17T22:08:40","modified_gmt":"2024-03-17T21:08:40","slug":"kontakt","status":"publish","type":"page","link":"https:\/\/www.alhen.com.pl\/en\/kontakt\/","title":{"rendered":"ALHEN ARTSZK\u0141O Sp. z o.o."},"content":{"rendered":"<div class=\"row\">\n<div class=\"col-md-8\"><iframe style=\"border: 0;\" data-src=\"https:\/\/www.google.com\/maps\/embed?pb=!1m18!1m12!1m3!1d2435.8495355614787!2d16.888203315966713!3d52.37314825485408!2m3!1f0!2f0!3f0!3m2!1i1024!2i768!4f13.1!3m3!1m2!1s0x47045acafc9c2f0b%3A0x96643bec5f19239b!2zR8WCYXpvd2EgNDgsIDYwLTExNiBQb3puYcWE!5e0!3m2!1spl!2spl!4v1523830916991\" width=\"100%\" height=\"350\" frameborder=\"0\" allowfullscreen=\"allowfullscreen\" src=\"data:image\/svg+xml;base64,PHN2ZyB3aWR0aD0iMSIgaGVpZ2h0PSIxIiB4bWxucz0iaHR0cDovL3d3dy53My5vcmcvMjAwMC9zdmciPjwvc3ZnPg==\" class=\"lazyload\" data-load-mode=\"1\"><\/iframe><br \/>\nul. G\u0142azowa 48<br \/>\n60 \u2013 116 Pozna\u0144<\/p>\n<p>Opening Hours:<br \/>\nMonday \u2013 Friday<br \/>\n7:30 \u2013 15:30<\/p>\n<p>Office Contact Numbers:<br \/>\n<a href=\"tel:+48695987067\">695 987 067<\/a><br \/>\n<a href=\"tel:+48618305078\">(61) 830 50 78<\/a><br \/>\nFAX (61) 830 50 78<\/p>\n<p>Projects:<br \/>\nRafa\u0142 Paprzycki&nbsp;&nbsp;&nbsp;<a href=\"tel:+48609532755\">609 532 755<\/a><\/p>\n<p>E-Mail:<br \/>\n<a href=\"mailto:alhen@alhen.com.pl\">mailto:alhen@alhen.com.pl<\/a><\/p>\n<p>Tax Number (NIP): 783 \u2013 14 \u2013 62 \u2013 712<br \/>\nREGON: 631090635<\/p>\n<p>KRS (National Court Register) Number: 0000265006\nDistrict Court of Pozna\u0144 \u2013 Nowe Miasto and Wilda in Pozna\u0144,<br \/>\nVIII Commercial Division of the National Court Register Share capital: PLN 50,000.00<\/p>\n<\/div>\n<div>\n<div class=\"col-md-4\">\n<h4>Contact Us:<\/h4>\n\n<div class=\"wpcf7 no-js\" id=\"wpcf7-f28-o1\" lang=\"pl-PL\" dir=\"ltr\" data-wpcf7-id=\"28\">\n<div class=\"screen-reader-response\"><p role=\"status\" aria-live=\"polite\" aria-atomic=\"true\"><\/p> <ul><\/ul><\/div>\n<form action=\"\/en\/wp-json\/wp\/v2\/pages\/9#wpcf7-f28-o1\" method=\"post\" class=\"wpcf7-form init\" aria-label=\"Formularz kontaktowy\" novalidate=\"novalidate\" data-status=\"init\" data-trp-original-action=\"\/en\/wp-json\/wp\/v2\/pages\/9#wpcf7-f28-o1\">\n<fieldset class=\"hidden-fields-container\"><input type=\"hidden\" name=\"_wpcf7\" value=\"28\" \/><input type=\"hidden\" name=\"_wpcf7_version\" value=\"6.1.5\" \/><input type=\"hidden\" name=\"_wpcf7_locale\" value=\"pl_PL\" \/><input type=\"hidden\" name=\"_wpcf7_unit_tag\" value=\"wpcf7-f28-o1\" \/><input type=\"hidden\" name=\"_wpcf7_container_post\" value=\"0\" \/><input type=\"hidden\" name=\"_wpcf7_posted_data_hash\" value=\"\" \/><input type=\"hidden\" name=\"_wpcf7_recaptcha_response\" value=\"\" \/>\n<\/fieldset>\n<p><label> First and Last Name (required)<br \/>\n<span class=\"wpcf7-form-control-wrap\" data-name=\"your-name\"><input size=\"40\" maxlength=\"400\" class=\"wpcf7-form-control wpcf7-text wpcf7-validates-as-required\" aria-required=\"true\" aria-invalid=\"false\" value=\"\" type=\"text\" name=\"your-name\" \/><\/span> <\/label>\n<\/p>\n<p><label> Email Address (required)<br \/>\n<span class=\"wpcf7-form-control-wrap\" data-name=\"your-email\"><input size=\"40\" maxlength=\"400\" class=\"wpcf7-form-control wpcf7-email wpcf7-validates-as-required wpcf7-text wpcf7-validates-as-email\" aria-required=\"true\" aria-invalid=\"false\" value=\"\" type=\"email\" name=\"your-email\" \/><\/span> <\/label>\n<\/p>\n<p><label> Subject<br \/>\n<span class=\"wpcf7-form-control-wrap\" data-name=\"your-subject\"><input size=\"40\" maxlength=\"400\" class=\"wpcf7-form-control wpcf7-text\" aria-invalid=\"false\" value=\"\" type=\"text\" name=\"your-subject\" \/><\/span> <\/label>\n<\/p>\n<p><label> Message Content<br \/>\n<span class=\"wpcf7-form-control-wrap\" data-name=\"your-message\"><textarea cols=\"40\" rows=\"10\" maxlength=\"2000\" class=\"wpcf7-form-control wpcf7-textarea\" aria-invalid=\"false\" name=\"your-message\"><\/textarea><\/span> <\/label>\n<\/p>\n<p><input class=\"wpcf7-form-control wpcf7-submit has-spinner\" type=\"submit\" value=\"Send\" \/>\n<\/p><p style=\"display: none !important;\" class=\"akismet-fields-container\" data-prefix=\"_wpcf7_ak_\"><label>&#916;<textarea name=\"_wpcf7_ak_hp_textarea\" cols=\"45\" rows=\"8\" maxlength=\"100\"><\/textarea><\/label><input type=\"hidden\" id=\"ak_js_1\" name=\"_wpcf7_ak_js\" value=\"113\"\/><script>document.getElementById( \"ak_js_1\" ).setAttribute( \"value\", ( new Date() ).getTime() );<\/script><\/p><div class=\"wpcf7-response-output\" aria-hidden=\"true\"><\/div>\n<input type=\"hidden\" name=\"trp-form-language\" value=\"en\"\/><\/form>\n<\/div>\n\n<p style=\"font-size: 11px; line-height: 1.4;\">The administrator of your personal data is 'ALHEN ARTSZK\u0141O' Sp. z o.o. (hereinafter referred to as 'we') with its registered office at G\u0142azowa 48 Street, 60-116 Pozna\u0144. We process your data solely for the purpose of responding to the inquiry submitted via the contact form (the legal basis for processing is the pursuit of our legitimate interests as the data controller, which involves communication with website users). Your data will be processed no longer than necessary to provide you with a response, and thereafter, it may be retained for the period of limitation of any potential claims.<\/p>\n<p style=\"font-size: 11px; line-height: 1.4;\">For more information about the processing of personal data, including your rights, please refer to our <a href=\"\/en\/polityka-prywatnosci\/\">Privacy Policy.<\/a>.<\/p>\n<\/div>\n<\/div>\n<\/div>\n<!-- AddThis Advanced Settings generic via filter on the_content --><!-- AddThis Share Buttons generic via filter on the_content -->","protected":false},"excerpt":{"rendered":"<p>ul. G\u0142azowa 48 60 \u2013 116 Pozna\u0144 Godziny otwarcia: Poniedzia\u0142ek \u2013 Pi\u0105tek 7:30 \u2013 15:30 Telefony kontaktowe do biura: 695 987 067 (61) 830 50 78 FAX (61) 830 50 78 Realizacje: Rafa\u0142 Paprzycki&nbsp;&nbsp;&nbsp;609 532 755 Adres e-mail: alhen@alhen.com.pl NIP: 783 \u2013 14 \u2013 62 \u2013 712 REGON: 631090635 KRS 0000265006S\u0104D REJONOWY POZNA\u0143 \u2013 NOWE<\/p>\n<div><a class=\"btn-filled btn\" href=\"https:\/\/www.alhen.com.pl\/en\/kontakt\/\" title=\"ALHEN ARTSZK\u0141O Sp. z o.o.\">Read More<\/a><\/div>\n<p><!-- AddThis Advanced Settings generic via filter on get_the_excerpt --><!-- AddThis Share Buttons generic via filter on get_the_excerpt --><\/p>","protected":false},"author":1,"featured_media":0,"parent":0,"menu_order":0,"comment_status":"closed","ping_status":"closed","template":"page-templates\/full-width.php","meta":{"inline_featured_image":false,"jetpack_post_was_ever_published":false,"footnotes":""},"class_list":["post-9","page","type-page","status-publish","hentry"],"yoast_head":"<!-- This site is optimized with the Yoast SEO plugin v27.1.1 - https:\/\/yoast.com\/product\/yoast-seo-wordpress\/ -->\n<title>ALHEN ARTSZK\u0141O Sp. z o.o. - Alhen Artszk\u0142o<\/title>\n<meta name=\"robots\" content=\"index, follow, max-snippet:-1, max-image-preview:large, max-video-preview:-1\" \/>\n<link rel=\"canonical\" href=\"https:\/\/www.alhen.com.pl\/en\/kontakt\/\" \/>\n<meta property=\"og:locale\" content=\"en_GB\" \/>\n<meta property=\"og:type\" content=\"article\" \/>\n<meta property=\"og:title\" content=\"ALHEN ARTSZK\u0141O Sp. z o.o. - Alhen Artszk\u0142o\" \/>\n<meta property=\"og:description\" content=\"ul. G\u0142azowa 48 60 \u2013 116 Pozna\u0144 Godziny otwarcia: Poniedzia\u0142ek \u2013 Pi\u0105tek 7:30 \u2013 15:30 Telefony kontaktowe do biura: 695 987 067 (61) 830 50 78 FAX (61) 830 50 78 Realizacje: Rafa\u0142 Paprzycki&nbsp;&nbsp;&nbsp;609 532 755 Adres e-mail: alhen@alhen.com.pl NIP: 783 \u2013 14 \u2013 62 \u2013 712 REGON: 631090635 KRS 0000265006S\u0104D REJONOWY POZNA\u0143 \u2013 NOWERead More\" \/>\n<meta property=\"og:url\" content=\"https:\/\/www.alhen.com.pl\/en\/kontakt\/\" \/>\n<meta property=\"og:site_name\" content=\"Alhen Artszk\u0142o\" \/>\n<meta property=\"article:publisher\" content=\"https:\/\/www.facebook.com\/alhenartszklo\/\" \/>\n<meta property=\"article:modified_time\" content=\"2024-03-17T21:08:40+00:00\" \/>\n<meta name=\"twitter:card\" content=\"summary_large_image\" \/>\n<meta name=\"twitter:site\" content=\"@alhenartszklo\" \/>\n<meta name=\"twitter:label1\" content=\"Estimated reading time\" \/>\n\t<meta name=\"twitter:data1\" content=\"1 minute\" \/>\n<script type=\"application\/ld+json\" class=\"yoast-schema-graph\">{\"@context\":\"https:\/\/schema.org\",\"@graph\":[{\"@type\":\"WebPage\",\"@id\":\"https:\/\/www.alhen.com.pl\/kontakt\/\",\"url\":\"https:\/\/www.alhen.com.pl\/kontakt\/\",\"name\":\"ALHEN ARTSZK\u0141O Sp. z o.o. - Alhen Artszk\u0142o\",\"isPartOf\":{\"@id\":\"https:\/\/www.alhen.com.pl\/#website\"},\"datePublished\":\"2018-03-19T20:46:13+00:00\",\"dateModified\":\"2024-03-17T21:08:40+00:00\",\"breadcrumb\":{\"@id\":\"https:\/\/www.alhen.com.pl\/kontakt\/#breadcrumb\"},\"inLanguage\":\"en-GB\",\"potentialAction\":[{\"@type\":\"ReadAction\",\"target\":[\"https:\/\/www.alhen.com.pl\/kontakt\/\"]}]},{\"@type\":\"BreadcrumbList\",\"@id\":\"https:\/\/www.alhen.com.pl\/kontakt\/#breadcrumb\",\"itemListElement\":[{\"@type\":\"ListItem\",\"position\":1,\"name\":\"Strona g\u0142\u00f3wna\",\"item\":\"https:\/\/www.alhen.com.pl\/\"},{\"@type\":\"ListItem\",\"position\":2,\"name\":\"ALHEN ARTSZK\u0141O Sp. z o.o.\"}]},{\"@type\":\"WebSite\",\"@id\":\"https:\/\/www.alhen.com.pl\/#website\",\"url\":\"https:\/\/www.alhen.com.pl\/\",\"name\":\"Alhen Artszk\u0142o\",\"description\":\"Szk\u0142o w architekturze wn\u0119trz\",\"publisher\":{\"@id\":\"https:\/\/www.alhen.com.pl\/#organization\"},\"potentialAction\":[{\"@type\":\"SearchAction\",\"target\":{\"@type\":\"EntryPoint\",\"urlTemplate\":\"https:\/\/www.alhen.com.pl\/?s={search_term_string}\"},\"query-input\":{\"@type\":\"PropertyValueSpecification\",\"valueRequired\":true,\"valueName\":\"search_term_string\"}}],\"inLanguage\":\"en-GB\"},{\"@type\":\"Organization\",\"@id\":\"https:\/\/www.alhen.com.pl\/#organization\",\"name\":\"ALHEN Artszk\u0142o Sp. z o.o.\",\"url\":\"https:\/\/www.alhen.com.pl\/\",\"logo\":{\"@type\":\"ImageObject\",\"inLanguage\":\"en-GB\",\"@id\":\"https:\/\/www.alhen.com.pl\/#\/schema\/logo\/image\/\",\"url\":\"https:\/\/i0.wp.com\/www.alhen.com.pl\/wp-content\/uploads\/2018\/03\/logo-alhen.png?fit=298%2C35&ssl=1\",\"contentUrl\":\"https:\/\/i0.wp.com\/www.alhen.com.pl\/wp-content\/uploads\/2018\/03\/logo-alhen.png?fit=298%2C35&ssl=1\",\"width\":298,\"height\":35,\"caption\":\"ALHEN Artszk\u0142o Sp. z o.o.\"},\"image\":{\"@id\":\"https:\/\/www.alhen.com.pl\/#\/schema\/logo\/image\/\"},\"sameAs\":[\"https:\/\/www.facebook.com\/alhenartszklo\/\",\"https:\/\/x.com\/alhenartszklo\",\"https:\/\/instagram.com\/alhen_artszklo\/\"]}]}<\/script>\n<!-- \/ Yoast SEO plugin. -->","yoast_head_json":{"title":"ALHEN ARTSZK\u0141O Sp. z o.o. - Alhen Artszk\u0142o","robots":{"index":"index","follow":"follow","max-snippet":"max-snippet:-1","max-image-preview":"max-image-preview:large","max-video-preview":"max-video-preview:-1"},"canonical":"https:\/\/www.alhen.com.pl\/en\/kontakt\/","og_locale":"en_GB","og_type":"article","og_title":"ALHEN ARTSZK\u0141O Sp. z o.o. - Alhen Artszk\u0142o","og_description":"ul. G\u0142azowa 48 60 \u2013 116 Pozna\u0144 Godziny otwarcia: Poniedzia\u0142ek \u2013 Pi\u0105tek 7:30 \u2013 15:30 Telefony kontaktowe do biura: 695 987 067 (61) 830 50 78 FAX (61) 830 50 78 Realizacje: Rafa\u0142 Paprzycki&nbsp;&nbsp;&nbsp;609 532 755 Adres e-mail: alhen@alhen.com.pl NIP: 783 \u2013 14 \u2013 62 \u2013 712 REGON: 631090635 KRS 0000265006S\u0104D REJONOWY POZNA\u0143 \u2013 NOWERead More","og_url":"https:\/\/www.alhen.com.pl\/en\/kontakt\/","og_site_name":"Alhen Artszk\u0142o","article_publisher":"https:\/\/www.facebook.com\/alhenartszklo\/","article_modified_time":"2024-03-17T21:08:40+00:00","twitter_card":"summary_large_image","twitter_site":"@alhenartszklo","twitter_misc":{"Estimated reading time":"1 minute"},"schema":{"@context":"https:\/\/schema.org","@graph":[{"@type":"WebPage","@id":"https:\/\/www.alhen.com.pl\/kontakt\/","url":"https:\/\/www.alhen.com.pl\/kontakt\/","name":"ALHEN ARTSZK\u0141O Sp. z o.o. - Alhen Artszk\u0142o","isPartOf":{"@id":"https:\/\/www.alhen.com.pl\/#website"},"datePublished":"2018-03-19T20:46:13+00:00","dateModified":"2024-03-17T21:08:40+00:00","breadcrumb":{"@id":"https:\/\/www.alhen.com.pl\/kontakt\/#breadcrumb"},"inLanguage":"en-GB","potentialAction":[{"@type":"ReadAction","target":["https:\/\/www.alhen.com.pl\/kontakt\/"]}]},{"@type":"BreadcrumbList","@id":"https:\/\/www.alhen.com.pl\/kontakt\/#breadcrumb","itemListElement":[{"@type":"ListItem","position":1,"name":"Strona g\u0142\u00f3wna","item":"https:\/\/www.alhen.com.pl\/"},{"@type":"ListItem","position":2,"name":"ALHEN ARTSZK\u0141O Sp. z o.o."}]},{"@type":"WebSite","@id":"https:\/\/www.alhen.com.pl\/#website","url":"https:\/\/www.alhen.com.pl\/","name":"Alhen Artszk\u0142o","description":"Szk\u0142o w architekturze wn\u0119trz","publisher":{"@id":"https:\/\/www.alhen.com.pl\/#organization"},"potentialAction":[{"@type":"SearchAction","target":{"@type":"EntryPoint","urlTemplate":"https:\/\/www.alhen.com.pl\/?s={search_term_string}"},"query-input":{"@type":"PropertyValueSpecification","valueRequired":true,"valueName":"search_term_string"}}],"inLanguage":"en-GB"},{"@type":"Organization","@id":"https:\/\/www.alhen.com.pl\/#organization","name":"ALHEN Artszk\u0142o Sp. z o.o.","url":"https:\/\/www.alhen.com.pl\/","logo":{"@type":"ImageObject","inLanguage":"en-GB","@id":"https:\/\/www.alhen.com.pl\/#\/schema\/logo\/image\/","url":"https:\/\/i0.wp.com\/www.alhen.com.pl\/wp-content\/uploads\/2018\/03\/logo-alhen.png?fit=298%2C35&ssl=1","contentUrl":"https:\/\/i0.wp.com\/www.alhen.com.pl\/wp-content\/uploads\/2018\/03\/logo-alhen.png?fit=298%2C35&ssl=1","width":298,"height":35,"caption":"ALHEN Artszk\u0142o Sp. z o.o."},"image":{"@id":"https:\/\/www.alhen.com.pl\/#\/schema\/logo\/image\/"},"sameAs":["https:\/\/www.facebook.com\/alhenartszklo\/","https:\/\/x.com\/alhenartszklo","https:\/\/instagram.com\/alhen_artszklo\/"]}]}},"jetpack_sharing_enabled":true,"jetpack_shortlink":"https:\/\/wp.me\/P9LGPL-9","jetpack_likes_enabled":true,"jetpack-related-posts":[],"_links":{"self":[{"href":"https:\/\/www.alhen.com.pl\/en\/wp-json\/wp\/v2\/pages\/9","targetHints":{"allow":["GET"]}}],"collection":[{"href":"https:\/\/www.alhen.com.pl\/en\/wp-json\/wp\/v2\/pages"}],"about":[{"href":"https:\/\/www.alhen.com.pl\/en\/wp-json\/wp\/v2\/types\/page"}],"author":[{"embeddable":true,"href":"https:\/\/www.alhen.com.pl\/en\/wp-json\/wp\/v2\/users\/1"}],"replies":[{"embeddable":true,"href":"https:\/\/www.alhen.com.pl\/en\/wp-json\/wp\/v2\/comments?post=9"}],"version-history":[{"count":22,"href":"https:\/\/www.alhen.com.pl\/en\/wp-json\/wp\/v2\/pages\/9\/revisions"}],"predecessor-version":[{"id":687,"href":"https:\/\/www.alhen.com.pl\/en\/wp-json\/wp\/v2\/pages\/9\/revisions\/687"}],"wp:attachment":[{"href":"https:\/\/www.alhen.com.pl\/en\/wp-json\/wp\/v2\/media?parent=9"}],"curies":[{"name":"wp","href":"https:\/\/api.w.org\/{rel}","templated":true}]}}