{"id":834,"date":"2025-01-11T18:13:53","date_gmt":"2025-01-11T17:13:53","guid":{"rendered":"https:\/\/www.alhen.com.pl\/?page_id=834"},"modified":"2025-02-27T03:11:20","modified_gmt":"2025-02-27T02:11:20","slug":"szklo-hartowane","status":"publish","type":"page","link":"https:\/\/www.alhen.com.pl\/en\/oferta\/szklo-hartowane\/","title":{"rendered":"Tempered Glass"},"content":{"rendered":"<p class=\"translation-block\"><strong>Tempering<\/strong> glass is a technologically advanced process that enhances the safety and strength of the glass.<\/p>\n\n\n\n<p class=\"translation-block\"><strong>The<\/strong> tempering <strong>process<\/strong> consists of 3 stages:<\/p>\n\n\n\n<ul class=\"wp-block-list\"><li>Heating the glass above 600 degrees (depending on the thickness of the glass) <\/li><li>Rapid cooling of the previously heated glass <\/li><li>Controlling surface compression. <\/li><\/ul>\n\n\n\n<p class=\"translation-block\"><strong>Advantages<\/strong> of Tempered Glass:<\/p>\n\n\n\n<ul class=\"wp-block-list\"><li>Increased resistance of the glass<\/li><li>Safety<\/li><li>Durability <\/li><li>Minimal risk of cutting<\/li><li>In the event of breakage, it shatters into small pieces. <\/li><\/ul>\n\n\n\n<p class=\"translation-block\"><strong>Properties<\/strong> of Tempered Glass:<\/p>\n\n\n\n<ul class=\"wp-block-list\"><li>Strength 4-5 times higher than ordinary glass <\/li><li>Safety <\/li><li>Resistance to temperature <\/li><li>Abrasion-resistant. <\/li><\/ul>\n\n\n\n<p><strong><strong>Below are laminated doors with 3 layers of glass, where the middle layer represents shattered tempered glass.<\/strong> <\/strong><\/p>\n\n\n\n<ul class=\"wp-block-gallery columns-1 is-cropped wp-block-gallery-1 is-layout-flex wp-block-gallery-is-layout-flex\"><li class=\"blocks-gallery-item\"><figure><img data-recalc-dims=\"1\" decoding=\"async\" width=\"768\" height=\"1024\" data-attachment-id=\"1396\" data-permalink=\"https:\/\/www.alhen.com.pl\/en\/portfolio\/drzwi-sciany\/img_1199\/\" data-orig-file=\"https:\/\/i0.wp.com\/www.alhen.com.pl\/wp-content\/uploads\/2018\/04\/IMG_1199-e1736701333649.jpg?fit=1000%2C1333&amp;ssl=1\" data-orig-size=\"1000,1333\" data-comments-opened=\"1\" data-image-meta=\"{&quot;aperture&quot;:&quot;1.6&quot;,&quot;credit&quot;:&quot;&quot;,&quot;camera&quot;:&quot;iPhone 12&quot;,&quot;caption&quot;:&quot;&quot;,&quot;created_timestamp&quot;:&quot;1631014192&quot;,&quot;copyright&quot;:&quot;&quot;,&quot;focal_length&quot;:&quot;4.2&quot;,&quot;iso&quot;:&quot;80&quot;,&quot;shutter_speed&quot;:&quot;0.0082644628099174&quot;,&quot;title&quot;:&quot;&quot;,&quot;orientation&quot;:&quot;1&quot;}\" data-image-title=\"Szklane drzwi i \u015bcianki 38\" data-image-description=\"\" data-image-caption=\"\" data-medium-file=\"https:\/\/i0.wp.com\/www.alhen.com.pl\/wp-content\/uploads\/2018\/04\/IMG_1199-e1736701333649.jpg?fit=225%2C300&amp;ssl=1\" data-large-file=\"https:\/\/i0.wp.com\/www.alhen.com.pl\/wp-content\/uploads\/2018\/04\/IMG_1199-e1736701333649.jpg?fit=768%2C1024&amp;ssl=1\" data-src=\"https:\/\/i0.wp.com\/www.alhen.com.pl\/wp-content\/uploads\/2018\/04\/IMG_1199.jpg?resize=768%2C1024&#038;ssl=1\" alt=\"\" data-id=\"1396\" data-link=\"https:\/\/www.alhen.com.pl\/portfolio\/drzwi-sciany\/img_1199\/\" class=\"wp-image-1396 lazyload\" src=\"data:image\/svg+xml;base64,PHN2ZyB3aWR0aD0iMSIgaGVpZ2h0PSIxIiB4bWxucz0iaHR0cDovL3d3dy53My5vcmcvMjAwMC9zdmciPjwvc3ZnPg==\" style=\"--smush-placeholder-width: 768px; --smush-placeholder-aspect-ratio: 768\/1024;\" \/><\/figure><\/li><\/ul>\n\n\n\n<p><strong>Applications of tempered glass:<\/strong><\/p>\n\n\n\n<ul class=\"wp-block-list\"><li>Balustrades <\/li><li>Shower Cabins<\/li><li>Glass doors <\/li><li>Graphics on glass <\/li><li>Furniture <\/li><li>Interior decoration.  <\/li><\/ul>\n\n\n\n<p class=\"translation-block\">Mirrors are not subjected to tempering, except for the <strong>Venetian Mirror.<\/strong><\/p>\n<!-- AddThis Advanced Settings generic via filter on the_content --><!-- AddThis Share Buttons generic via filter on the_content -->","protected":false},"excerpt":{"rendered":"<p>Hartowanie szk\u0142a jest zaawansowanym technologicznie procesem zwi\u0119kszaj\u0105cym bezpiecze\u0144stwo i wytrzyma\u0142o\u015b\u0107 szk\u0142a. Proces hartowania sk\u0142ada si\u0119 z 3 etap\u00f3w: nagrzanie szk\u0142a powy\u017cej 600 stopni ( w zale\u017cno\u015bci od grubo\u015bci szk\u0142a) gwa\u0142townego sch\u0142odzenia szk\u0142a wcze\u015bniej podgrzanego kontrolowania spr\u0119\u017cania powierzchni. Zalety szk\u0142a hartowanego: zwi\u0119kszenie odporno\u015bci szk\u0142a bezpiecze\u0144stwo trwa\u0142o\u015b\u0107 minimalne ryzyko skaleczenia w przypadku zbicia rozbija si\u0119 na ma\u0142e<\/p>\n<div><a class=\"btn-filled btn\" href=\"https:\/\/www.alhen.com.pl\/en\/oferta\/szklo-hartowane\/\" title=\"Tempered Glass\">Read More<\/a><\/div>\n<p><!-- AddThis Advanced Settings generic via filter on get_the_excerpt --><!-- AddThis Share Buttons generic via filter on get_the_excerpt --><\/p>","protected":false},"author":1,"featured_media":0,"parent":40,"menu_order":0,"comment_status":"closed","ping_status":"closed","template":"page-templates\/sidebar-right.php","meta":{"inline_featured_image":false,"jetpack_post_was_ever_published":false,"footnotes":""},"class_list":["post-834","page","type-page","status-publish","hentry"],"yoast_head":"<!-- This site is optimized with the Yoast SEO plugin v27.1.1 - https:\/\/yoast.com\/product\/yoast-seo-wordpress\/ -->\n<title>Szk\u0142o hartowane - Alhen Artszk\u0142o<\/title>\n<meta name=\"robots\" content=\"index, follow, max-snippet:-1, max-image-preview:large, max-video-preview:-1\" \/>\n<link rel=\"canonical\" href=\"https:\/\/www.alhen.com.pl\/en\/oferta\/szklo-hartowane\/\" \/>\n<meta property=\"og:locale\" content=\"en_GB\" \/>\n<meta property=\"og:type\" content=\"article\" \/>\n<meta property=\"og:title\" content=\"Szk\u0142o hartowane - Alhen Artszk\u0142o\" \/>\n<meta property=\"og:description\" content=\"Hartowanie szk\u0142a jest zaawansowanym technologicznie procesem zwi\u0119kszaj\u0105cym bezpiecze\u0144stwo i wytrzyma\u0142o\u015b\u0107 szk\u0142a. Proces hartowania sk\u0142ada si\u0119 z 3 etap\u00f3w: nagrzanie szk\u0142a powy\u017cej 600 stopni ( w zale\u017cno\u015bci od grubo\u015bci szk\u0142a) gwa\u0142townego sch\u0142odzenia szk\u0142a wcze\u015bniej podgrzanego kontrolowania spr\u0119\u017cania powierzchni. Zalety szk\u0142a hartowanego: zwi\u0119kszenie odporno\u015bci szk\u0142a bezpiecze\u0144stwo trwa\u0142o\u015b\u0107 minimalne ryzyko skaleczenia w przypadku zbicia rozbija si\u0119 na ma\u0142eRead More\" \/>\n<meta property=\"og:url\" content=\"https:\/\/www.alhen.com.pl\/en\/oferta\/szklo-hartowane\/\" \/>\n<meta property=\"og:site_name\" content=\"Alhen Artszk\u0142o\" \/>\n<meta property=\"article:publisher\" content=\"https:\/\/www.facebook.com\/alhenartszklo\/\" \/>\n<meta property=\"article:modified_time\" content=\"2025-02-27T02:11:20+00:00\" \/>\n<meta property=\"og:image\" content=\"https:\/\/www.alhen.com.pl\/wp-content\/uploads\/2018\/04\/IMG_1199-768x1024.jpg\" \/>\n<meta name=\"twitter:card\" content=\"summary_large_image\" \/>\n<meta name=\"twitter:site\" content=\"@alhenartszklo\" \/>\n<meta name=\"twitter:label1\" content=\"Estimated reading time\" \/>\n\t<meta name=\"twitter:data1\" content=\"1 minute\" \/>\n<script type=\"application\/ld+json\" class=\"yoast-schema-graph\">{\"@context\":\"https:\/\/schema.org\",\"@graph\":[{\"@type\":\"WebPage\",\"@id\":\"https:\/\/www.alhen.com.pl\/oferta\/szklo-hartowane\/\",\"url\":\"https:\/\/www.alhen.com.pl\/oferta\/szklo-hartowane\/\",\"name\":\"Szk\u0142o hartowane - Alhen Artszk\u0142o\",\"isPartOf\":{\"@id\":\"https:\/\/www.alhen.com.pl\/#website\"},\"primaryImageOfPage\":{\"@id\":\"https:\/\/www.alhen.com.pl\/oferta\/szklo-hartowane\/#primaryimage\"},\"image\":{\"@id\":\"https:\/\/www.alhen.com.pl\/oferta\/szklo-hartowane\/#primaryimage\"},\"thumbnailUrl\":\"https:\/\/www.alhen.com.pl\/wp-content\/uploads\/2018\/04\/IMG_1199-768x1024.jpg\",\"datePublished\":\"2025-01-11T17:13:53+00:00\",\"dateModified\":\"2025-02-27T02:11:20+00:00\",\"breadcrumb\":{\"@id\":\"https:\/\/www.alhen.com.pl\/oferta\/szklo-hartowane\/#breadcrumb\"},\"inLanguage\":\"en-GB\",\"potentialAction\":[{\"@type\":\"ReadAction\",\"target\":[\"https:\/\/www.alhen.com.pl\/oferta\/szklo-hartowane\/\"]}]},{\"@type\":\"ImageObject\",\"inLanguage\":\"en-GB\",\"@id\":\"https:\/\/www.alhen.com.pl\/oferta\/szklo-hartowane\/#primaryimage\",\"url\":\"https:\/\/www.alhen.com.pl\/wp-content\/uploads\/2018\/04\/IMG_1199-768x1024.jpg\",\"contentUrl\":\"https:\/\/www.alhen.com.pl\/wp-content\/uploads\/2018\/04\/IMG_1199-768x1024.jpg\"},{\"@type\":\"BreadcrumbList\",\"@id\":\"https:\/\/www.alhen.com.pl\/oferta\/szklo-hartowane\/#breadcrumb\",\"itemListElement\":[{\"@type\":\"ListItem\",\"position\":1,\"name\":\"Strona g\u0142\u00f3wna\",\"item\":\"https:\/\/www.alhen.com.pl\/\"},{\"@type\":\"ListItem\",\"position\":2,\"name\":\"Oferta\",\"item\":\"https:\/\/www.alhen.com.pl\/oferta\/\"},{\"@type\":\"ListItem\",\"position\":3,\"name\":\"Szk\u0142o hartowane\"}]},{\"@type\":\"WebSite\",\"@id\":\"https:\/\/www.alhen.com.pl\/#website\",\"url\":\"https:\/\/www.alhen.com.pl\/\",\"name\":\"Alhen Artszk\u0142o\",\"description\":\"Szk\u0142o w architekturze wn\u0119trz\",\"publisher\":{\"@id\":\"https:\/\/www.alhen.com.pl\/#organization\"},\"potentialAction\":[{\"@type\":\"SearchAction\",\"target\":{\"@type\":\"EntryPoint\",\"urlTemplate\":\"https:\/\/www.alhen.com.pl\/?s={search_term_string}\"},\"query-input\":{\"@type\":\"PropertyValueSpecification\",\"valueRequired\":true,\"valueName\":\"search_term_string\"}}],\"inLanguage\":\"en-GB\"},{\"@type\":\"Organization\",\"@id\":\"https:\/\/www.alhen.com.pl\/#organization\",\"name\":\"ALHEN Artszk\u0142o Sp. z o.o.\",\"url\":\"https:\/\/www.alhen.com.pl\/\",\"logo\":{\"@type\":\"ImageObject\",\"inLanguage\":\"en-GB\",\"@id\":\"https:\/\/www.alhen.com.pl\/#\/schema\/logo\/image\/\",\"url\":\"https:\/\/i0.wp.com\/www.alhen.com.pl\/wp-content\/uploads\/2018\/03\/logo-alhen.png?fit=298%2C35&ssl=1\",\"contentUrl\":\"https:\/\/i0.wp.com\/www.alhen.com.pl\/wp-content\/uploads\/2018\/03\/logo-alhen.png?fit=298%2C35&ssl=1\",\"width\":298,\"height\":35,\"caption\":\"ALHEN Artszk\u0142o Sp. z o.o.\"},\"image\":{\"@id\":\"https:\/\/www.alhen.com.pl\/#\/schema\/logo\/image\/\"},\"sameAs\":[\"https:\/\/www.facebook.com\/alhenartszklo\/\",\"https:\/\/x.com\/alhenartszklo\",\"https:\/\/instagram.com\/alhen_artszklo\/\"]}]}<\/script>\n<!-- \/ Yoast SEO plugin. -->","yoast_head_json":{"title":"Szk\u0142o hartowane - Alhen Artszk\u0142o","robots":{"index":"index","follow":"follow","max-snippet":"max-snippet:-1","max-image-preview":"max-image-preview:large","max-video-preview":"max-video-preview:-1"},"canonical":"https:\/\/www.alhen.com.pl\/en\/oferta\/szklo-hartowane\/","og_locale":"en_GB","og_type":"article","og_title":"Szk\u0142o hartowane - Alhen Artszk\u0142o","og_description":"Hartowanie szk\u0142a jest zaawansowanym technologicznie procesem zwi\u0119kszaj\u0105cym bezpiecze\u0144stwo i wytrzyma\u0142o\u015b\u0107 szk\u0142a. Proces hartowania sk\u0142ada si\u0119 z 3 etap\u00f3w: nagrzanie szk\u0142a powy\u017cej 600 stopni ( w zale\u017cno\u015bci od grubo\u015bci szk\u0142a) gwa\u0142townego sch\u0142odzenia szk\u0142a wcze\u015bniej podgrzanego kontrolowania spr\u0119\u017cania powierzchni. Zalety szk\u0142a hartowanego: zwi\u0119kszenie odporno\u015bci szk\u0142a bezpiecze\u0144stwo trwa\u0142o\u015b\u0107 minimalne ryzyko skaleczenia w przypadku zbicia rozbija si\u0119 na ma\u0142eRead More","og_url":"https:\/\/www.alhen.com.pl\/en\/oferta\/szklo-hartowane\/","og_site_name":"Alhen Artszk\u0142o","article_publisher":"https:\/\/www.facebook.com\/alhenartszklo\/","article_modified_time":"2025-02-27T02:11:20+00:00","og_image":[{"url":"https:\/\/www.alhen.com.pl\/wp-content\/uploads\/2018\/04\/IMG_1199-768x1024.jpg","type":"","width":"","height":""}],"twitter_card":"summary_large_image","twitter_site":"@alhenartszklo","twitter_misc":{"Estimated reading time":"1 minute"},"schema":{"@context":"https:\/\/schema.org","@graph":[{"@type":"WebPage","@id":"https:\/\/www.alhen.com.pl\/oferta\/szklo-hartowane\/","url":"https:\/\/www.alhen.com.pl\/oferta\/szklo-hartowane\/","name":"Szk\u0142o hartowane - Alhen Artszk\u0142o","isPartOf":{"@id":"https:\/\/www.alhen.com.pl\/#website"},"primaryImageOfPage":{"@id":"https:\/\/www.alhen.com.pl\/oferta\/szklo-hartowane\/#primaryimage"},"image":{"@id":"https:\/\/www.alhen.com.pl\/oferta\/szklo-hartowane\/#primaryimage"},"thumbnailUrl":"https:\/\/www.alhen.com.pl\/wp-content\/uploads\/2018\/04\/IMG_1199-768x1024.jpg","datePublished":"2025-01-11T17:13:53+00:00","dateModified":"2025-02-27T02:11:20+00:00","breadcrumb":{"@id":"https:\/\/www.alhen.com.pl\/oferta\/szklo-hartowane\/#breadcrumb"},"inLanguage":"en-GB","potentialAction":[{"@type":"ReadAction","target":["https:\/\/www.alhen.com.pl\/oferta\/szklo-hartowane\/"]}]},{"@type":"ImageObject","inLanguage":"en-GB","@id":"https:\/\/www.alhen.com.pl\/oferta\/szklo-hartowane\/#primaryimage","url":"https:\/\/www.alhen.com.pl\/wp-content\/uploads\/2018\/04\/IMG_1199-768x1024.jpg","contentUrl":"https:\/\/www.alhen.com.pl\/wp-content\/uploads\/2018\/04\/IMG_1199-768x1024.jpg"},{"@type":"BreadcrumbList","@id":"https:\/\/www.alhen.com.pl\/oferta\/szklo-hartowane\/#breadcrumb","itemListElement":[{"@type":"ListItem","position":1,"name":"Strona g\u0142\u00f3wna","item":"https:\/\/www.alhen.com.pl\/"},{"@type":"ListItem","position":2,"name":"Oferta","item":"https:\/\/www.alhen.com.pl\/oferta\/"},{"@type":"ListItem","position":3,"name":"Szk\u0142o hartowane"}]},{"@type":"WebSite","@id":"https:\/\/www.alhen.com.pl\/#website","url":"https:\/\/www.alhen.com.pl\/","name":"Alhen Artszk\u0142o","description":"Szk\u0142o w architekturze wn\u0119trz","publisher":{"@id":"https:\/\/www.alhen.com.pl\/#organization"},"potentialAction":[{"@type":"SearchAction","target":{"@type":"EntryPoint","urlTemplate":"https:\/\/www.alhen.com.pl\/?s={search_term_string}"},"query-input":{"@type":"PropertyValueSpecification","valueRequired":true,"valueName":"search_term_string"}}],"inLanguage":"en-GB"},{"@type":"Organization","@id":"https:\/\/www.alhen.com.pl\/#organization","name":"ALHEN Artszk\u0142o Sp. z o.o.","url":"https:\/\/www.alhen.com.pl\/","logo":{"@type":"ImageObject","inLanguage":"en-GB","@id":"https:\/\/www.alhen.com.pl\/#\/schema\/logo\/image\/","url":"https:\/\/i0.wp.com\/www.alhen.com.pl\/wp-content\/uploads\/2018\/03\/logo-alhen.png?fit=298%2C35&ssl=1","contentUrl":"https:\/\/i0.wp.com\/www.alhen.com.pl\/wp-content\/uploads\/2018\/03\/logo-alhen.png?fit=298%2C35&ssl=1","width":298,"height":35,"caption":"ALHEN Artszk\u0142o Sp. z o.o."},"image":{"@id":"https:\/\/www.alhen.com.pl\/#\/schema\/logo\/image\/"},"sameAs":["https:\/\/www.facebook.com\/alhenartszklo\/","https:\/\/x.com\/alhenartszklo","https:\/\/instagram.com\/alhen_artszklo\/"]}]}},"jetpack_sharing_enabled":true,"jetpack_shortlink":"https:\/\/wp.me\/P9LGPL-ds","jetpack_likes_enabled":true,"jetpack-related-posts":[],"_links":{"self":[{"href":"https:\/\/www.alhen.com.pl\/en\/wp-json\/wp\/v2\/pages\/834","targetHints":{"allow":["GET"]}}],"collection":[{"href":"https:\/\/www.alhen.com.pl\/en\/wp-json\/wp\/v2\/pages"}],"about":[{"href":"https:\/\/www.alhen.com.pl\/en\/wp-json\/wp\/v2\/types\/page"}],"author":[{"embeddable":true,"href":"https:\/\/www.alhen.com.pl\/en\/wp-json\/wp\/v2\/users\/1"}],"replies":[{"embeddable":true,"href":"https:\/\/www.alhen.com.pl\/en\/wp-json\/wp\/v2\/comments?post=834"}],"version-history":[{"count":6,"href":"https:\/\/www.alhen.com.pl\/en\/wp-json\/wp\/v2\/pages\/834\/revisions"}],"predecessor-version":[{"id":1624,"href":"https:\/\/www.alhen.com.pl\/en\/wp-json\/wp\/v2\/pages\/834\/revisions\/1624"}],"up":[{"embeddable":true,"href":"https:\/\/www.alhen.com.pl\/en\/wp-json\/wp\/v2\/pages\/40"}],"wp:attachment":[{"href":"https:\/\/www.alhen.com.pl\/en\/wp-json\/wp\/v2\/media?parent=834"}],"curies":[{"name":"wp","href":"https:\/\/api.w.org\/{rel}","templated":true}]}}