{"id":803,"date":"2025-01-11T17:59:12","date_gmt":"2025-01-11T16:59:12","guid":{"rendered":"https:\/\/www.alhen.com.pl\/?page_id=803"},"modified":"2025-02-27T03:19:08","modified_gmt":"2025-02-27T02:19:08","slug":"fazowanie-szkla","status":"publish","type":"page","link":"https:\/\/www.alhen.com.pl\/en\/oferta\/fazowanie-szkla\/","title":{"rendered":"Glass Bevelling"},"content":{"rendered":"<p class=\"translation-block\"><strong>Bevelling<\/strong> involves the decorative processing of glass and mirror edges by creating a slanted, profiled edge. During this process, the glass\/mirror is angled, resulting in a unique visual effect.<\/p>\n\n\n\n<p><strong>Technical Specifications:<\/strong><\/p>\n\n\n\n<ul class=\"wp-block-list\">\n<li class=\"translation-block\">Angle of inclination: <strong>45-88 degrees<\/strong><\/li>\n\n\n\n<li class=\"translation-block\">Bevelling width: <strong>from 5 mm to 48 mm<\/strong><\/li>\n\n\n\n<li class=\"translation-block\">Glass thickness: <strong>from 4 mm to 19 mm<\/strong><\/li>\n<\/ul>\n\n\n\n<p class=\"translation-block\">There is the option to create <strong>single or double bevels<\/strong>, as well as different bevels on different edges (details are subject to agreement).<\/p>\n\n\n\n<p><\/p>\n\n\n<div class=\"wp-block-image\">\n<figure class=\"aligncenter is-resized\"><img data-recalc-dims=\"1\" decoding=\"async\" width=\"820\" height=\"1024\" data-attachment-id=\"807\" data-permalink=\"https:\/\/www.alhen.com.pl\/en\/oferta\/fazowanie-szkla\/img_7346\/\" data-orig-file=\"https:\/\/i0.wp.com\/www.alhen.com.pl\/wp-content\/uploads\/2025\/01\/IMG_7346.jpg?fit=1179%2C1472&amp;ssl=1\" data-orig-size=\"1179,1472\" data-comments-opened=\"1\" data-image-meta=\"{&quot;aperture&quot;:&quot;0&quot;,&quot;credit&quot;:&quot;&quot;,&quot;camera&quot;:&quot;&quot;,&quot;caption&quot;:&quot;&quot;,&quot;created_timestamp&quot;:&quot;0&quot;,&quot;copyright&quot;:&quot;&quot;,&quot;focal_length&quot;:&quot;0&quot;,&quot;iso&quot;:&quot;0&quot;,&quot;shutter_speed&quot;:&quot;0&quot;,&quot;title&quot;:&quot;&quot;,&quot;orientation&quot;:&quot;1&quot;}\" data-image-title=\"IMG_7346\" data-image-description=\"\" data-image-caption=\"\" data-medium-file=\"https:\/\/i0.wp.com\/www.alhen.com.pl\/wp-content\/uploads\/2025\/01\/IMG_7346.jpg?fit=240%2C300&amp;ssl=1\" data-large-file=\"https:\/\/i0.wp.com\/www.alhen.com.pl\/wp-content\/uploads\/2025\/01\/IMG_7346.jpg?fit=820%2C1024&amp;ssl=1\" data-src=\"https:\/\/i0.wp.com\/www.alhen.com.pl\/wp-content\/uploads\/2025\/01\/IMG_7346.jpg?resize=820%2C1024&#038;ssl=1\" alt=\"\" class=\"wp-image-807 lazyload\" style=\"--smush-placeholder-width: 820px; --smush-placeholder-aspect-ratio: 820\/1024;width:820px;height:1024px\" data-srcset=\"https:\/\/i0.wp.com\/www.alhen.com.pl\/wp-content\/uploads\/2025\/01\/IMG_7346.jpg?resize=820%2C1024&amp;ssl=1 820w, https:\/\/i0.wp.com\/www.alhen.com.pl\/wp-content\/uploads\/2025\/01\/IMG_7346.jpg?resize=240%2C300&amp;ssl=1 240w, https:\/\/i0.wp.com\/www.alhen.com.pl\/wp-content\/uploads\/2025\/01\/IMG_7346.jpg?resize=768%2C959&amp;ssl=1 768w, https:\/\/i0.wp.com\/www.alhen.com.pl\/wp-content\/uploads\/2025\/01\/IMG_7346.jpg?w=1179&amp;ssl=1 1179w\" data-sizes=\"(max-width: 820px) 100vw, 820px\" src=\"data:image\/svg+xml;base64,PHN2ZyB3aWR0aD0iMSIgaGVpZ2h0PSIxIiB4bWxucz0iaHR0cDovL3d3dy53My5vcmcvMjAwMC9zdmciPjwvc3ZnPg==\" \/><figcaption class=\"wp-element-caption\"><strong><strong>A bevelled mirror with elegant edges that adds a unique character to any interior. Discover how the glass bevelling technique can enhance your spaces!<\/strong><\/strong><\/figcaption><\/figure>\n<\/div>\n\n\n<p class=\"translation-block\">There is the option to create <strong>a composition of bevelled mirrors<\/strong> \u2013 such as the one shown in the image above \u2013 we highly recommend it.<\/p>\n\n\n\n<p class=\"translation-block\">The possibility of creating a <strong>specific bevel width<\/strong> depends on the <strong>material thickness and the client's preferences.<\/strong><\/p>\n\n\n\n<p>Are you interested?  <\/p>\n\n\n\n<p>Contact us:<\/p>\n\n\n\n<p class=\"translation-block\">Phone: <strong>695 987 067 <br><\/strong>Email: <a href=\"mailto:alhen@alhen.com.pl\" target=\"_self\">alhen@alhen.com.pl<\/a><\/p>\n<!-- AddThis Advanced Settings generic via filter on the_content --><!-- AddThis Share Buttons generic via filter on the_content -->","protected":false},"excerpt":{"rendered":"<p>Fazowanie polega na ozdobnej obr\u00f3bce kraw\u0119dzi szk\u0142a i luster poprzez nadanie sko\u015bnego, wyprofilowanego brzegu. Podczas tego procesu nast\u0119puje za\u0142amanie si\u0119 szk\u0142a\/ lustra co powoduje otrzymanie unikalnego efektu. Parametry techniczne: Istnieje mo\u017cliwo\u015b\u0107 wykonania pojedynczej lub podw\u00f3jnej fazy, jak i wykonanie r\u00f3\u017cnych faz na r\u00f3\u017cnych kraw\u0119dziach (szczeg\u00f3\u0142y pozostaj\u0105 do ustalenia). Istnieje mo\u017cliwo\u015b\u0107 wykonania sk\u0142adanki z fazowanych luster<\/p>\n<div><a class=\"btn-filled btn\" href=\"https:\/\/www.alhen.com.pl\/en\/oferta\/fazowanie-szkla\/\" title=\"Glass Bevelling\">Read More<\/a><\/div>\n<p><!-- AddThis Advanced Settings generic via filter on get_the_excerpt --><!-- AddThis Share Buttons generic via filter on get_the_excerpt --><\/p>","protected":false},"author":1,"featured_media":0,"parent":40,"menu_order":0,"comment_status":"closed","ping_status":"closed","template":"page-templates\/sidebar-right.php","meta":{"inline_featured_image":false,"jetpack_post_was_ever_published":false,"footnotes":""},"class_list":["post-803","page","type-page","status-publish","hentry"],"yoast_head":"<!-- This site is optimized with the Yoast SEO plugin v27.1.1 - https:\/\/yoast.com\/product\/yoast-seo-wordpress\/ -->\n<title>Fazowanie szk\u0142a - Alhen Artszk\u0142o<\/title>\n<meta name=\"description\" content=\"Fazowanie szk\u0142a to technika ozdobnej obr\u00f3bki kraw\u0119dzi, kt\u00f3ra nadaje unikalny efekt estetyczny. Oferujemy r\u00f3\u017cne parametry, takie jak k\u0105t nachylenia i szeroko\u015b\u0107 fazy, dostosowane do indywidualnych potrzeb klient\u00f3w. Dowiedz si\u0119, jak fazowanie szk\u0142a i luster mo\u017ce wzbogaci\u0107 Twoje wn\u0119trza. Skontaktuj si\u0119 z nami, aby uzyska\u0107 wi\u0119cej informacji o naszych us\u0142ugach w Poznaniu!\" \/>\n<meta name=\"robots\" content=\"index, follow, max-snippet:-1, max-image-preview:large, max-video-preview:-1\" \/>\n<link rel=\"canonical\" href=\"https:\/\/www.alhen.com.pl\/en\/oferta\/fazowanie-szkla\/\" \/>\n<meta property=\"og:locale\" content=\"en_GB\" \/>\n<meta property=\"og:type\" content=\"article\" \/>\n<meta property=\"og:title\" content=\"Fazowanie szk\u0142a - Alhen Artszk\u0142o\" \/>\n<meta property=\"og:description\" content=\"Fazowanie szk\u0142a to technika ozdobnej obr\u00f3bki kraw\u0119dzi, kt\u00f3ra nadaje unikalny efekt estetyczny. Oferujemy r\u00f3\u017cne parametry, takie jak k\u0105t nachylenia i szeroko\u015b\u0107 fazy, dostosowane do indywidualnych potrzeb klient\u00f3w. Dowiedz si\u0119, jak fazowanie szk\u0142a i luster mo\u017ce wzbogaci\u0107 Twoje wn\u0119trza. Skontaktuj si\u0119 z nami, aby uzyska\u0107 wi\u0119cej informacji o naszych us\u0142ugach w Poznaniu!\" \/>\n<meta property=\"og:url\" content=\"https:\/\/www.alhen.com.pl\/en\/oferta\/fazowanie-szkla\/\" \/>\n<meta property=\"og:site_name\" content=\"Alhen Artszk\u0142o\" \/>\n<meta property=\"article:publisher\" content=\"https:\/\/www.facebook.com\/alhenartszklo\/\" \/>\n<meta property=\"article:modified_time\" content=\"2025-02-27T02:19:08+00:00\" \/>\n<meta property=\"og:image\" content=\"https:\/\/www.alhen.com.pl\/wp-content\/uploads\/2025\/01\/IMG_7346-820x1024.jpg\" \/>\n<meta name=\"twitter:card\" content=\"summary_large_image\" \/>\n<meta name=\"twitter:site\" content=\"@alhenartszklo\" \/>\n<meta name=\"twitter:label1\" content=\"Estimated reading time\" \/>\n\t<meta name=\"twitter:data1\" content=\"1 minute\" \/>\n<script type=\"application\/ld+json\" class=\"yoast-schema-graph\">{\"@context\":\"https:\/\/schema.org\",\"@graph\":[{\"@type\":\"WebPage\",\"@id\":\"https:\/\/www.alhen.com.pl\/oferta\/fazowanie-szkla\/\",\"url\":\"https:\/\/www.alhen.com.pl\/oferta\/fazowanie-szkla\/\",\"name\":\"Fazowanie szk\u0142a - Alhen Artszk\u0142o\",\"isPartOf\":{\"@id\":\"https:\/\/www.alhen.com.pl\/#website\"},\"primaryImageOfPage\":{\"@id\":\"https:\/\/www.alhen.com.pl\/oferta\/fazowanie-szkla\/#primaryimage\"},\"image\":{\"@id\":\"https:\/\/www.alhen.com.pl\/oferta\/fazowanie-szkla\/#primaryimage\"},\"thumbnailUrl\":\"https:\/\/www.alhen.com.pl\/wp-content\/uploads\/2025\/01\/IMG_7346-820x1024.jpg\",\"datePublished\":\"2025-01-11T16:59:12+00:00\",\"dateModified\":\"2025-02-27T02:19:08+00:00\",\"description\":\"Fazowanie szk\u0142a to technika ozdobnej obr\u00f3bki kraw\u0119dzi, kt\u00f3ra nadaje unikalny efekt estetyczny. Oferujemy r\u00f3\u017cne parametry, takie jak k\u0105t nachylenia i szeroko\u015b\u0107 fazy, dostosowane do indywidualnych potrzeb klient\u00f3w. Dowiedz si\u0119, jak fazowanie szk\u0142a i luster mo\u017ce wzbogaci\u0107 Twoje wn\u0119trza. Skontaktuj si\u0119 z nami, aby uzyska\u0107 wi\u0119cej informacji o naszych us\u0142ugach w Poznaniu!\",\"breadcrumb\":{\"@id\":\"https:\/\/www.alhen.com.pl\/oferta\/fazowanie-szkla\/#breadcrumb\"},\"inLanguage\":\"en-GB\",\"potentialAction\":[{\"@type\":\"ReadAction\",\"target\":[\"https:\/\/www.alhen.com.pl\/oferta\/fazowanie-szkla\/\"]}]},{\"@type\":\"ImageObject\",\"inLanguage\":\"en-GB\",\"@id\":\"https:\/\/www.alhen.com.pl\/oferta\/fazowanie-szkla\/#primaryimage\",\"url\":\"https:\/\/www.alhen.com.pl\/wp-content\/uploads\/2025\/01\/IMG_7346-820x1024.jpg\",\"contentUrl\":\"https:\/\/www.alhen.com.pl\/wp-content\/uploads\/2025\/01\/IMG_7346-820x1024.jpg\"},{\"@type\":\"BreadcrumbList\",\"@id\":\"https:\/\/www.alhen.com.pl\/oferta\/fazowanie-szkla\/#breadcrumb\",\"itemListElement\":[{\"@type\":\"ListItem\",\"position\":1,\"name\":\"Strona g\u0142\u00f3wna\",\"item\":\"https:\/\/www.alhen.com.pl\/\"},{\"@type\":\"ListItem\",\"position\":2,\"name\":\"Oferta\",\"item\":\"https:\/\/www.alhen.com.pl\/oferta\/\"},{\"@type\":\"ListItem\",\"position\":3,\"name\":\"Fazowanie szk\u0142a\"}]},{\"@type\":\"WebSite\",\"@id\":\"https:\/\/www.alhen.com.pl\/#website\",\"url\":\"https:\/\/www.alhen.com.pl\/\",\"name\":\"Alhen Artszk\u0142o\",\"description\":\"Szk\u0142o w architekturze wn\u0119trz\",\"publisher\":{\"@id\":\"https:\/\/www.alhen.com.pl\/#organization\"},\"potentialAction\":[{\"@type\":\"SearchAction\",\"target\":{\"@type\":\"EntryPoint\",\"urlTemplate\":\"https:\/\/www.alhen.com.pl\/?s={search_term_string}\"},\"query-input\":{\"@type\":\"PropertyValueSpecification\",\"valueRequired\":true,\"valueName\":\"search_term_string\"}}],\"inLanguage\":\"en-GB\"},{\"@type\":\"Organization\",\"@id\":\"https:\/\/www.alhen.com.pl\/#organization\",\"name\":\"ALHEN Artszk\u0142o Sp. z o.o.\",\"url\":\"https:\/\/www.alhen.com.pl\/\",\"logo\":{\"@type\":\"ImageObject\",\"inLanguage\":\"en-GB\",\"@id\":\"https:\/\/www.alhen.com.pl\/#\/schema\/logo\/image\/\",\"url\":\"https:\/\/i0.wp.com\/www.alhen.com.pl\/wp-content\/uploads\/2018\/03\/logo-alhen.png?fit=298%2C35&ssl=1\",\"contentUrl\":\"https:\/\/i0.wp.com\/www.alhen.com.pl\/wp-content\/uploads\/2018\/03\/logo-alhen.png?fit=298%2C35&ssl=1\",\"width\":298,\"height\":35,\"caption\":\"ALHEN Artszk\u0142o Sp. z o.o.\"},\"image\":{\"@id\":\"https:\/\/www.alhen.com.pl\/#\/schema\/logo\/image\/\"},\"sameAs\":[\"https:\/\/www.facebook.com\/alhenartszklo\/\",\"https:\/\/x.com\/alhenartszklo\",\"https:\/\/instagram.com\/alhen_artszklo\/\"]}]}<\/script>\n<!-- \/ Yoast SEO plugin. -->","yoast_head_json":{"title":"Fazowanie szk\u0142a - Alhen Artszk\u0142o","description":"Fazowanie szk\u0142a to technika ozdobnej obr\u00f3bki kraw\u0119dzi, kt\u00f3ra nadaje unikalny efekt estetyczny. Oferujemy r\u00f3\u017cne parametry, takie jak k\u0105t nachylenia i szeroko\u015b\u0107 fazy, dostosowane do indywidualnych potrzeb klient\u00f3w. Dowiedz si\u0119, jak fazowanie szk\u0142a i luster mo\u017ce wzbogaci\u0107 Twoje wn\u0119trza. Skontaktuj si\u0119 z nami, aby uzyska\u0107 wi\u0119cej informacji o naszych us\u0142ugach w Poznaniu!","robots":{"index":"index","follow":"follow","max-snippet":"max-snippet:-1","max-image-preview":"max-image-preview:large","max-video-preview":"max-video-preview:-1"},"canonical":"https:\/\/www.alhen.com.pl\/en\/oferta\/fazowanie-szkla\/","og_locale":"en_GB","og_type":"article","og_title":"Fazowanie szk\u0142a - Alhen Artszk\u0142o","og_description":"Fazowanie szk\u0142a to technika ozdobnej obr\u00f3bki kraw\u0119dzi, kt\u00f3ra nadaje unikalny efekt estetyczny. Oferujemy r\u00f3\u017cne parametry, takie jak k\u0105t nachylenia i szeroko\u015b\u0107 fazy, dostosowane do indywidualnych potrzeb klient\u00f3w. Dowiedz si\u0119, jak fazowanie szk\u0142a i luster mo\u017ce wzbogaci\u0107 Twoje wn\u0119trza. Skontaktuj si\u0119 z nami, aby uzyska\u0107 wi\u0119cej informacji o naszych us\u0142ugach w Poznaniu!","og_url":"https:\/\/www.alhen.com.pl\/en\/oferta\/fazowanie-szkla\/","og_site_name":"Alhen Artszk\u0142o","article_publisher":"https:\/\/www.facebook.com\/alhenartszklo\/","article_modified_time":"2025-02-27T02:19:08+00:00","og_image":[{"url":"https:\/\/www.alhen.com.pl\/wp-content\/uploads\/2025\/01\/IMG_7346-820x1024.jpg","type":"","width":"","height":""}],"twitter_card":"summary_large_image","twitter_site":"@alhenartszklo","twitter_misc":{"Estimated reading time":"1 minute"},"schema":{"@context":"https:\/\/schema.org","@graph":[{"@type":"WebPage","@id":"https:\/\/www.alhen.com.pl\/oferta\/fazowanie-szkla\/","url":"https:\/\/www.alhen.com.pl\/oferta\/fazowanie-szkla\/","name":"Fazowanie szk\u0142a - Alhen Artszk\u0142o","isPartOf":{"@id":"https:\/\/www.alhen.com.pl\/#website"},"primaryImageOfPage":{"@id":"https:\/\/www.alhen.com.pl\/oferta\/fazowanie-szkla\/#primaryimage"},"image":{"@id":"https:\/\/www.alhen.com.pl\/oferta\/fazowanie-szkla\/#primaryimage"},"thumbnailUrl":"https:\/\/www.alhen.com.pl\/wp-content\/uploads\/2025\/01\/IMG_7346-820x1024.jpg","datePublished":"2025-01-11T16:59:12+00:00","dateModified":"2025-02-27T02:19:08+00:00","description":"Fazowanie szk\u0142a to technika ozdobnej obr\u00f3bki kraw\u0119dzi, kt\u00f3ra nadaje unikalny efekt estetyczny. Oferujemy r\u00f3\u017cne parametry, takie jak k\u0105t nachylenia i szeroko\u015b\u0107 fazy, dostosowane do indywidualnych potrzeb klient\u00f3w. Dowiedz si\u0119, jak fazowanie szk\u0142a i luster mo\u017ce wzbogaci\u0107 Twoje wn\u0119trza. Skontaktuj si\u0119 z nami, aby uzyska\u0107 wi\u0119cej informacji o naszych us\u0142ugach w Poznaniu!","breadcrumb":{"@id":"https:\/\/www.alhen.com.pl\/oferta\/fazowanie-szkla\/#breadcrumb"},"inLanguage":"en-GB","potentialAction":[{"@type":"ReadAction","target":["https:\/\/www.alhen.com.pl\/oferta\/fazowanie-szkla\/"]}]},{"@type":"ImageObject","inLanguage":"en-GB","@id":"https:\/\/www.alhen.com.pl\/oferta\/fazowanie-szkla\/#primaryimage","url":"https:\/\/www.alhen.com.pl\/wp-content\/uploads\/2025\/01\/IMG_7346-820x1024.jpg","contentUrl":"https:\/\/www.alhen.com.pl\/wp-content\/uploads\/2025\/01\/IMG_7346-820x1024.jpg"},{"@type":"BreadcrumbList","@id":"https:\/\/www.alhen.com.pl\/oferta\/fazowanie-szkla\/#breadcrumb","itemListElement":[{"@type":"ListItem","position":1,"name":"Strona g\u0142\u00f3wna","item":"https:\/\/www.alhen.com.pl\/"},{"@type":"ListItem","position":2,"name":"Oferta","item":"https:\/\/www.alhen.com.pl\/oferta\/"},{"@type":"ListItem","position":3,"name":"Fazowanie szk\u0142a"}]},{"@type":"WebSite","@id":"https:\/\/www.alhen.com.pl\/#website","url":"https:\/\/www.alhen.com.pl\/","name":"Alhen Artszk\u0142o","description":"Szk\u0142o w architekturze wn\u0119trz","publisher":{"@id":"https:\/\/www.alhen.com.pl\/#organization"},"potentialAction":[{"@type":"SearchAction","target":{"@type":"EntryPoint","urlTemplate":"https:\/\/www.alhen.com.pl\/?s={search_term_string}"},"query-input":{"@type":"PropertyValueSpecification","valueRequired":true,"valueName":"search_term_string"}}],"inLanguage":"en-GB"},{"@type":"Organization","@id":"https:\/\/www.alhen.com.pl\/#organization","name":"ALHEN Artszk\u0142o Sp. z o.o.","url":"https:\/\/www.alhen.com.pl\/","logo":{"@type":"ImageObject","inLanguage":"en-GB","@id":"https:\/\/www.alhen.com.pl\/#\/schema\/logo\/image\/","url":"https:\/\/i0.wp.com\/www.alhen.com.pl\/wp-content\/uploads\/2018\/03\/logo-alhen.png?fit=298%2C35&ssl=1","contentUrl":"https:\/\/i0.wp.com\/www.alhen.com.pl\/wp-content\/uploads\/2018\/03\/logo-alhen.png?fit=298%2C35&ssl=1","width":298,"height":35,"caption":"ALHEN Artszk\u0142o Sp. z o.o."},"image":{"@id":"https:\/\/www.alhen.com.pl\/#\/schema\/logo\/image\/"},"sameAs":["https:\/\/www.facebook.com\/alhenartszklo\/","https:\/\/x.com\/alhenartszklo","https:\/\/instagram.com\/alhen_artszklo\/"]}]}},"jetpack_sharing_enabled":true,"jetpack_shortlink":"https:\/\/wp.me\/P9LGPL-cX","jetpack_likes_enabled":true,"jetpack-related-posts":[],"_links":{"self":[{"href":"https:\/\/www.alhen.com.pl\/en\/wp-json\/wp\/v2\/pages\/803","targetHints":{"allow":["GET"]}}],"collection":[{"href":"https:\/\/www.alhen.com.pl\/en\/wp-json\/wp\/v2\/pages"}],"about":[{"href":"https:\/\/www.alhen.com.pl\/en\/wp-json\/wp\/v2\/types\/page"}],"author":[{"embeddable":true,"href":"https:\/\/www.alhen.com.pl\/en\/wp-json\/wp\/v2\/users\/1"}],"replies":[{"embeddable":true,"href":"https:\/\/www.alhen.com.pl\/en\/wp-json\/wp\/v2\/comments?post=803"}],"version-history":[{"count":20,"href":"https:\/\/www.alhen.com.pl\/en\/wp-json\/wp\/v2\/pages\/803\/revisions"}],"predecessor-version":[{"id":1632,"href":"https:\/\/www.alhen.com.pl\/en\/wp-json\/wp\/v2\/pages\/803\/revisions\/1632"}],"up":[{"embeddable":true,"href":"https:\/\/www.alhen.com.pl\/en\/wp-json\/wp\/v2\/pages\/40"}],"wp:attachment":[{"href":"https:\/\/www.alhen.com.pl\/en\/wp-json\/wp\/v2\/media?parent=803"}],"curies":[{"name":"wp","href":"https:\/\/api.w.org\/{rel}","templated":true}]}}