{"id":799,"date":"2025-01-11T17:56:57","date_gmt":"2025-01-11T16:56:57","guid":{"rendered":"https:\/\/www.alhen.com.pl\/?page_id=799"},"modified":"2025-02-27T03:11:03","modified_gmt":"2025-02-27T02:11:03","slug":"obrobka-szkla-cms","status":"publish","type":"page","link":"https:\/\/www.alhen.com.pl\/en\/oferta\/obrobka-szkla-cms\/","title":{"rendered":"Glass Processing with CNC Technology"},"content":{"rendered":"<p class=\"translation-block\"><strong>CMS<\/strong> technology enables drilling, countersinking, milling, and scoring of monolithic, laminated, and low-emissivity glass.<\/p>\n\n\n\n<p>CMS Machine: <\/p>\n\n\n\n<ul class=\"wp-block-list\"><li>it enables the processing of rectangular glass sheets as well as those with other shapes (one side with a right angle is required) <\/li><li>it is equipped with two coaxial opposing spindles and a tool cooling system using internal and external water, which enables higher quality finishing and processing <\/li><li>including 13+6 tool magazines, controlled rotary tools ensure the fastest possible tool change <\/li><\/ul>\n\n\n\n<p class=\"translation-block\"><strong>Advantages<\/strong> of CMS cutting:<\/p>\n\n\n\n<ul class=\"wp-block-list\"><li class=\"translation-block\">very high level of <strong>precision<\/strong> (with an accuracy of 0.1mm)<\/li><li class=\"translation-block\">relatively <strong>high speed<\/strong> while maintaining <strong>high quality<\/strong><\/li><li>mo\u017cliwo\u015b\u0107 wycinania <strong>r\u00f3\u017cnorodnych kszta\u0142t\u00f3w <\/strong>z pewnymi ograniczeniami<\/li><li>no risk of heat-affected zones or deformations<\/li><li>praca ze <strong>szk\u0142em i lustrem<\/strong> grubo\u015bci <strong>od 4 mm do 15 mm <\/strong><\/li><li class=\"translation-block\">the ability to cut <strong>both large and small sheets of varying thicknesses<\/strong><\/li><li>mo\u017cliwo\u015b\u0107 <strong>maksymalnego wykorzystania tafli<\/strong> (utrata ok. 2-6 mm na ka\u017cdej kraw\u0119dzi) <\/li><li><strong><strong>no material stress<\/strong><\/strong><\/li><li><strong><strong>clean cutting<\/strong><\/strong><\/li><li class=\"translation-block\"><strong>versatility<\/strong> of application.<\/li><\/ul>\n\n\n\n<p class=\"translation-block\">CMS cutting is characterised by the processing of <strong>external edges<\/strong> as well as <strong>internal edges<\/strong> with a <strong>frosted and polished finish<\/strong>.<\/p>\n\n\n\n<div class=\"wp-block-image\"><figure class=\"aligncenter is-resized\"><img data-recalc-dims=\"1\" decoding=\"async\" data-attachment-id=\"801\" data-permalink=\"https:\/\/www.alhen.com.pl\/en\/oferta\/obrobka-szkla-cms\/cms-zdjecie\/\" data-orig-file=\"https:\/\/i0.wp.com\/www.alhen.com.pl\/wp-content\/uploads\/2025\/01\/CMS-zdj%C4%99cie.jpg?fit=605%2C379&amp;ssl=1\" data-orig-size=\"605,379\" data-comments-opened=\"1\" data-image-meta=\"{&quot;aperture&quot;:&quot;0&quot;,&quot;credit&quot;:&quot;&quot;,&quot;camera&quot;:&quot;&quot;,&quot;caption&quot;:&quot;&quot;,&quot;created_timestamp&quot;:&quot;0&quot;,&quot;copyright&quot;:&quot;&quot;,&quot;focal_length&quot;:&quot;0&quot;,&quot;iso&quot;:&quot;0&quot;,&quot;shutter_speed&quot;:&quot;0&quot;,&quot;title&quot;:&quot;&quot;,&quot;orientation&quot;:&quot;0&quot;}\" data-image-title=\"CMS zdj\u0119cie\" data-image-description=\"\" data-image-caption=\"\" data-medium-file=\"https:\/\/i0.wp.com\/www.alhen.com.pl\/wp-content\/uploads\/2025\/01\/CMS-zdj%C4%99cie.jpg?fit=300%2C188&amp;ssl=1\" data-large-file=\"https:\/\/i0.wp.com\/www.alhen.com.pl\/wp-content\/uploads\/2025\/01\/CMS-zdj%C4%99cie.jpg?fit=605%2C379&amp;ssl=1\" data-src=\"https:\/\/i0.wp.com\/www.alhen.com.pl\/wp-content\/uploads\/2025\/01\/CMS-zdj%C4%99cie.jpg?resize=605%2C379&#038;ssl=1\" alt=\"\" class=\"wp-image-801 lazyload\" width=\"605\" height=\"379\" data-srcset=\"https:\/\/i0.wp.com\/www.alhen.com.pl\/wp-content\/uploads\/2025\/01\/CMS-zdj%C4%99cie.jpg?w=605&amp;ssl=1 605w, https:\/\/i0.wp.com\/www.alhen.com.pl\/wp-content\/uploads\/2025\/01\/CMS-zdj%C4%99cie.jpg?resize=300%2C188&amp;ssl=1 300w\" data-sizes=\"(max-width: 605px) 100vw, 605px\" src=\"data:image\/svg+xml;base64,PHN2ZyB3aWR0aD0iMSIgaGVpZ2h0PSIxIiB4bWxucz0iaHR0cDovL3d3dy53My5vcmcvMjAwMC9zdmciPjwvc3ZnPg==\" style=\"--smush-placeholder-width: 605px; --smush-placeholder-aspect-ratio: 605\/379;\" \/><\/figure><\/div>\n\n\n\n<p>CMS cutting allows for cutting with very high precision: <\/p>\n\n\n\n<ul class=\"wp-block-list\"><li class=\"translation-block\">various <strong>shapes along the outline<\/strong>,<\/li><li class=\"translation-block\"><strong>openings<\/strong> of various shapes and sizes, from micro to large<\/li><li><strong><strong>cuts<\/strong> and <\/strong><\/li><li><strong><strong>notches<\/strong><\/strong>. <\/li><\/ul>\n\n\n\n<p>Are you interested?<\/p>\n\n\n\n<p>Contact us:<\/p>\n\n\n\n<p class=\"translation-block\">Contact person: <strong>\u0141ukasz Wawrzyniak<br><\/strong>Phone: <strong>601 761 023<br><\/strong>Email: <a href=\"mailto:alhen@alhen.com.pl\" target=\"_self\">alhen@alhen.com.pl<\/a><\/p>\n<!-- AddThis Advanced Settings generic via filter on the_content --><!-- AddThis Share Buttons generic via filter on the_content -->","protected":false},"excerpt":{"rendered":"<p>Technologia CMS pozwala na wiercenie, pog\u0142\u0119bianie, frezowanie i nacinanie szk\u0142a monolitycznego, laminowanego i niskoemisyjnego. Maszyna CMS: umo\u017cliwia obr\u00f3bk\u0119 tafli szk\u0142a prostok\u0105tnego, jak i posiadaj\u0105cego inny kszta\u0142t (wymagana jest jedna strona z k\u0105tem prostym) jest wyposa\u017cona w dwa wsp\u00f3\u0142osiowe przeciwstawne elektrowrzeciona oraz system ch\u0142odzenia narz\u0119dzi wod\u0105 wewn\u0119trzn\u0105 i zewn\u0119trzn\u0105, co umo\u017cliwia wy\u017csz\u0105 jako\u015b\u0107 wyko\u0144czenia i obr\u00f3bki<\/p>\n<div><a class=\"btn-filled btn\" href=\"https:\/\/www.alhen.com.pl\/en\/oferta\/obrobka-szkla-cms\/\" title=\"Glass Processing with CNC Technology\">Read More<\/a><\/div>\n<p><!-- AddThis Advanced Settings generic via filter on get_the_excerpt --><!-- AddThis Share Buttons generic via filter on get_the_excerpt --><\/p>","protected":false},"author":1,"featured_media":0,"parent":40,"menu_order":0,"comment_status":"closed","ping_status":"closed","template":"page-templates\/sidebar-right.php","meta":{"inline_featured_image":false,"jetpack_post_was_ever_published":false,"footnotes":""},"class_list":["post-799","page","type-page","status-publish","hentry"],"yoast_head":"<!-- This site is optimized with the Yoast SEO plugin v27.1.1 - https:\/\/yoast.com\/product\/yoast-seo-wordpress\/ -->\n<title>Obr\u00f3bka szk\u0142a CMS - Alhen Artszk\u0142o<\/title>\n<meta name=\"robots\" content=\"index, follow, max-snippet:-1, max-image-preview:large, max-video-preview:-1\" \/>\n<link rel=\"canonical\" href=\"https:\/\/www.alhen.com.pl\/en\/oferta\/obrobka-szkla-cms\/\" \/>\n<meta property=\"og:locale\" content=\"en_GB\" \/>\n<meta property=\"og:type\" content=\"article\" \/>\n<meta property=\"og:title\" content=\"Obr\u00f3bka szk\u0142a CMS - Alhen Artszk\u0142o\" \/>\n<meta property=\"og:description\" content=\"Technologia CMS pozwala na wiercenie, pog\u0142\u0119bianie, frezowanie i nacinanie szk\u0142a monolitycznego, laminowanego i niskoemisyjnego. Maszyna CMS: umo\u017cliwia obr\u00f3bk\u0119 tafli szk\u0142a prostok\u0105tnego, jak i posiadaj\u0105cego inny kszta\u0142t (wymagana jest jedna strona z k\u0105tem prostym) jest wyposa\u017cona w dwa wsp\u00f3\u0142osiowe przeciwstawne elektrowrzeciona oraz system ch\u0142odzenia narz\u0119dzi wod\u0105 wewn\u0119trzn\u0105 i zewn\u0119trzn\u0105, co umo\u017cliwia wy\u017csz\u0105 jako\u015b\u0107 wyko\u0144czenia i obr\u00f3bkiRead More\" \/>\n<meta property=\"og:url\" content=\"https:\/\/www.alhen.com.pl\/en\/oferta\/obrobka-szkla-cms\/\" \/>\n<meta property=\"og:site_name\" content=\"Alhen Artszk\u0142o\" \/>\n<meta property=\"article:publisher\" content=\"https:\/\/www.facebook.com\/alhenartszklo\/\" \/>\n<meta property=\"article:modified_time\" content=\"2025-02-27T02:11:03+00:00\" \/>\n<meta name=\"twitter:card\" content=\"summary_large_image\" \/>\n<meta name=\"twitter:site\" content=\"@alhenartszklo\" \/>\n<meta name=\"twitter:label1\" content=\"Estimated reading time\" \/>\n\t<meta name=\"twitter:data1\" content=\"1 minute\" \/>\n<script type=\"application\/ld+json\" class=\"yoast-schema-graph\">{\"@context\":\"https:\/\/schema.org\",\"@graph\":[{\"@type\":\"WebPage\",\"@id\":\"https:\/\/www.alhen.com.pl\/oferta\/obrobka-szkla-cms\/\",\"url\":\"https:\/\/www.alhen.com.pl\/oferta\/obrobka-szkla-cms\/\",\"name\":\"Obr\u00f3bka szk\u0142a CMS - Alhen Artszk\u0142o\",\"isPartOf\":{\"@id\":\"https:\/\/www.alhen.com.pl\/#website\"},\"datePublished\":\"2025-01-11T16:56:57+00:00\",\"dateModified\":\"2025-02-27T02:11:03+00:00\",\"breadcrumb\":{\"@id\":\"https:\/\/www.alhen.com.pl\/oferta\/obrobka-szkla-cms\/#breadcrumb\"},\"inLanguage\":\"en-GB\",\"potentialAction\":[{\"@type\":\"ReadAction\",\"target\":[\"https:\/\/www.alhen.com.pl\/oferta\/obrobka-szkla-cms\/\"]}]},{\"@type\":\"BreadcrumbList\",\"@id\":\"https:\/\/www.alhen.com.pl\/oferta\/obrobka-szkla-cms\/#breadcrumb\",\"itemListElement\":[{\"@type\":\"ListItem\",\"position\":1,\"name\":\"Strona g\u0142\u00f3wna\",\"item\":\"https:\/\/www.alhen.com.pl\/\"},{\"@type\":\"ListItem\",\"position\":2,\"name\":\"Oferta\",\"item\":\"https:\/\/www.alhen.com.pl\/oferta\/\"},{\"@type\":\"ListItem\",\"position\":3,\"name\":\"Obr\u00f3bka szk\u0142a CMS\"}]},{\"@type\":\"WebSite\",\"@id\":\"https:\/\/www.alhen.com.pl\/#website\",\"url\":\"https:\/\/www.alhen.com.pl\/\",\"name\":\"Alhen Artszk\u0142o\",\"description\":\"Szk\u0142o w architekturze wn\u0119trz\",\"publisher\":{\"@id\":\"https:\/\/www.alhen.com.pl\/#organization\"},\"potentialAction\":[{\"@type\":\"SearchAction\",\"target\":{\"@type\":\"EntryPoint\",\"urlTemplate\":\"https:\/\/www.alhen.com.pl\/?s={search_term_string}\"},\"query-input\":{\"@type\":\"PropertyValueSpecification\",\"valueRequired\":true,\"valueName\":\"search_term_string\"}}],\"inLanguage\":\"en-GB\"},{\"@type\":\"Organization\",\"@id\":\"https:\/\/www.alhen.com.pl\/#organization\",\"name\":\"ALHEN Artszk\u0142o Sp. z o.o.\",\"url\":\"https:\/\/www.alhen.com.pl\/\",\"logo\":{\"@type\":\"ImageObject\",\"inLanguage\":\"en-GB\",\"@id\":\"https:\/\/www.alhen.com.pl\/#\/schema\/logo\/image\/\",\"url\":\"https:\/\/i0.wp.com\/www.alhen.com.pl\/wp-content\/uploads\/2018\/03\/logo-alhen.png?fit=298%2C35&ssl=1\",\"contentUrl\":\"https:\/\/i0.wp.com\/www.alhen.com.pl\/wp-content\/uploads\/2018\/03\/logo-alhen.png?fit=298%2C35&ssl=1\",\"width\":298,\"height\":35,\"caption\":\"ALHEN Artszk\u0142o Sp. z o.o.\"},\"image\":{\"@id\":\"https:\/\/www.alhen.com.pl\/#\/schema\/logo\/image\/\"},\"sameAs\":[\"https:\/\/www.facebook.com\/alhenartszklo\/\",\"https:\/\/x.com\/alhenartszklo\",\"https:\/\/instagram.com\/alhen_artszklo\/\"]}]}<\/script>\n<!-- \/ Yoast SEO plugin. -->","yoast_head_json":{"title":"Obr\u00f3bka szk\u0142a CMS - Alhen Artszk\u0142o","robots":{"index":"index","follow":"follow","max-snippet":"max-snippet:-1","max-image-preview":"max-image-preview:large","max-video-preview":"max-video-preview:-1"},"canonical":"https:\/\/www.alhen.com.pl\/en\/oferta\/obrobka-szkla-cms\/","og_locale":"en_GB","og_type":"article","og_title":"Obr\u00f3bka szk\u0142a CMS - Alhen Artszk\u0142o","og_description":"Technologia CMS pozwala na wiercenie, pog\u0142\u0119bianie, frezowanie i nacinanie szk\u0142a monolitycznego, laminowanego i niskoemisyjnego. Maszyna CMS: umo\u017cliwia obr\u00f3bk\u0119 tafli szk\u0142a prostok\u0105tnego, jak i posiadaj\u0105cego inny kszta\u0142t (wymagana jest jedna strona z k\u0105tem prostym) jest wyposa\u017cona w dwa wsp\u00f3\u0142osiowe przeciwstawne elektrowrzeciona oraz system ch\u0142odzenia narz\u0119dzi wod\u0105 wewn\u0119trzn\u0105 i zewn\u0119trzn\u0105, co umo\u017cliwia wy\u017csz\u0105 jako\u015b\u0107 wyko\u0144czenia i obr\u00f3bkiRead More","og_url":"https:\/\/www.alhen.com.pl\/en\/oferta\/obrobka-szkla-cms\/","og_site_name":"Alhen Artszk\u0142o","article_publisher":"https:\/\/www.facebook.com\/alhenartszklo\/","article_modified_time":"2025-02-27T02:11:03+00:00","twitter_card":"summary_large_image","twitter_site":"@alhenartszklo","twitter_misc":{"Estimated reading time":"1 minute"},"schema":{"@context":"https:\/\/schema.org","@graph":[{"@type":"WebPage","@id":"https:\/\/www.alhen.com.pl\/oferta\/obrobka-szkla-cms\/","url":"https:\/\/www.alhen.com.pl\/oferta\/obrobka-szkla-cms\/","name":"Obr\u00f3bka szk\u0142a CMS - Alhen Artszk\u0142o","isPartOf":{"@id":"https:\/\/www.alhen.com.pl\/#website"},"datePublished":"2025-01-11T16:56:57+00:00","dateModified":"2025-02-27T02:11:03+00:00","breadcrumb":{"@id":"https:\/\/www.alhen.com.pl\/oferta\/obrobka-szkla-cms\/#breadcrumb"},"inLanguage":"en-GB","potentialAction":[{"@type":"ReadAction","target":["https:\/\/www.alhen.com.pl\/oferta\/obrobka-szkla-cms\/"]}]},{"@type":"BreadcrumbList","@id":"https:\/\/www.alhen.com.pl\/oferta\/obrobka-szkla-cms\/#breadcrumb","itemListElement":[{"@type":"ListItem","position":1,"name":"Strona g\u0142\u00f3wna","item":"https:\/\/www.alhen.com.pl\/"},{"@type":"ListItem","position":2,"name":"Oferta","item":"https:\/\/www.alhen.com.pl\/oferta\/"},{"@type":"ListItem","position":3,"name":"Obr\u00f3bka szk\u0142a CMS"}]},{"@type":"WebSite","@id":"https:\/\/www.alhen.com.pl\/#website","url":"https:\/\/www.alhen.com.pl\/","name":"Alhen Artszk\u0142o","description":"Szk\u0142o w architekturze wn\u0119trz","publisher":{"@id":"https:\/\/www.alhen.com.pl\/#organization"},"potentialAction":[{"@type":"SearchAction","target":{"@type":"EntryPoint","urlTemplate":"https:\/\/www.alhen.com.pl\/?s={search_term_string}"},"query-input":{"@type":"PropertyValueSpecification","valueRequired":true,"valueName":"search_term_string"}}],"inLanguage":"en-GB"},{"@type":"Organization","@id":"https:\/\/www.alhen.com.pl\/#organization","name":"ALHEN Artszk\u0142o Sp. z o.o.","url":"https:\/\/www.alhen.com.pl\/","logo":{"@type":"ImageObject","inLanguage":"en-GB","@id":"https:\/\/www.alhen.com.pl\/#\/schema\/logo\/image\/","url":"https:\/\/i0.wp.com\/www.alhen.com.pl\/wp-content\/uploads\/2018\/03\/logo-alhen.png?fit=298%2C35&ssl=1","contentUrl":"https:\/\/i0.wp.com\/www.alhen.com.pl\/wp-content\/uploads\/2018\/03\/logo-alhen.png?fit=298%2C35&ssl=1","width":298,"height":35,"caption":"ALHEN Artszk\u0142o Sp. z o.o."},"image":{"@id":"https:\/\/www.alhen.com.pl\/#\/schema\/logo\/image\/"},"sameAs":["https:\/\/www.facebook.com\/alhenartszklo\/","https:\/\/x.com\/alhenartszklo","https:\/\/instagram.com\/alhen_artszklo\/"]}]}},"jetpack_sharing_enabled":true,"jetpack_shortlink":"https:\/\/wp.me\/P9LGPL-cT","jetpack_likes_enabled":true,"jetpack-related-posts":[{"id":42,"url":"https:\/\/www.alhen.com.pl\/en\/oferta\/obrobka-szkla-i-luster\/","url_meta":{"origin":799,"position":0},"title":"Glass and mirror processing","author":"ALHEN Artszk\u0142o","date":"21 March 2018","format":false,"excerpt":"Wykonujemy obr\u00f3bk\u0119* szk\u0142a i luster poprzez szlifowanie, polerowanie oraz ukosowanie pod k\u0105tem z materia\u0142u w\u0142asnego jak i \u00a0powierzonego przez klienta. Szlifowanie kraw\u0119dzi polega na maszynowym wyg\u0142adzeniu ostrych kraw\u0119dzi i mikro nier\u00f3wno\u015bci powsta\u0142ych podczas jego krojenia. Proces ten pozwala na eliminacj\u0119 jakichkolwiek nier\u00f3wno\u015bci, ostro\u015bci oraz mikrop\u0119kni\u0119\u0107 nadaj\u0105c szk\u0142u nast\u0119puj\u0105ce cechy: bezpiecze\u0144stwo\u2026","rel":"","context":"Similar post","block_context":{"text":"Similar post","link":""},"img":{"alt_text":"","src":"https:\/\/i0.wp.com\/www.alhen.com.pl\/wp-content\/uploads\/2018\/04\/obrobka-szkla.jpg?resize=350%2C200","width":350,"height":200,"srcset":"https:\/\/i0.wp.com\/www.alhen.com.pl\/wp-content\/uploads\/2018\/04\/obrobka-szkla.jpg?resize=350%2C200 1x, https:\/\/i0.wp.com\/www.alhen.com.pl\/wp-content\/uploads\/2018\/04\/obrobka-szkla.jpg?resize=525%2C300 1.5x, https:\/\/i0.wp.com\/www.alhen.com.pl\/wp-content\/uploads\/2018\/04\/obrobka-szkla.jpg?resize=700%2C400 2x"},"classes":[]},{"id":803,"url":"https:\/\/www.alhen.com.pl\/en\/oferta\/fazowanie-szkla\/","url_meta":{"origin":799,"position":1},"title":"Glass Bevelling","author":"ALHEN Artszk\u0142o","date":"11 January 2025","format":false,"excerpt":"Fazowanie polega na ozdobnej obr\u00f3bce kraw\u0119dzi szk\u0142a i luster poprzez nadanie sko\u015bnego, wyprofilowanego brzegu. Podczas tego procesu nast\u0119puje za\u0142amanie si\u0119 szk\u0142a\/ lustra co powoduje otrzymanie unikalnego efektu. Parametry techniczne: k\u0105t nachylenia: 45-88 stopni szeroko\u015b\u0107 fazy: od 5 mm do 48 mm grubo\u015b\u0107 szk\u0142a: od 4 mm do 19 mm Istnieje\u2026","rel":"","context":"Similar post","block_context":{"text":"Similar post","link":""},"img":{"alt_text":"","src":"https:\/\/i0.wp.com\/www.alhen.com.pl\/wp-content\/uploads\/2025\/01\/IMG_7346.jpg?resize=350%2C200&ssl=1","width":350,"height":200,"srcset":"https:\/\/i0.wp.com\/www.alhen.com.pl\/wp-content\/uploads\/2025\/01\/IMG_7346.jpg?resize=350%2C200&ssl=1 1x, https:\/\/i0.wp.com\/www.alhen.com.pl\/wp-content\/uploads\/2025\/01\/IMG_7346.jpg?resize=525%2C300&ssl=1 1.5x, https:\/\/i0.wp.com\/www.alhen.com.pl\/wp-content\/uploads\/2025\/01\/IMG_7346.jpg?resize=700%2C400&ssl=1 2x, https:\/\/i0.wp.com\/www.alhen.com.pl\/wp-content\/uploads\/2025\/01\/IMG_7346.jpg?resize=1050%2C600&ssl=1 3x"},"classes":[]},{"id":834,"url":"https:\/\/www.alhen.com.pl\/en\/oferta\/szklo-hartowane\/","url_meta":{"origin":799,"position":2},"title":"Tempered Glass","author":"ALHEN Artszk\u0142o","date":"11 January 2025","format":false,"excerpt":"Hartowanie szk\u0142a jest zaawansowanym technologicznie procesem zwi\u0119kszaj\u0105cym bezpiecze\u0144stwo i wytrzyma\u0142o\u015b\u0107 szk\u0142a. Proces hartowania sk\u0142ada si\u0119 z 3 etap\u00f3w: nagrzanie szk\u0142a powy\u017cej 600 stopni ( w zale\u017cno\u015bci od grubo\u015bci szk\u0142a) gwa\u0142townego sch\u0142odzenia szk\u0142a wcze\u015bniej podgrzanego kontrolowania spr\u0119\u017cania powierzchni. Zalety szk\u0142a hartowanego: zwi\u0119kszenie odporno\u015bci szk\u0142abezpiecze\u0144stwotrwa\u0142o\u015b\u0107 minimalne ryzyko skaleczeniaw przypadku zbicia rozbija si\u0119\u2026","rel":"","context":"Similar post","block_context":{"text":"Similar post","link":""},"img":{"alt_text":"","src":"https:\/\/i0.wp.com\/www.alhen.com.pl\/wp-content\/uploads\/2018\/04\/IMG_1199-e1736701333649.jpg?resize=350%2C200","width":350,"height":200,"srcset":"https:\/\/i0.wp.com\/www.alhen.com.pl\/wp-content\/uploads\/2018\/04\/IMG_1199-e1736701333649.jpg?resize=350%2C200 1x, https:\/\/i0.wp.com\/www.alhen.com.pl\/wp-content\/uploads\/2018\/04\/IMG_1199-e1736701333649.jpg?resize=525%2C300 1.5x, https:\/\/i0.wp.com\/www.alhen.com.pl\/wp-content\/uploads\/2018\/04\/IMG_1199-e1736701333649.jpg?resize=700%2C400 2x"},"classes":[]},{"id":143,"url":"https:\/\/www.alhen.com.pl\/en\/oferta\/fusing\/","url_meta":{"origin":799,"position":3},"title":"Fusing","author":"ALHEN Artszk\u0142o","date":"15 April 2018","format":false,"excerpt":"Od p\u00f3\u017anych lat 90'tych coraz bardziej znana i popularna w kr\u0119gach artystycznych stawa\u0142a si\u0119 technika wykonywania prac ze szk\u0142a nazywana fusingiem (ang. 'to fuse' czyli 'wtapia\u0107 si\u0119') zwana inaczej 'stapianiem szk\u0142a'. Metoda ta pozwala artystom i architektom na zupe\u0142nie nowe mo\u017cliwo\u015bci wyrazowe. Fusing polega na stapianiu uprzednio przygotowanych szkie\u0142 w\u2026","rel":"","context":"Similar post","block_context":{"text":"Similar post","link":""},"img":{"alt_text":"","src":"https:\/\/i0.wp.com\/www.alhen.com.pl\/wp-content\/uploads\/2018\/04\/fusing-001.jpg?resize=350%2C200","width":350,"height":200,"srcset":"https:\/\/i0.wp.com\/www.alhen.com.pl\/wp-content\/uploads\/2018\/04\/fusing-001.jpg?resize=350%2C200 1x, https:\/\/i0.wp.com\/www.alhen.com.pl\/wp-content\/uploads\/2018\/04\/fusing-001.jpg?resize=525%2C300 1.5x, https:\/\/i0.wp.com\/www.alhen.com.pl\/wp-content\/uploads\/2018\/04\/fusing-001.jpg?resize=700%2C400 2x"},"classes":[]},{"id":53,"url":"https:\/\/www.alhen.com.pl\/en\/oferta\/laminowanie-szkla\/","url_meta":{"origin":799,"position":4},"title":"Glass lamination","author":"ALHEN Artszk\u0142o","date":"21 March 2018","format":false,"excerpt":"Dzi\u0119ki zastosowaniu technologii laminowania szk\u0142a otrzymujemy wyr\u00f3b sk\u0142adaj\u0105cy si\u0119 z dw\u00f3ch lub kliku tafli szk\u0142a, szk\u0142a z lustrem lub lustra z lustrem po\u0142\u0105czonych ze sob\u0105 za pomoc\u0105 folii EVA. Zastosowanie folii nowej generacji pozwala na zachowanie bezpiecze\u0144stwa, poniewa\u017c w przypadku st\u0142uczenia szk\u0142o pozostaje \u2018przyklejone\u2019 do folii, a jego od\u0142amki nie\u2026","rel":"","context":"Similar post","block_context":{"text":"Similar post","link":""},"img":{"alt_text":"","src":"https:\/\/i0.wp.com\/www.alhen.com.pl\/wp-content\/uploads\/2018\/04\/laminowanie.jpg?resize=350%2C200","width":350,"height":200,"srcset":"https:\/\/i0.wp.com\/www.alhen.com.pl\/wp-content\/uploads\/2018\/04\/laminowanie.jpg?resize=350%2C200 1x, https:\/\/i0.wp.com\/www.alhen.com.pl\/wp-content\/uploads\/2018\/04\/laminowanie.jpg?resize=525%2C300 1.5x, https:\/\/i0.wp.com\/www.alhen.com.pl\/wp-content\/uploads\/2018\/04\/laminowanie.jpg?resize=700%2C400 2x"},"classes":[]},{"id":40,"url":"https:\/\/www.alhen.com.pl\/en\/oferta\/","url_meta":{"origin":799,"position":5},"title":"Offers","author":"ALHEN Artszk\u0142o","date":"21 March 2018","format":false,"excerpt":"\u015awiadczymy us\u0142ugi dla: klient\u00f3w indywidualnych klient\u00f3w biznesowych. Do szerokiej gamy naszych produkt\u00f3w i us\u0142ug zaliczamy m.in.: Szk\u0142a i lustra: szk\u0142o typu Float od 3 do 19 mm szk\u0142o typu 'Optiwhite' od 4 do 19 mm szk\u0142o laminowane szk\u0142o hartowane szk\u0142o ornamentowe typu: Flutes, Estriado, Visiosun, Kathedral itd. lustra srebrne lustra\u2026","rel":"","context":"Similar post","block_context":{"text":"Similar post","link":""},"img":{"alt_text":"","src":"","width":0,"height":0},"classes":[]}],"_links":{"self":[{"href":"https:\/\/www.alhen.com.pl\/en\/wp-json\/wp\/v2\/pages\/799","targetHints":{"allow":["GET"]}}],"collection":[{"href":"https:\/\/www.alhen.com.pl\/en\/wp-json\/wp\/v2\/pages"}],"about":[{"href":"https:\/\/www.alhen.com.pl\/en\/wp-json\/wp\/v2\/types\/page"}],"author":[{"embeddable":true,"href":"https:\/\/www.alhen.com.pl\/en\/wp-json\/wp\/v2\/users\/1"}],"replies":[{"embeddable":true,"href":"https:\/\/www.alhen.com.pl\/en\/wp-json\/wp\/v2\/comments?post=799"}],"version-history":[{"count":11,"href":"https:\/\/www.alhen.com.pl\/en\/wp-json\/wp\/v2\/pages\/799\/revisions"}],"predecessor-version":[{"id":1565,"href":"https:\/\/www.alhen.com.pl\/en\/wp-json\/wp\/v2\/pages\/799\/revisions\/1565"}],"up":[{"embeddable":true,"href":"https:\/\/www.alhen.com.pl\/en\/wp-json\/wp\/v2\/pages\/40"}],"wp:attachment":[{"href":"https:\/\/www.alhen.com.pl\/en\/wp-json\/wp\/v2\/media?parent=799"}],"curies":[{"name":"wp","href":"https:\/\/api.w.org\/{rel}","templated":true}]}}