{"id":727,"date":"2025-01-11T17:57:55","date_gmt":"2025-01-11T16:57:55","guid":{"rendered":"https:\/\/www.alhen.com.pl\/?page_id=727"},"modified":"2025-02-27T03:11:14","modified_gmt":"2025-02-27T02:11:14","slug":"sprzedaz-szkla-i-luster","status":"publish","type":"page","link":"https:\/\/www.alhen.com.pl\/en\/oferta\/sprzedaz-szkla-i-luster\/","title":{"rendered":"Sale of glass and mirrors"},"content":{"rendered":"<p>We offer professional mirror glass tailored to your needs, characterised by high quality and a variety of renowned brands such as: <strong>AGC and Pilkington.&nbsp;<\/strong><\/p>\n<p>In our offer and in stock, we have a full range of glass and mirrors, including:<\/p>\n<p><strong>GLASS:&nbsp;<\/strong><\/p>\n<ul>\n<li class=\"translation-block\"><strong>Float <\/strong>glass in thicknesses: 3, 4, 5, 6, 8, 10, 12, 15, 19 mm<\/li>\n<li class=\"translation-block\"><strong>Optiwhite<\/strong> glass in thicknesses: 4, 5, 6, 8, 10, 12, 15, 19 mm<\/li>\n<li class=\"translation-block\"><strong> Laminated<\/strong> glass in thicknesses from 2.2 to 12.8 mm<\/li>\n<li class=\"translation-block\"><strong>Frosted laminated<\/strong> glass in thicknesses from 2.2 to 10.4 mm<\/li>\n<li class=\"translation-block\"><strong>Antisol<\/strong> glass in colors: brown, graphite, green, and dark blue<\/li>\n<li class=\"translation-block\"><strong>Optiview<\/strong> glass<\/li>\n<li class=\"translation-block\"><strong>Satin<\/strong> glass<\/li>\n<li class=\"translation-block\"><strong>Extra white satin<\/strong> glass<\/li>\n<li class=\"translation-block\"><strong>Satin<\/strong> glass in colors: <strong>brown, graphite, blue<\/strong><\/li>\n<li class=\"translation-block\"><strong>Lacobel<\/strong> glass in colors: <strong>white, black, fuchsia, red, yellow<\/strong><\/li>\n<li class=\"translation-block\"><strong>Ornament<\/strong> glass: <strong>Estriado, Flutes, Sandblasted Flutes, Visiosun Classis, Master Care, Kathedral, Altdeutsch<\/strong><\/li>\n<li class=\"translation-block\"><strong>Ornament<\/strong> glass (available for order): Vision, Niagara Clear, Monumental, Waterfall, Sivit, Laliva, Master Ligne, Master Point, Master Soft, Screen, Moru, Satin Moru, and Baldosa Grabada<\/li>\n<\/ul>\n<p><strong>MIRRORS:<\/strong><\/p>\n<ul>\n<li class=\"translation-block\"><strong>Silver mirror AGC<\/strong> in thicknesses: 3, 4, 5, and 6 mm<\/li>\n<li class=\"translation-block\"><strong>Extra white silver mirror<\/strong> <strong>'Clearvision'<\/strong> in thicknesses: 4, 5, and 6 mm<\/li>\n<li class=\"translation-block\"><strong>Colored mirror AGC<\/strong> in colors: <strong>brown, graphite, gold, copper, gold-brown, blue, purple, rainbow,<\/strong> and <strong>others<\/strong><\/li>\n<li><strong><strong>Antique Mirror Morena<\/strong><\/strong><\/li>\n<li><strong><strong>Venetian Mirror<\/strong><\/strong><\/li>\n<\/ul>\n<p><img data-recalc-dims=\"1\" decoding=\"async\" data-attachment-id=\"795\" data-permalink=\"https:\/\/www.alhen.com.pl\/en\/oferta\/sprzedaz-szkla-i-luster\/szklo-i-lustra\/\" data-orig-file=\"https:\/\/i0.wp.com\/www.alhen.com.pl\/wp-content\/uploads\/2025\/01\/Szk%C5%82o-i-lustra.jpg?fit=1024%2C768&amp;ssl=1\" data-orig-size=\"1024,768\" data-comments-opened=\"1\" data-image-meta=\"{&quot;aperture&quot;:&quot;0&quot;,&quot;credit&quot;:&quot;&quot;,&quot;camera&quot;:&quot;&quot;,&quot;caption&quot;:&quot;&quot;,&quot;created_timestamp&quot;:&quot;0&quot;,&quot;copyright&quot;:&quot;&quot;,&quot;focal_length&quot;:&quot;0&quot;,&quot;iso&quot;:&quot;0&quot;,&quot;shutter_speed&quot;:&quot;0&quot;,&quot;title&quot;:&quot;&quot;,&quot;orientation&quot;:&quot;0&quot;}\" data-image-title=\"Szk\u0142o i lustra\" data-image-description=\"\" data-image-caption=\"\" data-medium-file=\"https:\/\/i0.wp.com\/www.alhen.com.pl\/wp-content\/uploads\/2025\/01\/Szk%C5%82o-i-lustra.jpg?fit=300%2C225&amp;ssl=1\" data-large-file=\"https:\/\/i0.wp.com\/www.alhen.com.pl\/wp-content\/uploads\/2025\/01\/Szk%C5%82o-i-lustra.jpg?fit=1024%2C768&amp;ssl=1\" class=\"wp-image-795  aligncenter lazyload\" data-src=\"https:\/\/i0.wp.com\/www.alhen.com.pl\/wp-content\/uploads\/2025\/01\/Szk%C5%82o-i-lustra.jpg?resize=432%2C324&#038;ssl=1\" alt=\"\" width=\"432\" height=\"324\" data-srcset=\"https:\/\/i0.wp.com\/www.alhen.com.pl\/wp-content\/uploads\/2025\/01\/Szk%C5%82o-i-lustra.jpg?resize=300%2C225&amp;ssl=1 300w, https:\/\/i0.wp.com\/www.alhen.com.pl\/wp-content\/uploads\/2025\/01\/Szk%C5%82o-i-lustra.jpg?resize=768%2C576&amp;ssl=1 768w, https:\/\/i0.wp.com\/www.alhen.com.pl\/wp-content\/uploads\/2025\/01\/Szk%C5%82o-i-lustra.jpg?w=1024&amp;ssl=1 1024w\" data-sizes=\"(max-width: 432px) 100vw, 432px\" src=\"data:image\/svg+xml;base64,PHN2ZyB3aWR0aD0iMSIgaGVpZ2h0PSIxIiB4bWxucz0iaHR0cDovL3d3dy53My5vcmcvMjAwMC9zdmciPjwvc3ZnPg==\" style=\"--smush-placeholder-width: 432px; --smush-placeholder-aspect-ratio: 432\/324;\" \/><\/p>\n<!-- AddThis Advanced Settings generic via filter on the_content --><!-- AddThis Share Buttons generic via filter on the_content -->","protected":false},"excerpt":{"rendered":"<p>Oferujemy profesjonalne szk\u0142o lustra dla Twoich potrzeb charakteryzuj\u0105ce si\u0119 wysok\u0105 jako\u015bci\u0105 i r\u00f3\u017cnorodne renomowanych marek takich jak: AGC i Pilkington.&nbsp; W swojej ofercie oraz na stanie posiadamy pe\u0142n\u0105 gam\u0119 szk\u0142a i luster w tym m. in.: SZK\u0141A:&nbsp; Szk\u0142o Float o grubo\u015bciach: 3, 4, 5, 6, 8, 10, 12, 15, 19 mm Szk\u0142o Optiwhite o grubo\u015bciach:<\/p>\n<div><a class=\"btn-filled btn\" href=\"https:\/\/www.alhen.com.pl\/en\/oferta\/sprzedaz-szkla-i-luster\/\" title=\"Sale of glass and mirrors\">Read More<\/a><\/div>\n<p><!-- AddThis Advanced Settings generic via filter on get_the_excerpt --><!-- AddThis Share Buttons generic via filter on get_the_excerpt --><\/p>","protected":false},"author":1,"featured_media":0,"parent":40,"menu_order":0,"comment_status":"closed","ping_status":"closed","template":"page-templates\/sidebar-right.php","meta":{"inline_featured_image":false,"jetpack_post_was_ever_published":false,"footnotes":""},"class_list":["post-727","page","type-page","status-publish","hentry"],"yoast_head":"<!-- This site is optimized with the Yoast SEO plugin v27.1.1 - https:\/\/yoast.com\/product\/yoast-seo-wordpress\/ -->\n<title>Sprzeda\u017c szk\u0142a i luster - Alhen Artszk\u0142o<\/title>\n<meta name=\"robots\" content=\"index, follow, max-snippet:-1, max-image-preview:large, max-video-preview:-1\" \/>\n<link rel=\"canonical\" href=\"https:\/\/www.alhen.com.pl\/en\/oferta\/sprzedaz-szkla-i-luster\/\" \/>\n<meta property=\"og:locale\" content=\"en_GB\" \/>\n<meta property=\"og:type\" content=\"article\" \/>\n<meta property=\"og:title\" content=\"Sprzeda\u017c szk\u0142a i luster - Alhen Artszk\u0142o\" \/>\n<meta property=\"og:description\" content=\"Oferujemy profesjonalne szk\u0142o lustra dla Twoich potrzeb charakteryzuj\u0105ce si\u0119 wysok\u0105 jako\u015bci\u0105 i r\u00f3\u017cnorodne renomowanych marek takich jak: AGC i Pilkington.&nbsp; W swojej ofercie oraz na stanie posiadamy pe\u0142n\u0105 gam\u0119 szk\u0142a i luster w tym m. in.: SZK\u0141A:&nbsp; Szk\u0142o Float o grubo\u015bciach: 3, 4, 5, 6, 8, 10, 12, 15, 19 mm Szk\u0142o Optiwhite o grubo\u015bciach:Read More\" \/>\n<meta property=\"og:url\" content=\"https:\/\/www.alhen.com.pl\/en\/oferta\/sprzedaz-szkla-i-luster\/\" \/>\n<meta property=\"og:site_name\" content=\"Alhen Artszk\u0142o\" \/>\n<meta property=\"article:publisher\" content=\"https:\/\/www.facebook.com\/alhenartszklo\/\" \/>\n<meta property=\"article:modified_time\" content=\"2025-02-27T02:11:14+00:00\" \/>\n<meta name=\"twitter:card\" content=\"summary_large_image\" \/>\n<meta name=\"twitter:site\" content=\"@alhenartszklo\" \/>\n<meta name=\"twitter:label1\" content=\"Estimated reading time\" \/>\n\t<meta name=\"twitter:data1\" content=\"1 minute\" \/>\n<script type=\"application\/ld+json\" class=\"yoast-schema-graph\">{\"@context\":\"https:\/\/schema.org\",\"@graph\":[{\"@type\":\"WebPage\",\"@id\":\"https:\/\/www.alhen.com.pl\/oferta\/sprzedaz-szkla-i-luster\/\",\"url\":\"https:\/\/www.alhen.com.pl\/oferta\/sprzedaz-szkla-i-luster\/\",\"name\":\"Sprzeda\u017c szk\u0142a i luster - Alhen Artszk\u0142o\",\"isPartOf\":{\"@id\":\"https:\/\/www.alhen.com.pl\/#website\"},\"datePublished\":\"2025-01-11T16:57:55+00:00\",\"dateModified\":\"2025-02-27T02:11:14+00:00\",\"breadcrumb\":{\"@id\":\"https:\/\/www.alhen.com.pl\/oferta\/sprzedaz-szkla-i-luster\/#breadcrumb\"},\"inLanguage\":\"en-GB\",\"potentialAction\":[{\"@type\":\"ReadAction\",\"target\":[\"https:\/\/www.alhen.com.pl\/oferta\/sprzedaz-szkla-i-luster\/\"]}]},{\"@type\":\"BreadcrumbList\",\"@id\":\"https:\/\/www.alhen.com.pl\/oferta\/sprzedaz-szkla-i-luster\/#breadcrumb\",\"itemListElement\":[{\"@type\":\"ListItem\",\"position\":1,\"name\":\"Strona g\u0142\u00f3wna\",\"item\":\"https:\/\/www.alhen.com.pl\/\"},{\"@type\":\"ListItem\",\"position\":2,\"name\":\"Oferta\",\"item\":\"https:\/\/www.alhen.com.pl\/oferta\/\"},{\"@type\":\"ListItem\",\"position\":3,\"name\":\"Sprzeda\u017c szk\u0142a i luster\"}]},{\"@type\":\"WebSite\",\"@id\":\"https:\/\/www.alhen.com.pl\/#website\",\"url\":\"https:\/\/www.alhen.com.pl\/\",\"name\":\"Alhen Artszk\u0142o\",\"description\":\"Szk\u0142o w architekturze wn\u0119trz\",\"publisher\":{\"@id\":\"https:\/\/www.alhen.com.pl\/#organization\"},\"potentialAction\":[{\"@type\":\"SearchAction\",\"target\":{\"@type\":\"EntryPoint\",\"urlTemplate\":\"https:\/\/www.alhen.com.pl\/?s={search_term_string}\"},\"query-input\":{\"@type\":\"PropertyValueSpecification\",\"valueRequired\":true,\"valueName\":\"search_term_string\"}}],\"inLanguage\":\"en-GB\"},{\"@type\":\"Organization\",\"@id\":\"https:\/\/www.alhen.com.pl\/#organization\",\"name\":\"ALHEN Artszk\u0142o Sp. z o.o.\",\"url\":\"https:\/\/www.alhen.com.pl\/\",\"logo\":{\"@type\":\"ImageObject\",\"inLanguage\":\"en-GB\",\"@id\":\"https:\/\/www.alhen.com.pl\/#\/schema\/logo\/image\/\",\"url\":\"https:\/\/i0.wp.com\/www.alhen.com.pl\/wp-content\/uploads\/2018\/03\/logo-alhen.png?fit=298%2C35&ssl=1\",\"contentUrl\":\"https:\/\/i0.wp.com\/www.alhen.com.pl\/wp-content\/uploads\/2018\/03\/logo-alhen.png?fit=298%2C35&ssl=1\",\"width\":298,\"height\":35,\"caption\":\"ALHEN Artszk\u0142o Sp. z o.o.\"},\"image\":{\"@id\":\"https:\/\/www.alhen.com.pl\/#\/schema\/logo\/image\/\"},\"sameAs\":[\"https:\/\/www.facebook.com\/alhenartszklo\/\",\"https:\/\/x.com\/alhenartszklo\",\"https:\/\/instagram.com\/alhen_artszklo\/\"]}]}<\/script>\n<!-- \/ Yoast SEO plugin. -->","yoast_head_json":{"title":"Sprzeda\u017c szk\u0142a i luster - Alhen Artszk\u0142o","robots":{"index":"index","follow":"follow","max-snippet":"max-snippet:-1","max-image-preview":"max-image-preview:large","max-video-preview":"max-video-preview:-1"},"canonical":"https:\/\/www.alhen.com.pl\/en\/oferta\/sprzedaz-szkla-i-luster\/","og_locale":"en_GB","og_type":"article","og_title":"Sprzeda\u017c szk\u0142a i luster - Alhen Artszk\u0142o","og_description":"Oferujemy profesjonalne szk\u0142o lustra dla Twoich potrzeb charakteryzuj\u0105ce si\u0119 wysok\u0105 jako\u015bci\u0105 i r\u00f3\u017cnorodne renomowanych marek takich jak: AGC i Pilkington.&nbsp; W swojej ofercie oraz na stanie posiadamy pe\u0142n\u0105 gam\u0119 szk\u0142a i luster w tym m. in.: SZK\u0141A:&nbsp; Szk\u0142o Float o grubo\u015bciach: 3, 4, 5, 6, 8, 10, 12, 15, 19 mm Szk\u0142o Optiwhite o grubo\u015bciach:Read More","og_url":"https:\/\/www.alhen.com.pl\/en\/oferta\/sprzedaz-szkla-i-luster\/","og_site_name":"Alhen Artszk\u0142o","article_publisher":"https:\/\/www.facebook.com\/alhenartszklo\/","article_modified_time":"2025-02-27T02:11:14+00:00","twitter_card":"summary_large_image","twitter_site":"@alhenartszklo","twitter_misc":{"Estimated reading time":"1 minute"},"schema":{"@context":"https:\/\/schema.org","@graph":[{"@type":"WebPage","@id":"https:\/\/www.alhen.com.pl\/oferta\/sprzedaz-szkla-i-luster\/","url":"https:\/\/www.alhen.com.pl\/oferta\/sprzedaz-szkla-i-luster\/","name":"Sprzeda\u017c szk\u0142a i luster - Alhen Artszk\u0142o","isPartOf":{"@id":"https:\/\/www.alhen.com.pl\/#website"},"datePublished":"2025-01-11T16:57:55+00:00","dateModified":"2025-02-27T02:11:14+00:00","breadcrumb":{"@id":"https:\/\/www.alhen.com.pl\/oferta\/sprzedaz-szkla-i-luster\/#breadcrumb"},"inLanguage":"en-GB","potentialAction":[{"@type":"ReadAction","target":["https:\/\/www.alhen.com.pl\/oferta\/sprzedaz-szkla-i-luster\/"]}]},{"@type":"BreadcrumbList","@id":"https:\/\/www.alhen.com.pl\/oferta\/sprzedaz-szkla-i-luster\/#breadcrumb","itemListElement":[{"@type":"ListItem","position":1,"name":"Strona g\u0142\u00f3wna","item":"https:\/\/www.alhen.com.pl\/"},{"@type":"ListItem","position":2,"name":"Oferta","item":"https:\/\/www.alhen.com.pl\/oferta\/"},{"@type":"ListItem","position":3,"name":"Sprzeda\u017c szk\u0142a i luster"}]},{"@type":"WebSite","@id":"https:\/\/www.alhen.com.pl\/#website","url":"https:\/\/www.alhen.com.pl\/","name":"Alhen Artszk\u0142o","description":"Szk\u0142o w architekturze wn\u0119trz","publisher":{"@id":"https:\/\/www.alhen.com.pl\/#organization"},"potentialAction":[{"@type":"SearchAction","target":{"@type":"EntryPoint","urlTemplate":"https:\/\/www.alhen.com.pl\/?s={search_term_string}"},"query-input":{"@type":"PropertyValueSpecification","valueRequired":true,"valueName":"search_term_string"}}],"inLanguage":"en-GB"},{"@type":"Organization","@id":"https:\/\/www.alhen.com.pl\/#organization","name":"ALHEN Artszk\u0142o Sp. z o.o.","url":"https:\/\/www.alhen.com.pl\/","logo":{"@type":"ImageObject","inLanguage":"en-GB","@id":"https:\/\/www.alhen.com.pl\/#\/schema\/logo\/image\/","url":"https:\/\/i0.wp.com\/www.alhen.com.pl\/wp-content\/uploads\/2018\/03\/logo-alhen.png?fit=298%2C35&ssl=1","contentUrl":"https:\/\/i0.wp.com\/www.alhen.com.pl\/wp-content\/uploads\/2018\/03\/logo-alhen.png?fit=298%2C35&ssl=1","width":298,"height":35,"caption":"ALHEN Artszk\u0142o Sp. z o.o."},"image":{"@id":"https:\/\/www.alhen.com.pl\/#\/schema\/logo\/image\/"},"sameAs":["https:\/\/www.facebook.com\/alhenartszklo\/","https:\/\/x.com\/alhenartszklo","https:\/\/instagram.com\/alhen_artszklo\/"]}]}},"jetpack_sharing_enabled":true,"jetpack_shortlink":"https:\/\/wp.me\/P9LGPL-bJ","jetpack_likes_enabled":true,"jetpack-related-posts":[{"id":40,"url":"https:\/\/www.alhen.com.pl\/en\/oferta\/","url_meta":{"origin":727,"position":0},"title":"Offers","author":"ALHEN Artszk\u0142o","date":"21 March 2018","format":false,"excerpt":"\u015awiadczymy us\u0142ugi dla: klient\u00f3w indywidualnych klient\u00f3w biznesowych. Do szerokiej gamy naszych produkt\u00f3w i us\u0142ug zaliczamy m.in.: Szk\u0142a i lustra: szk\u0142o typu Float od 3 do 19 mm szk\u0142o typu 'Optiwhite' od 4 do 19 mm szk\u0142o laminowane szk\u0142o hartowane szk\u0142o ornamentowe typu: Flutes, Estriado, Visiosun, Kathedral itd. lustra srebrne lustra\u2026","rel":"","context":"Similar post","block_context":{"text":"Similar post","link":""},"img":{"alt_text":"","src":"","width":0,"height":0},"classes":[]},{"id":834,"url":"https:\/\/www.alhen.com.pl\/en\/oferta\/szklo-hartowane\/","url_meta":{"origin":727,"position":1},"title":"Tempered Glass","author":"ALHEN Artszk\u0142o","date":"11 January 2025","format":false,"excerpt":"Hartowanie szk\u0142a jest zaawansowanym technologicznie procesem zwi\u0119kszaj\u0105cym bezpiecze\u0144stwo i wytrzyma\u0142o\u015b\u0107 szk\u0142a. Proces hartowania sk\u0142ada si\u0119 z 3 etap\u00f3w: nagrzanie szk\u0142a powy\u017cej 600 stopni ( w zale\u017cno\u015bci od grubo\u015bci szk\u0142a) gwa\u0142townego sch\u0142odzenia szk\u0142a wcze\u015bniej podgrzanego kontrolowania spr\u0119\u017cania powierzchni. Zalety szk\u0142a hartowanego: zwi\u0119kszenie odporno\u015bci szk\u0142abezpiecze\u0144stwotrwa\u0142o\u015b\u0107 minimalne ryzyko skaleczeniaw przypadku zbicia rozbija si\u0119\u2026","rel":"","context":"Similar post","block_context":{"text":"Similar post","link":""},"img":{"alt_text":"","src":"https:\/\/i0.wp.com\/www.alhen.com.pl\/wp-content\/uploads\/2018\/04\/IMG_1199-e1736701333649.jpg?resize=350%2C200","width":350,"height":200,"srcset":"https:\/\/i0.wp.com\/www.alhen.com.pl\/wp-content\/uploads\/2018\/04\/IMG_1199-e1736701333649.jpg?resize=350%2C200 1x, https:\/\/i0.wp.com\/www.alhen.com.pl\/wp-content\/uploads\/2018\/04\/IMG_1199-e1736701333649.jpg?resize=525%2C300 1.5x, https:\/\/i0.wp.com\/www.alhen.com.pl\/wp-content\/uploads\/2018\/04\/IMG_1199-e1736701333649.jpg?resize=700%2C400 2x"},"classes":[]},{"id":53,"url":"https:\/\/www.alhen.com.pl\/en\/oferta\/laminowanie-szkla\/","url_meta":{"origin":727,"position":2},"title":"Glass lamination","author":"ALHEN Artszk\u0142o","date":"21 March 2018","format":false,"excerpt":"Dzi\u0119ki zastosowaniu technologii laminowania szk\u0142a otrzymujemy wyr\u00f3b sk\u0142adaj\u0105cy si\u0119 z dw\u00f3ch lub kliku tafli szk\u0142a, szk\u0142a z lustrem lub lustra z lustrem po\u0142\u0105czonych ze sob\u0105 za pomoc\u0105 folii EVA. Zastosowanie folii nowej generacji pozwala na zachowanie bezpiecze\u0144stwa, poniewa\u017c w przypadku st\u0142uczenia szk\u0142o pozostaje \u2018przyklejone\u2019 do folii, a jego od\u0142amki nie\u2026","rel":"","context":"Similar post","block_context":{"text":"Similar post","link":""},"img":{"alt_text":"","src":"https:\/\/i0.wp.com\/www.alhen.com.pl\/wp-content\/uploads\/2018\/04\/laminowanie.jpg?resize=350%2C200","width":350,"height":200,"srcset":"https:\/\/i0.wp.com\/www.alhen.com.pl\/wp-content\/uploads\/2018\/04\/laminowanie.jpg?resize=350%2C200 1x, https:\/\/i0.wp.com\/www.alhen.com.pl\/wp-content\/uploads\/2018\/04\/laminowanie.jpg?resize=525%2C300 1.5x, https:\/\/i0.wp.com\/www.alhen.com.pl\/wp-content\/uploads\/2018\/04\/laminowanie.jpg?resize=700%2C400 2x"},"classes":[]},{"id":143,"url":"https:\/\/www.alhen.com.pl\/en\/oferta\/fusing\/","url_meta":{"origin":727,"position":3},"title":"Fusing","author":"ALHEN Artszk\u0142o","date":"15 April 2018","format":false,"excerpt":"Od p\u00f3\u017anych lat 90'tych coraz bardziej znana i popularna w kr\u0119gach artystycznych stawa\u0142a si\u0119 technika wykonywania prac ze szk\u0142a nazywana fusingiem (ang. 'to fuse' czyli 'wtapia\u0107 si\u0119') zwana inaczej 'stapianiem szk\u0142a'. Metoda ta pozwala artystom i architektom na zupe\u0142nie nowe mo\u017cliwo\u015bci wyrazowe. Fusing polega na stapianiu uprzednio przygotowanych szkie\u0142 w\u2026","rel":"","context":"Similar post","block_context":{"text":"Similar post","link":""},"img":{"alt_text":"","src":"https:\/\/i0.wp.com\/www.alhen.com.pl\/wp-content\/uploads\/2018\/04\/fusing-001.jpg?resize=350%2C200","width":350,"height":200,"srcset":"https:\/\/i0.wp.com\/www.alhen.com.pl\/wp-content\/uploads\/2018\/04\/fusing-001.jpg?resize=350%2C200 1x, https:\/\/i0.wp.com\/www.alhen.com.pl\/wp-content\/uploads\/2018\/04\/fusing-001.jpg?resize=525%2C300 1.5x, https:\/\/i0.wp.com\/www.alhen.com.pl\/wp-content\/uploads\/2018\/04\/fusing-001.jpg?resize=700%2C400 2x"},"classes":[]},{"id":725,"url":"https:\/\/www.alhen.com.pl\/en\/oferta\/laminowanie-grafiki-ze-szklem\/","url_meta":{"origin":727,"position":4},"title":"Graphic Lamination","author":"ALHEN Artszk\u0142o","date":"9 January 2025","format":false,"excerpt":"Grafika na szkle to nowoczesny i jednocze\u015bnie bardzo elegacki spos\u00f3b dekoracji wn\u0119trz m.in. kuchni, \u0142azienek, salon\u00f3w, przedpokoi, sypialni. Jest to bardzo trwa\u0142a metoda dzi\u0119ki technologi wydruku UV zapewniaj\u0105ca odporno\u015b\u0107 na blakni\u0119cie i uszkodzenia. Dzi\u0119ki zastosowaniu techniki hartowania grafika staje si\u0119 bardziej wytrzyma\u0142a i odporna. Cz\u0119ste zastosowanie grafiki na szkle w\u2026","rel":"","context":"Similar post","block_context":{"text":"Similar post","link":""},"img":{"alt_text":"","src":"https:\/\/i0.wp.com\/www.alhen.com.pl\/wp-content\/uploads\/2025\/01\/IMG_7329.jpg?resize=350%2C200&ssl=1","width":350,"height":200,"srcset":"https:\/\/i0.wp.com\/www.alhen.com.pl\/wp-content\/uploads\/2025\/01\/IMG_7329.jpg?resize=350%2C200&ssl=1 1x, https:\/\/i0.wp.com\/www.alhen.com.pl\/wp-content\/uploads\/2025\/01\/IMG_7329.jpg?resize=525%2C300&ssl=1 1.5x, https:\/\/i0.wp.com\/www.alhen.com.pl\/wp-content\/uploads\/2025\/01\/IMG_7329.jpg?resize=700%2C400&ssl=1 2x, https:\/\/i0.wp.com\/www.alhen.com.pl\/wp-content\/uploads\/2025\/01\/IMG_7329.jpg?resize=1050%2C600&ssl=1 3x"},"classes":[]},{"id":51,"url":"https:\/\/www.alhen.com.pl\/en\/oferta\/waterjet\/","url_meta":{"origin":727,"position":5},"title":"Waterjet Cutting","author":"ALHEN Artszk\u0142o","date":"21 March 2018","format":false,"excerpt":"Ci\u0119cie Waterjet to technologia przecinania\/wycinania 'na zimno' r\u00f3\u017cnych materia\u0142\u00f3w z wykorzystaniem\u00a0skoncentrowanej energii strumienia wody pod ci\u015bnieniem ok. 6000 bar. \u00a0 \u00a0 Ma ona zastosowanie przy takich materia\u0142ach jak:\u00a0 SZK\u0141O: szk\u0142o i lustra\u00a0 KAMIE\u0143: spieki, marmur, granit, \u0142upek, czy piaskowiec\u00a0 P\u0141YTA: p\u0142ytki ceramiczne i gresowe METAL: stal, aluminium, tytan, mied\u017a, mosi\u0105d\u017a,\u2026","rel":"","context":"Similar post","block_context":{"text":"Similar post","link":""},"img":{"alt_text":"","src":"https:\/\/i0.wp.com\/www.alhen.com.pl\/wp-content\/uploads\/2026\/01\/Water-jet.jpg?resize=350%2C200&ssl=1","width":350,"height":200,"srcset":"https:\/\/i0.wp.com\/www.alhen.com.pl\/wp-content\/uploads\/2026\/01\/Water-jet.jpg?resize=350%2C200&ssl=1 1x, https:\/\/i0.wp.com\/www.alhen.com.pl\/wp-content\/uploads\/2026\/01\/Water-jet.jpg?resize=525%2C300&ssl=1 1.5x, https:\/\/i0.wp.com\/www.alhen.com.pl\/wp-content\/uploads\/2026\/01\/Water-jet.jpg?resize=700%2C400&ssl=1 2x"},"classes":[]}],"_links":{"self":[{"href":"https:\/\/www.alhen.com.pl\/en\/wp-json\/wp\/v2\/pages\/727","targetHints":{"allow":["GET"]}}],"collection":[{"href":"https:\/\/www.alhen.com.pl\/en\/wp-json\/wp\/v2\/pages"}],"about":[{"href":"https:\/\/www.alhen.com.pl\/en\/wp-json\/wp\/v2\/types\/page"}],"author":[{"embeddable":true,"href":"https:\/\/www.alhen.com.pl\/en\/wp-json\/wp\/v2\/users\/1"}],"replies":[{"embeddable":true,"href":"https:\/\/www.alhen.com.pl\/en\/wp-json\/wp\/v2\/comments?post=727"}],"version-history":[{"count":8,"href":"https:\/\/www.alhen.com.pl\/en\/wp-json\/wp\/v2\/pages\/727\/revisions"}],"predecessor-version":[{"id":854,"href":"https:\/\/www.alhen.com.pl\/en\/wp-json\/wp\/v2\/pages\/727\/revisions\/854"}],"up":[{"embeddable":true,"href":"https:\/\/www.alhen.com.pl\/en\/wp-json\/wp\/v2\/pages\/40"}],"wp:attachment":[{"href":"https:\/\/www.alhen.com.pl\/en\/wp-json\/wp\/v2\/media?parent=727"}],"curies":[{"name":"wp","href":"https:\/\/api.w.org\/{rel}","templated":true}]}}