{"id":725,"date":"2025-01-09T13:14:17","date_gmt":"2025-01-09T12:14:17","guid":{"rendered":"https:\/\/www.alhen.com.pl\/?page_id=725"},"modified":"2025-02-27T03:10:53","modified_gmt":"2025-02-27T02:10:53","slug":"laminowanie-grafiki-ze-szklem","status":"publish","type":"page","link":"https:\/\/www.alhen.com.pl\/en\/oferta\/laminowanie-grafiki-ze-szklem\/","title":{"rendered":"Graphic Lamination"},"content":{"rendered":"<p><\/p>\n\n\n<p class=\"p1\"><span class=\"s1\">Graphics on glass is a modern and simultaneously very elegant way to decorate interiors, including kitchens, bathrooms, living rooms, hallways, and bedrooms. It is a very durable method thanks to UV printing technology, which ensures resistance to fading and damage. The use of tempering techniques makes the graphics more robust and resilient. Frequent use of graphics on glass in kitchen and bathroom spaces allows for easy maintenance and cleanliness with minimal effort, without compromising its quality.<\/span><\/p>\n<p class=\"p1\"><span class=\"s1\">The use of next-generation film ensures safety, as in the event of breakage, the glass remains \u2018adhered\u2019 to the graphics, and its fragments do not scatter. Any potential glass cracks break into small, safe, and non-sharp pieces.<\/span><\/p>\n<p class=\"p1\"><span class=\"s1\">The maximum dimensions of glass sheets with graphics that we can offer you are <strong>1500 x 3000 mm.<\/strong>\u00a0<\/span><\/p>\n<p class=\"p1\"><span class=\"s1\">Naturally, the graphics are printed and applied to glass that has been pre-cut according to the design and tempered. The graphics can be applied to a single element or to multiple elements, creating a cohesive whole.\u00a0<\/span><\/p>\n<p class=\"p1\"><span class=\"s1\">Laminated glass with graphics has a wide range of applications in:<\/span><\/p>\n<ul class=\"ul1\">\n<li class=\"li1\"><span class=\"s1\">Glass kitchen panels<\/span><\/li>\n<li class=\"li1\"><span class=\"s1\">Glass walls<\/span><\/li>\n<li class=\"li1\"><span class=\"s1\">Glass doors<\/span><\/li>\n<li class=\"li1\"><span class=\"s1\">Shower cabins\u00a0<\/span><\/li>\n<li class=\"li1\"><span class=\"s1\">Decorative glass balustrades<\/span><\/li>\n<li class=\"li1\"><span class=\"s1\">Photographs, posters, and other decorative prints.<\/span><\/li>\n<\/ul>\n<p class=\"p1\"><span class=\"s1\">\u00a0<\/span><\/p>\n\n\n<div class=\"wp-block-image\"><figure class=\"alignleft is-resized\"><img decoding=\"async\" data-attachment-id=\"779\" data-permalink=\"https:\/\/www.alhen.com.pl\/en\/oferta\/laminowanie-grafiki-ze-szklem\/img_7329\/\" data-orig-file=\"https:\/\/i0.wp.com\/www.alhen.com.pl\/wp-content\/uploads\/2025\/01\/IMG_7329.jpg?fit=1179%2C1467&amp;ssl=1\" data-orig-size=\"1179,1467\" data-comments-opened=\"1\" data-image-meta=\"{&quot;aperture&quot;:&quot;0&quot;,&quot;credit&quot;:&quot;&quot;,&quot;camera&quot;:&quot;&quot;,&quot;caption&quot;:&quot;&quot;,&quot;created_timestamp&quot;:&quot;0&quot;,&quot;copyright&quot;:&quot;&quot;,&quot;focal_length&quot;:&quot;0&quot;,&quot;iso&quot;:&quot;0&quot;,&quot;shutter_speed&quot;:&quot;0&quot;,&quot;title&quot;:&quot;&quot;,&quot;orientation&quot;:&quot;1&quot;}\" data-image-title=\"IMG_7329\" data-image-description=\"\" data-image-caption=\"\" data-medium-file=\"https:\/\/i0.wp.com\/www.alhen.com.pl\/wp-content\/uploads\/2025\/01\/IMG_7329.jpg?fit=241%2C300&amp;ssl=1\" data-large-file=\"https:\/\/i0.wp.com\/www.alhen.com.pl\/wp-content\/uploads\/2025\/01\/IMG_7329.jpg?fit=823%2C1024&amp;ssl=1\" data-src=\"https:\/\/i0.wp.com\/www.alhen.com.pl\/wp-content\/uploads\/2025\/01\/IMG_7329.jpg?fit=823%2C1024&amp;ssl=1\" alt=\"\" class=\"wp-image-779 lazyload\" width=\"281\" height=\"349\" data-srcset=\"https:\/\/i0.wp.com\/www.alhen.com.pl\/wp-content\/uploads\/2025\/01\/IMG_7329.jpg?w=1179&amp;ssl=1 1179w, https:\/\/i0.wp.com\/www.alhen.com.pl\/wp-content\/uploads\/2025\/01\/IMG_7329.jpg?resize=241%2C300&amp;ssl=1 241w, https:\/\/i0.wp.com\/www.alhen.com.pl\/wp-content\/uploads\/2025\/01\/IMG_7329.jpg?resize=768%2C956&amp;ssl=1 768w, https:\/\/i0.wp.com\/www.alhen.com.pl\/wp-content\/uploads\/2025\/01\/IMG_7329.jpg?resize=823%2C1024&amp;ssl=1 823w\" data-sizes=\"(max-width: 281px) 100vw, 281px\" src=\"data:image\/svg+xml;base64,PHN2ZyB3aWR0aD0iMSIgaGVpZ2h0PSIxIiB4bWxucz0iaHR0cDovL3d3dy53My5vcmcvMjAwMC9zdmciPjwvc3ZnPg==\" style=\"--smush-placeholder-width: 281px; --smush-placeholder-aspect-ratio: 281\/349;\" \/><\/figure><\/div>\n\n\n\n<figure class=\"wp-block-image is-resized\"><img decoding=\"async\" data-attachment-id=\"783\" data-permalink=\"https:\/\/www.alhen.com.pl\/en\/oferta\/laminowanie-grafiki-ze-szklem\/img_7336\/\" data-orig-file=\"https:\/\/i0.wp.com\/www.alhen.com.pl\/wp-content\/uploads\/2025\/01\/IMG_7336.jpg?fit=1179%2C1175&amp;ssl=1\" data-orig-size=\"1179,1175\" data-comments-opened=\"1\" data-image-meta=\"{&quot;aperture&quot;:&quot;0&quot;,&quot;credit&quot;:&quot;&quot;,&quot;camera&quot;:&quot;&quot;,&quot;caption&quot;:&quot;&quot;,&quot;created_timestamp&quot;:&quot;0&quot;,&quot;copyright&quot;:&quot;&quot;,&quot;focal_length&quot;:&quot;0&quot;,&quot;iso&quot;:&quot;0&quot;,&quot;shutter_speed&quot;:&quot;0&quot;,&quot;title&quot;:&quot;&quot;,&quot;orientation&quot;:&quot;1&quot;}\" data-image-title=\"IMG_7336\" data-image-description=\"\" data-image-caption=\"\" data-medium-file=\"https:\/\/i0.wp.com\/www.alhen.com.pl\/wp-content\/uploads\/2025\/01\/IMG_7336.jpg?fit=300%2C300&amp;ssl=1\" data-large-file=\"https:\/\/i0.wp.com\/www.alhen.com.pl\/wp-content\/uploads\/2025\/01\/IMG_7336.jpg?fit=1024%2C1021&amp;ssl=1\" data-src=\"https:\/\/i2.wp.com\/www.alhen.com.pl\/wp-content\/uploads\/2025\/01\/IMG_7336.jpg?fit=1024%2C1021&amp;ssl=1\" alt=\"\" class=\"wp-image-783 lazyload\" width=\"359\" height=\"358\" data-srcset=\"https:\/\/i0.wp.com\/www.alhen.com.pl\/wp-content\/uploads\/2025\/01\/IMG_7336.jpg?w=1179&amp;ssl=1 1179w, https:\/\/i0.wp.com\/www.alhen.com.pl\/wp-content\/uploads\/2025\/01\/IMG_7336.jpg?resize=150%2C150&amp;ssl=1 150w, https:\/\/i0.wp.com\/www.alhen.com.pl\/wp-content\/uploads\/2025\/01\/IMG_7336.jpg?resize=300%2C300&amp;ssl=1 300w, https:\/\/i0.wp.com\/www.alhen.com.pl\/wp-content\/uploads\/2025\/01\/IMG_7336.jpg?resize=768%2C765&amp;ssl=1 768w, https:\/\/i0.wp.com\/www.alhen.com.pl\/wp-content\/uploads\/2025\/01\/IMG_7336.jpg?resize=1024%2C1021&amp;ssl=1 1024w, https:\/\/i0.wp.com\/www.alhen.com.pl\/wp-content\/uploads\/2025\/01\/IMG_7336.jpg?resize=50%2C50&amp;ssl=1 50w\" data-sizes=\"(max-width: 359px) 100vw, 359px\" src=\"data:image\/svg+xml;base64,PHN2ZyB3aWR0aD0iMSIgaGVpZ2h0PSIxIiB4bWxucz0iaHR0cDovL3d3dy53My5vcmcvMjAwMC9zdmciPjwvc3ZnPg==\" style=\"--smush-placeholder-width: 359px; --smush-placeholder-aspect-ratio: 359\/358;\" \/><\/figure>\n<!-- AddThis Advanced Settings generic via filter on the_content --><!-- AddThis Share Buttons generic via filter on the_content -->","protected":false},"excerpt":{"rendered":"<p>Grafika na szkle to nowoczesny i jednocze\u015bnie bardzo elegacki spos\u00f3b dekoracji wn\u0119trz m.in. kuchni, \u0142azienek, salon\u00f3w, przedpokoi, sypialni. Jest to bardzo trwa\u0142a metoda dzi\u0119ki technologi wydruku UV zapewniaj\u0105ca odporno\u015b\u0107 na blakni\u0119cie i uszkodzenia. Dzi\u0119ki zastosowaniu techniki hartowania grafika staje si\u0119 bardziej wytrzyma\u0142a i odporna. Cz\u0119ste zastosowanie grafiki na szkle w pomieszczeniach kuchennych i \u0142azienkach pozwala<\/p>\n<div><a class=\"btn-filled btn\" href=\"https:\/\/www.alhen.com.pl\/en\/oferta\/laminowanie-grafiki-ze-szklem\/\" title=\"Graphic Lamination\">Read More<\/a><\/div>\n<p><!-- AddThis Advanced Settings generic via filter on get_the_excerpt --><!-- AddThis Share Buttons generic via filter on get_the_excerpt --><\/p>","protected":false},"author":1,"featured_media":0,"parent":40,"menu_order":0,"comment_status":"closed","ping_status":"closed","template":"page-templates\/sidebar-right.php","meta":{"inline_featured_image":false,"jetpack_post_was_ever_published":false,"footnotes":""},"class_list":["post-725","page","type-page","status-publish","hentry"],"yoast_head":"<!-- This site is optimized with the Yoast SEO plugin v27.1.1 - https:\/\/yoast.com\/product\/yoast-seo-wordpress\/ -->\n<title>Laminowanie grafiki - Alhen Artszk\u0142o<\/title>\n<meta name=\"robots\" content=\"index, follow, max-snippet:-1, max-image-preview:large, max-video-preview:-1\" \/>\n<link rel=\"canonical\" href=\"https:\/\/www.alhen.com.pl\/en\/oferta\/laminowanie-grafiki-ze-szklem\/\" \/>\n<meta property=\"og:locale\" content=\"en_GB\" \/>\n<meta property=\"og:type\" content=\"article\" \/>\n<meta property=\"og:title\" content=\"Laminowanie grafiki - Alhen Artszk\u0142o\" \/>\n<meta property=\"og:description\" content=\"Grafika na szkle to nowoczesny i jednocze\u015bnie bardzo elegacki spos\u00f3b dekoracji wn\u0119trz m.in. kuchni, \u0142azienek, salon\u00f3w, przedpokoi, sypialni. Jest to bardzo trwa\u0142a metoda dzi\u0119ki technologi wydruku UV zapewniaj\u0105ca odporno\u015b\u0107 na blakni\u0119cie i uszkodzenia. Dzi\u0119ki zastosowaniu techniki hartowania grafika staje si\u0119 bardziej wytrzyma\u0142a i odporna. Cz\u0119ste zastosowanie grafiki na szkle w pomieszczeniach kuchennych i \u0142azienkach pozwalaRead More\" \/>\n<meta property=\"og:url\" content=\"https:\/\/www.alhen.com.pl\/en\/oferta\/laminowanie-grafiki-ze-szklem\/\" \/>\n<meta property=\"og:site_name\" content=\"Alhen Artszk\u0142o\" \/>\n<meta property=\"article:publisher\" content=\"https:\/\/www.facebook.com\/alhenartszklo\/\" \/>\n<meta property=\"article:modified_time\" content=\"2025-02-27T02:10:53+00:00\" \/>\n<meta property=\"og:image\" content=\"https:\/\/i0.wp.com\/www.alhen.com.pl\/wp-content\/uploads\/2025\/01\/IMG_7329.jpg?fit=1179%2C1467&ssl=1\" \/>\n\t<meta property=\"og:image:width\" content=\"1179\" \/>\n\t<meta property=\"og:image:height\" content=\"1467\" \/>\n\t<meta property=\"og:image:type\" content=\"image\/jpeg\" \/>\n<meta name=\"twitter:card\" content=\"summary_large_image\" \/>\n<meta name=\"twitter:site\" content=\"@alhenartszklo\" \/>\n<meta name=\"twitter:label1\" content=\"Estimated reading time\" \/>\n\t<meta name=\"twitter:data1\" content=\"1 minute\" \/>\n<script type=\"application\/ld+json\" class=\"yoast-schema-graph\">{\"@context\":\"https:\/\/schema.org\",\"@graph\":[{\"@type\":\"WebPage\",\"@id\":\"https:\/\/www.alhen.com.pl\/oferta\/laminowanie-grafiki-ze-szklem\/\",\"url\":\"https:\/\/www.alhen.com.pl\/oferta\/laminowanie-grafiki-ze-szklem\/\",\"name\":\"Laminowanie grafiki - Alhen Artszk\u0142o\",\"isPartOf\":{\"@id\":\"https:\/\/www.alhen.com.pl\/#website\"},\"primaryImageOfPage\":{\"@id\":\"https:\/\/www.alhen.com.pl\/oferta\/laminowanie-grafiki-ze-szklem\/#primaryimage\"},\"image\":{\"@id\":\"https:\/\/www.alhen.com.pl\/oferta\/laminowanie-grafiki-ze-szklem\/#primaryimage\"},\"thumbnailUrl\":\"https:\/\/i0.wp.com\/www.alhen.com.pl\/wp-content\/uploads\/2025\/01\/IMG_7329.jpg?fit=823%2C1024&amp;ssl=1\",\"datePublished\":\"2025-01-09T12:14:17+00:00\",\"dateModified\":\"2025-02-27T02:10:53+00:00\",\"breadcrumb\":{\"@id\":\"https:\/\/www.alhen.com.pl\/oferta\/laminowanie-grafiki-ze-szklem\/#breadcrumb\"},\"inLanguage\":\"en-GB\",\"potentialAction\":[{\"@type\":\"ReadAction\",\"target\":[\"https:\/\/www.alhen.com.pl\/oferta\/laminowanie-grafiki-ze-szklem\/\"]}]},{\"@type\":\"ImageObject\",\"inLanguage\":\"en-GB\",\"@id\":\"https:\/\/www.alhen.com.pl\/oferta\/laminowanie-grafiki-ze-szklem\/#primaryimage\",\"url\":\"https:\/\/i0.wp.com\/www.alhen.com.pl\/wp-content\/uploads\/2025\/01\/IMG_7329.jpg?fit=823%2C1024&amp;ssl=1\",\"contentUrl\":\"https:\/\/i0.wp.com\/www.alhen.com.pl\/wp-content\/uploads\/2025\/01\/IMG_7329.jpg?fit=823%2C1024&amp;ssl=1\"},{\"@type\":\"BreadcrumbList\",\"@id\":\"https:\/\/www.alhen.com.pl\/oferta\/laminowanie-grafiki-ze-szklem\/#breadcrumb\",\"itemListElement\":[{\"@type\":\"ListItem\",\"position\":1,\"name\":\"Strona g\u0142\u00f3wna\",\"item\":\"https:\/\/www.alhen.com.pl\/\"},{\"@type\":\"ListItem\",\"position\":2,\"name\":\"Oferta\",\"item\":\"https:\/\/www.alhen.com.pl\/oferta\/\"},{\"@type\":\"ListItem\",\"position\":3,\"name\":\"Laminowanie grafiki\"}]},{\"@type\":\"WebSite\",\"@id\":\"https:\/\/www.alhen.com.pl\/#website\",\"url\":\"https:\/\/www.alhen.com.pl\/\",\"name\":\"Alhen Artszk\u0142o\",\"description\":\"Szk\u0142o w architekturze wn\u0119trz\",\"publisher\":{\"@id\":\"https:\/\/www.alhen.com.pl\/#organization\"},\"potentialAction\":[{\"@type\":\"SearchAction\",\"target\":{\"@type\":\"EntryPoint\",\"urlTemplate\":\"https:\/\/www.alhen.com.pl\/?s={search_term_string}\"},\"query-input\":{\"@type\":\"PropertyValueSpecification\",\"valueRequired\":true,\"valueName\":\"search_term_string\"}}],\"inLanguage\":\"en-GB\"},{\"@type\":\"Organization\",\"@id\":\"https:\/\/www.alhen.com.pl\/#organization\",\"name\":\"ALHEN Artszk\u0142o Sp. z o.o.\",\"url\":\"https:\/\/www.alhen.com.pl\/\",\"logo\":{\"@type\":\"ImageObject\",\"inLanguage\":\"en-GB\",\"@id\":\"https:\/\/www.alhen.com.pl\/#\/schema\/logo\/image\/\",\"url\":\"https:\/\/i0.wp.com\/www.alhen.com.pl\/wp-content\/uploads\/2018\/03\/logo-alhen.png?fit=298%2C35&ssl=1\",\"contentUrl\":\"https:\/\/i0.wp.com\/www.alhen.com.pl\/wp-content\/uploads\/2018\/03\/logo-alhen.png?fit=298%2C35&ssl=1\",\"width\":298,\"height\":35,\"caption\":\"ALHEN Artszk\u0142o Sp. z o.o.\"},\"image\":{\"@id\":\"https:\/\/www.alhen.com.pl\/#\/schema\/logo\/image\/\"},\"sameAs\":[\"https:\/\/www.facebook.com\/alhenartszklo\/\",\"https:\/\/x.com\/alhenartszklo\",\"https:\/\/instagram.com\/alhen_artszklo\/\"]}]}<\/script>\n<!-- \/ Yoast SEO plugin. -->","yoast_head_json":{"title":"Laminowanie grafiki - Alhen Artszk\u0142o","robots":{"index":"index","follow":"follow","max-snippet":"max-snippet:-1","max-image-preview":"max-image-preview:large","max-video-preview":"max-video-preview:-1"},"canonical":"https:\/\/www.alhen.com.pl\/en\/oferta\/laminowanie-grafiki-ze-szklem\/","og_locale":"en_GB","og_type":"article","og_title":"Laminowanie grafiki - Alhen Artszk\u0142o","og_description":"Grafika na szkle to nowoczesny i jednocze\u015bnie bardzo elegacki spos\u00f3b dekoracji wn\u0119trz m.in. kuchni, \u0142azienek, salon\u00f3w, przedpokoi, sypialni. Jest to bardzo trwa\u0142a metoda dzi\u0119ki technologi wydruku UV zapewniaj\u0105ca odporno\u015b\u0107 na blakni\u0119cie i uszkodzenia. Dzi\u0119ki zastosowaniu techniki hartowania grafika staje si\u0119 bardziej wytrzyma\u0142a i odporna. Cz\u0119ste zastosowanie grafiki na szkle w pomieszczeniach kuchennych i \u0142azienkach pozwalaRead More","og_url":"https:\/\/www.alhen.com.pl\/en\/oferta\/laminowanie-grafiki-ze-szklem\/","og_site_name":"Alhen Artszk\u0142o","article_publisher":"https:\/\/www.facebook.com\/alhenartszklo\/","article_modified_time":"2025-02-27T02:10:53+00:00","og_image":[{"width":1179,"height":1467,"url":"https:\/\/i0.wp.com\/www.alhen.com.pl\/wp-content\/uploads\/2025\/01\/IMG_7329.jpg?fit=1179%2C1467&ssl=1","type":"image\/jpeg"}],"twitter_card":"summary_large_image","twitter_site":"@alhenartszklo","twitter_misc":{"Estimated reading time":"1 minute"},"schema":{"@context":"https:\/\/schema.org","@graph":[{"@type":"WebPage","@id":"https:\/\/www.alhen.com.pl\/oferta\/laminowanie-grafiki-ze-szklem\/","url":"https:\/\/www.alhen.com.pl\/oferta\/laminowanie-grafiki-ze-szklem\/","name":"Laminowanie grafiki - Alhen Artszk\u0142o","isPartOf":{"@id":"https:\/\/www.alhen.com.pl\/#website"},"primaryImageOfPage":{"@id":"https:\/\/www.alhen.com.pl\/oferta\/laminowanie-grafiki-ze-szklem\/#primaryimage"},"image":{"@id":"https:\/\/www.alhen.com.pl\/oferta\/laminowanie-grafiki-ze-szklem\/#primaryimage"},"thumbnailUrl":"https:\/\/i0.wp.com\/www.alhen.com.pl\/wp-content\/uploads\/2025\/01\/IMG_7329.jpg?fit=823%2C1024&amp;ssl=1","datePublished":"2025-01-09T12:14:17+00:00","dateModified":"2025-02-27T02:10:53+00:00","breadcrumb":{"@id":"https:\/\/www.alhen.com.pl\/oferta\/laminowanie-grafiki-ze-szklem\/#breadcrumb"},"inLanguage":"en-GB","potentialAction":[{"@type":"ReadAction","target":["https:\/\/www.alhen.com.pl\/oferta\/laminowanie-grafiki-ze-szklem\/"]}]},{"@type":"ImageObject","inLanguage":"en-GB","@id":"https:\/\/www.alhen.com.pl\/oferta\/laminowanie-grafiki-ze-szklem\/#primaryimage","url":"https:\/\/i0.wp.com\/www.alhen.com.pl\/wp-content\/uploads\/2025\/01\/IMG_7329.jpg?fit=823%2C1024&amp;ssl=1","contentUrl":"https:\/\/i0.wp.com\/www.alhen.com.pl\/wp-content\/uploads\/2025\/01\/IMG_7329.jpg?fit=823%2C1024&amp;ssl=1"},{"@type":"BreadcrumbList","@id":"https:\/\/www.alhen.com.pl\/oferta\/laminowanie-grafiki-ze-szklem\/#breadcrumb","itemListElement":[{"@type":"ListItem","position":1,"name":"Strona g\u0142\u00f3wna","item":"https:\/\/www.alhen.com.pl\/"},{"@type":"ListItem","position":2,"name":"Oferta","item":"https:\/\/www.alhen.com.pl\/oferta\/"},{"@type":"ListItem","position":3,"name":"Laminowanie grafiki"}]},{"@type":"WebSite","@id":"https:\/\/www.alhen.com.pl\/#website","url":"https:\/\/www.alhen.com.pl\/","name":"Alhen Artszk\u0142o","description":"Szk\u0142o w architekturze wn\u0119trz","publisher":{"@id":"https:\/\/www.alhen.com.pl\/#organization"},"potentialAction":[{"@type":"SearchAction","target":{"@type":"EntryPoint","urlTemplate":"https:\/\/www.alhen.com.pl\/?s={search_term_string}"},"query-input":{"@type":"PropertyValueSpecification","valueRequired":true,"valueName":"search_term_string"}}],"inLanguage":"en-GB"},{"@type":"Organization","@id":"https:\/\/www.alhen.com.pl\/#organization","name":"ALHEN Artszk\u0142o Sp. z o.o.","url":"https:\/\/www.alhen.com.pl\/","logo":{"@type":"ImageObject","inLanguage":"en-GB","@id":"https:\/\/www.alhen.com.pl\/#\/schema\/logo\/image\/","url":"https:\/\/i0.wp.com\/www.alhen.com.pl\/wp-content\/uploads\/2018\/03\/logo-alhen.png?fit=298%2C35&ssl=1","contentUrl":"https:\/\/i0.wp.com\/www.alhen.com.pl\/wp-content\/uploads\/2018\/03\/logo-alhen.png?fit=298%2C35&ssl=1","width":298,"height":35,"caption":"ALHEN Artszk\u0142o Sp. z o.o."},"image":{"@id":"https:\/\/www.alhen.com.pl\/#\/schema\/logo\/image\/"},"sameAs":["https:\/\/www.facebook.com\/alhenartszklo\/","https:\/\/x.com\/alhenartszklo","https:\/\/instagram.com\/alhen_artszklo\/"]}]}},"jetpack_sharing_enabled":true,"jetpack_shortlink":"https:\/\/wp.me\/P9LGPL-bH","jetpack_likes_enabled":true,"jetpack-related-posts":[{"id":834,"url":"https:\/\/www.alhen.com.pl\/en\/oferta\/szklo-hartowane\/","url_meta":{"origin":725,"position":0},"title":"Tempered Glass","author":"ALHEN Artszk\u0142o","date":"11 January 2025","format":false,"excerpt":"Hartowanie szk\u0142a jest zaawansowanym technologicznie procesem zwi\u0119kszaj\u0105cym bezpiecze\u0144stwo i wytrzyma\u0142o\u015b\u0107 szk\u0142a. Proces hartowania sk\u0142ada si\u0119 z 3 etap\u00f3w: nagrzanie szk\u0142a powy\u017cej 600 stopni ( w zale\u017cno\u015bci od grubo\u015bci szk\u0142a) gwa\u0142townego sch\u0142odzenia szk\u0142a wcze\u015bniej podgrzanego kontrolowania spr\u0119\u017cania powierzchni. Zalety szk\u0142a hartowanego: zwi\u0119kszenie odporno\u015bci szk\u0142abezpiecze\u0144stwotrwa\u0142o\u015b\u0107 minimalne ryzyko skaleczeniaw przypadku zbicia rozbija si\u0119\u2026","rel":"","context":"Similar post","block_context":{"text":"Similar post","link":""},"img":{"alt_text":"","src":"https:\/\/i0.wp.com\/www.alhen.com.pl\/wp-content\/uploads\/2018\/04\/IMG_1199-e1736701333649.jpg?resize=350%2C200","width":350,"height":200,"srcset":"https:\/\/i0.wp.com\/www.alhen.com.pl\/wp-content\/uploads\/2018\/04\/IMG_1199-e1736701333649.jpg?resize=350%2C200 1x, https:\/\/i0.wp.com\/www.alhen.com.pl\/wp-content\/uploads\/2018\/04\/IMG_1199-e1736701333649.jpg?resize=525%2C300 1.5x, https:\/\/i0.wp.com\/www.alhen.com.pl\/wp-content\/uploads\/2018\/04\/IMG_1199-e1736701333649.jpg?resize=700%2C400 2x"},"classes":[]},{"id":53,"url":"https:\/\/www.alhen.com.pl\/en\/oferta\/laminowanie-szkla\/","url_meta":{"origin":725,"position":1},"title":"Glass lamination","author":"ALHEN Artszk\u0142o","date":"21 March 2018","format":false,"excerpt":"Dzi\u0119ki zastosowaniu technologii laminowania szk\u0142a otrzymujemy wyr\u00f3b sk\u0142adaj\u0105cy si\u0119 z dw\u00f3ch lub kliku tafli szk\u0142a, szk\u0142a z lustrem lub lustra z lustrem po\u0142\u0105czonych ze sob\u0105 za pomoc\u0105 folii EVA. Zastosowanie folii nowej generacji pozwala na zachowanie bezpiecze\u0144stwa, poniewa\u017c w przypadku st\u0142uczenia szk\u0142o pozostaje \u2018przyklejone\u2019 do folii, a jego od\u0142amki nie\u2026","rel":"","context":"Similar post","block_context":{"text":"Similar post","link":""},"img":{"alt_text":"","src":"https:\/\/i0.wp.com\/www.alhen.com.pl\/wp-content\/uploads\/2018\/04\/laminowanie.jpg?resize=350%2C200","width":350,"height":200,"srcset":"https:\/\/i0.wp.com\/www.alhen.com.pl\/wp-content\/uploads\/2018\/04\/laminowanie.jpg?resize=350%2C200 1x, https:\/\/i0.wp.com\/www.alhen.com.pl\/wp-content\/uploads\/2018\/04\/laminowanie.jpg?resize=525%2C300 1.5x, https:\/\/i0.wp.com\/www.alhen.com.pl\/wp-content\/uploads\/2018\/04\/laminowanie.jpg?resize=700%2C400 2x"},"classes":[]},{"id":40,"url":"https:\/\/www.alhen.com.pl\/en\/oferta\/","url_meta":{"origin":725,"position":2},"title":"Offers","author":"ALHEN Artszk\u0142o","date":"21 March 2018","format":false,"excerpt":"\u015awiadczymy us\u0142ugi dla: klient\u00f3w indywidualnych klient\u00f3w biznesowych. Do szerokiej gamy naszych produkt\u00f3w i us\u0142ug zaliczamy m.in.: Szk\u0142a i lustra: szk\u0142o typu Float od 3 do 19 mm szk\u0142o typu 'Optiwhite' od 4 do 19 mm szk\u0142o laminowane szk\u0142o hartowane szk\u0142o ornamentowe typu: Flutes, Estriado, Visiosun, Kathedral itd. lustra srebrne lustra\u2026","rel":"","context":"Similar post","block_context":{"text":"Similar post","link":""},"img":{"alt_text":"","src":"","width":0,"height":0},"classes":[]},{"id":276,"url":"https:\/\/www.alhen.com.pl\/en\/oferta\/montaz-elementow-szklanych\/","url_meta":{"origin":725,"position":3},"title":"Installation of Glass Elements","author":"ALHEN Artszk\u0142o","date":"17 April 2018","format":false,"excerpt":"Jeste\u015bmy wiod\u0105c\u0105 firm\u0105 z ponad 26- letnim do\u015bwiadczeniem w bran\u017cy specjalizuj\u0105c\u0105 si\u0119 w kompleksowych us\u0142ugach monta\u017cu element\u00f3w szklanych i luster. Oferujemy profesjonalne rozwi\u0105zania dla klient\u00f3w indywidualnych jak i biznesowych \u0142\u0105cz\u0105c najwy\u017csz\u0105 jako\u015b\u0107 wykonania z innowacyjnym podej\u015bciem do projektowania wn\u0119trz. Dzi\u0119ki po\u0142\u0105czeniu w\u0142asnej ekipy monta\u017cowej z profesjonalnym zapleczem produkcyjnym jeste\u015bmy w\u2026","rel":"","context":"Similar post","block_context":{"text":"Similar post","link":""},"img":{"alt_text":"","src":"https:\/\/i0.wp.com\/www.alhen.com.pl\/wp-content\/uploads\/2025\/01\/IMG_2518-5.jpg?resize=350%2C200&ssl=1","width":350,"height":200,"srcset":"https:\/\/i0.wp.com\/www.alhen.com.pl\/wp-content\/uploads\/2025\/01\/IMG_2518-5.jpg?resize=350%2C200&ssl=1 1x, https:\/\/i0.wp.com\/www.alhen.com.pl\/wp-content\/uploads\/2025\/01\/IMG_2518-5.jpg?resize=525%2C300&ssl=1 1.5x, https:\/\/i0.wp.com\/www.alhen.com.pl\/wp-content\/uploads\/2025\/01\/IMG_2518-5.jpg?resize=700%2C400&ssl=1 2x, https:\/\/i0.wp.com\/www.alhen.com.pl\/wp-content\/uploads\/2025\/01\/IMG_2518-5.jpg?resize=1050%2C600&ssl=1 3x"},"classes":[]},{"id":51,"url":"https:\/\/www.alhen.com.pl\/en\/oferta\/waterjet\/","url_meta":{"origin":725,"position":4},"title":"Waterjet Cutting","author":"ALHEN Artszk\u0142o","date":"21 March 2018","format":false,"excerpt":"Ci\u0119cie Waterjet to technologia przecinania\/wycinania 'na zimno' r\u00f3\u017cnych materia\u0142\u00f3w z wykorzystaniem\u00a0skoncentrowanej energii strumienia wody pod ci\u015bnieniem ok. 6000 bar. \u00a0 \u00a0 Ma ona zastosowanie przy takich materia\u0142ach jak:\u00a0 SZK\u0141O: szk\u0142o i lustra\u00a0 KAMIE\u0143: spieki, marmur, granit, \u0142upek, czy piaskowiec\u00a0 P\u0141YTA: p\u0142ytki ceramiczne i gresowe METAL: stal, aluminium, tytan, mied\u017a, mosi\u0105d\u017a,\u2026","rel":"","context":"Similar post","block_context":{"text":"Similar post","link":""},"img":{"alt_text":"","src":"https:\/\/i0.wp.com\/www.alhen.com.pl\/wp-content\/uploads\/2026\/01\/Water-jet.jpg?resize=350%2C200&ssl=1","width":350,"height":200,"srcset":"https:\/\/i0.wp.com\/www.alhen.com.pl\/wp-content\/uploads\/2026\/01\/Water-jet.jpg?resize=350%2C200&ssl=1 1x, https:\/\/i0.wp.com\/www.alhen.com.pl\/wp-content\/uploads\/2026\/01\/Water-jet.jpg?resize=525%2C300&ssl=1 1.5x, https:\/\/i0.wp.com\/www.alhen.com.pl\/wp-content\/uploads\/2026\/01\/Water-jet.jpg?resize=700%2C400&ssl=1 2x"},"classes":[]},{"id":145,"url":"https:\/\/www.alhen.com.pl\/en\/oferta\/piaskowanie\/","url_meta":{"origin":725,"position":5},"title":"Sandblasting","author":"ALHEN Artszk\u0142o","date":"15 April 2018","format":false,"excerpt":"Pragniemy przedstawi\u0107 Pa\u0144stwu katalog wzor\u00f3w wykonywanych przez nasz\u0105 firm\u0119 na drzwiach ca\u0142o-szklanych, oraz przyk\u0142adowe wzory szyb do drzwi. Oferta zawiera wzory wykonywane przez nasz\u0105 firm\u0119, ciesz\u0105ce si\u0119 du\u017c\u0105 popularno\u015bci\u0105 w\u015br\u00f3d naszych klient\u00f3w. Dzi\u0119ki zastosowaniu odpowiednich technologii mo\u017cemy zaproponowa\u0107 piaskowanie kilkupoziomowe daj\u0105ce niesamowity efekt na szkle. Posiadamy r\u00f3wnie\u017c piec do fusingu,\u2026","rel":"","context":"Similar post","block_context":{"text":"Similar post","link":""},"img":{"alt_text":"","src":"https:\/\/i0.wp.com\/www.alhen.com.pl\/wp-content\/uploads\/2018\/04\/d01.jpg?resize=350%2C200","width":350,"height":200,"srcset":"https:\/\/i0.wp.com\/www.alhen.com.pl\/wp-content\/uploads\/2018\/04\/d01.jpg?resize=350%2C200 1x, https:\/\/i0.wp.com\/www.alhen.com.pl\/wp-content\/uploads\/2018\/04\/d01.jpg?resize=525%2C300 1.5x"},"classes":[]}],"_links":{"self":[{"href":"https:\/\/www.alhen.com.pl\/en\/wp-json\/wp\/v2\/pages\/725","targetHints":{"allow":["GET"]}}],"collection":[{"href":"https:\/\/www.alhen.com.pl\/en\/wp-json\/wp\/v2\/pages"}],"about":[{"href":"https:\/\/www.alhen.com.pl\/en\/wp-json\/wp\/v2\/types\/page"}],"author":[{"embeddable":true,"href":"https:\/\/www.alhen.com.pl\/en\/wp-json\/wp\/v2\/users\/1"}],"replies":[{"embeddable":true,"href":"https:\/\/www.alhen.com.pl\/en\/wp-json\/wp\/v2\/comments?post=725"}],"version-history":[{"count":10,"href":"https:\/\/www.alhen.com.pl\/en\/wp-json\/wp\/v2\/pages\/725\/revisions"}],"predecessor-version":[{"id":849,"href":"https:\/\/www.alhen.com.pl\/en\/wp-json\/wp\/v2\/pages\/725\/revisions\/849"}],"up":[{"embeddable":true,"href":"https:\/\/www.alhen.com.pl\/en\/wp-json\/wp\/v2\/pages\/40"}],"wp:attachment":[{"href":"https:\/\/www.alhen.com.pl\/en\/wp-json\/wp\/v2\/media?parent=725"}],"curies":[{"name":"wp","href":"https:\/\/api.w.org\/{rel}","templated":true}]}}