{"id":53,"date":"2018-03-21T23:04:30","date_gmt":"2018-03-21T22:04:30","guid":{"rendered":"https:\/\/www.alhen.com.pl\/?page_id=53"},"modified":"2025-01-09T13:13:50","modified_gmt":"2025-01-09T12:13:50","slug":"laminowanie-szkla","status":"publish","type":"page","link":"https:\/\/www.alhen.com.pl\/en\/oferta\/laminowanie-szkla\/","title":{"rendered":"Glass lamination"},"content":{"rendered":"<p>By applying glass lamination technology, we produce a product consisting of two or more glass panes, glass with a mirror, or mirror with mirror, bonded together using EVA film. The use of next-generation film ensures safety, as in the event of breakage, the glass remains \u2018adhered\u2019 to the film, and its fragments do not scatter. Any potential glass cracks break into small, safe, and non-sharp pieces. To enhance strength and durability, the lamination process is primarily applied to tempered glass, although the lamination of non-tempered glass is not excluded.<\/p>\n<p><img data-recalc-dims=\"1\" decoding=\"async\" data-attachment-id=\"238\" data-permalink=\"https:\/\/www.alhen.com.pl\/en\/oferta\/laminowanie-szkla\/laminowanie\/\" data-orig-file=\"https:\/\/i0.wp.com\/www.alhen.com.pl\/wp-content\/uploads\/2018\/04\/laminowanie.jpg?fit=750%2C456&amp;ssl=1\" data-orig-size=\"750,456\" data-comments-opened=\"1\" data-image-meta=\"{&quot;aperture&quot;:&quot;0&quot;,&quot;credit&quot;:&quot;&quot;,&quot;camera&quot;:&quot;&quot;,&quot;caption&quot;:&quot;&quot;,&quot;created_timestamp&quot;:&quot;0&quot;,&quot;copyright&quot;:&quot;&quot;,&quot;focal_length&quot;:&quot;0&quot;,&quot;iso&quot;:&quot;0&quot;,&quot;shutter_speed&quot;:&quot;0&quot;,&quot;title&quot;:&quot;&quot;,&quot;orientation&quot;:&quot;0&quot;}\" data-image-title=\"laminowanie\" data-image-description=\"\" data-image-caption=\"\" data-medium-file=\"https:\/\/i0.wp.com\/www.alhen.com.pl\/wp-content\/uploads\/2018\/04\/laminowanie.jpg?fit=300%2C182&amp;ssl=1\" data-large-file=\"https:\/\/i0.wp.com\/www.alhen.com.pl\/wp-content\/uploads\/2018\/04\/laminowanie.jpg?fit=750%2C456&amp;ssl=1\" class=\"alignnone size-full wp-image-238 lazyload\" data-src=\"https:\/\/i0.wp.com\/www.alhen.com.pl\/wp-content\/uploads\/2018\/04\/laminowanie.jpg?resize=750%2C456\" alt=\"\" width=\"750\" height=\"456\" data-srcset=\"https:\/\/i0.wp.com\/www.alhen.com.pl\/wp-content\/uploads\/2018\/04\/laminowanie.jpg?w=750&amp;ssl=1 750w, https:\/\/i0.wp.com\/www.alhen.com.pl\/wp-content\/uploads\/2018\/04\/laminowanie.jpg?resize=300%2C182&amp;ssl=1 300w\" data-sizes=\"(max-width: 750px) 100vw, 750px\" src=\"data:image\/svg+xml;base64,PHN2ZyB3aWR0aD0iMSIgaGVpZ2h0PSIxIiB4bWxucz0iaHR0cDovL3d3dy53My5vcmcvMjAwMC9zdmciPjwvc3ZnPg==\" style=\"--smush-placeholder-width: 750px; --smush-placeholder-aspect-ratio: 750\/456;\" \/><\/p>\n<p>By using lamination technology, we can combine different types of glass of any thickness, and by applying coloured films, backlit films, graphics, wallpapers, fabrics, non-woven materials, metal meshes, veneers, and other materials, we can additionally achieve an excellent decorative effect.<\/p>\n<p>The maximum dimensions of glass sheets that we can offer you are <strong>1500 x 3000 mm.<\/strong><\/p>\n<p>Laminated, safe, decorative glass has a wide range of applications as:<\/p>\n<ul>\n<li>Glass partitions<\/li>\n<li>Glass doors<\/li>\n<li>Glass balustrades<\/li>\n<li>Glass Canopies<\/li>\n<li>Shelves, glass furniture.<\/li>\n<\/ul>\n<p class=\"translation-block\">Laminated glass produced by <strong>ALHEN Artszk\u0142o<\/strong> has a certificate issued by the Institute of Ceramics and Building Materials, Glass and Building Materials Division in Krak\u00f3w.<\/p>\n<p><strong><strong>\u201cThe product \u2013 flat laminated glass\u201d manufactured by ALHEN ARTSZK\u0141O Sp. z o.o. based in Pozna\u0144 has the properties of safety laminated glass in accordance with EN-14449:2005+AC:2005 and PN-EN ISO 12543-2:2011. Its pendulum impact resistance class is: 1\/B\/1\u2033 in accordance with the PN-EN 12600:2004 standard.\u201d<\/strong><\/strong><\/p>\n\n\n<p><\/p>\n<!-- AddThis Advanced Settings generic via filter on the_content --><!-- AddThis Share Buttons generic via filter on the_content -->","protected":false},"excerpt":{"rendered":"<p>Dzi\u0119ki zastosowaniu technologii laminowania szk\u0142a otrzymujemy wyr\u00f3b sk\u0142adaj\u0105cy si\u0119 z dw\u00f3ch lub kliku tafli szk\u0142a, szk\u0142a z lustrem lub lustra z lustrem po\u0142\u0105czonych ze sob\u0105 za pomoc\u0105 folii EVA. Zastosowanie folii nowej generacji pozwala na zachowanie bezpiecze\u0144stwa, poniewa\u017c w przypadku st\u0142uczenia szk\u0142o pozostaje \u2018przyklejone\u2019 do folii, a jego od\u0142amki nie rozsypuj\u0105 si\u0119, a ewentualne p\u0119kni\u0119cia<\/p>\n<div><a class=\"btn-filled btn\" href=\"https:\/\/www.alhen.com.pl\/en\/oferta\/laminowanie-szkla\/\" title=\"Glass lamination\">Read More<\/a><\/div>\n<p><!-- AddThis Advanced Settings generic via filter on get_the_excerpt --><!-- AddThis Share Buttons generic via filter on get_the_excerpt --><\/p>","protected":false},"author":1,"featured_media":0,"parent":40,"menu_order":0,"comment_status":"closed","ping_status":"closed","template":"page-templates\/sidebar-right.php","meta":{"inline_featured_image":false,"jetpack_post_was_ever_published":false,"footnotes":""},"class_list":["post-53","page","type-page","status-publish","hentry"],"yoast_head":"<!-- This site is optimized with the Yoast SEO plugin v27.1.1 - https:\/\/yoast.com\/product\/yoast-seo-wordpress\/ -->\n<title>Laminowanie szk\u0142a - Alhen Artszk\u0142o<\/title>\n<meta name=\"robots\" content=\"index, follow, max-snippet:-1, max-image-preview:large, max-video-preview:-1\" \/>\n<link rel=\"canonical\" href=\"https:\/\/www.alhen.com.pl\/en\/oferta\/laminowanie-szkla\/\" \/>\n<meta property=\"og:locale\" content=\"en_GB\" \/>\n<meta property=\"og:type\" content=\"article\" \/>\n<meta property=\"og:title\" content=\"Laminowanie szk\u0142a - Alhen Artszk\u0142o\" \/>\n<meta property=\"og:description\" content=\"Dzi\u0119ki zastosowaniu technologii laminowania szk\u0142a otrzymujemy wyr\u00f3b sk\u0142adaj\u0105cy si\u0119 z dw\u00f3ch lub kliku tafli szk\u0142a, szk\u0142a z lustrem lub lustra z lustrem po\u0142\u0105czonych ze sob\u0105 za pomoc\u0105 folii EVA. Zastosowanie folii nowej generacji pozwala na zachowanie bezpiecze\u0144stwa, poniewa\u017c w przypadku st\u0142uczenia szk\u0142o pozostaje \u2018przyklejone\u2019 do folii, a jego od\u0142amki nie rozsypuj\u0105 si\u0119, a ewentualne p\u0119kni\u0119ciaRead More\" \/>\n<meta property=\"og:url\" content=\"https:\/\/www.alhen.com.pl\/en\/oferta\/laminowanie-szkla\/\" \/>\n<meta property=\"og:site_name\" content=\"Alhen Artszk\u0142o\" \/>\n<meta property=\"article:publisher\" content=\"https:\/\/www.facebook.com\/alhenartszklo\/\" \/>\n<meta property=\"article:modified_time\" content=\"2025-01-09T12:13:50+00:00\" \/>\n<meta property=\"og:image\" content=\"http:\/\/www.alhen.com.pl\/wp-content\/uploads\/2018\/04\/laminowanie.jpg\" \/>\n<meta name=\"twitter:card\" content=\"summary_large_image\" \/>\n<meta name=\"twitter:site\" content=\"@alhenartszklo\" \/>\n<meta name=\"twitter:label1\" content=\"Estimated reading time\" \/>\n\t<meta name=\"twitter:data1\" content=\"1 minute\" \/>\n<script type=\"application\/ld+json\" class=\"yoast-schema-graph\">{\"@context\":\"https:\/\/schema.org\",\"@graph\":[{\"@type\":\"WebPage\",\"@id\":\"https:\/\/www.alhen.com.pl\/oferta\/laminowanie-szkla\/\",\"url\":\"https:\/\/www.alhen.com.pl\/oferta\/laminowanie-szkla\/\",\"name\":\"Laminowanie szk\u0142a - Alhen Artszk\u0142o\",\"isPartOf\":{\"@id\":\"https:\/\/www.alhen.com.pl\/#website\"},\"primaryImageOfPage\":{\"@id\":\"https:\/\/www.alhen.com.pl\/oferta\/laminowanie-szkla\/#primaryimage\"},\"image\":{\"@id\":\"https:\/\/www.alhen.com.pl\/oferta\/laminowanie-szkla\/#primaryimage\"},\"thumbnailUrl\":\"http:\/\/www.alhen.com.pl\/wp-content\/uploads\/2018\/04\/laminowanie.jpg\",\"datePublished\":\"2018-03-21T22:04:30+00:00\",\"dateModified\":\"2025-01-09T12:13:50+00:00\",\"breadcrumb\":{\"@id\":\"https:\/\/www.alhen.com.pl\/oferta\/laminowanie-szkla\/#breadcrumb\"},\"inLanguage\":\"en-GB\",\"potentialAction\":[{\"@type\":\"ReadAction\",\"target\":[\"https:\/\/www.alhen.com.pl\/oferta\/laminowanie-szkla\/\"]}]},{\"@type\":\"ImageObject\",\"inLanguage\":\"en-GB\",\"@id\":\"https:\/\/www.alhen.com.pl\/oferta\/laminowanie-szkla\/#primaryimage\",\"url\":\"http:\/\/www.alhen.com.pl\/wp-content\/uploads\/2018\/04\/laminowanie.jpg\",\"contentUrl\":\"http:\/\/www.alhen.com.pl\/wp-content\/uploads\/2018\/04\/laminowanie.jpg\"},{\"@type\":\"BreadcrumbList\",\"@id\":\"https:\/\/www.alhen.com.pl\/oferta\/laminowanie-szkla\/#breadcrumb\",\"itemListElement\":[{\"@type\":\"ListItem\",\"position\":1,\"name\":\"Strona g\u0142\u00f3wna\",\"item\":\"https:\/\/www.alhen.com.pl\/\"},{\"@type\":\"ListItem\",\"position\":2,\"name\":\"Oferta\",\"item\":\"https:\/\/www.alhen.com.pl\/oferta\/\"},{\"@type\":\"ListItem\",\"position\":3,\"name\":\"Laminowanie szk\u0142a\"}]},{\"@type\":\"WebSite\",\"@id\":\"https:\/\/www.alhen.com.pl\/#website\",\"url\":\"https:\/\/www.alhen.com.pl\/\",\"name\":\"Alhen Artszk\u0142o\",\"description\":\"Szk\u0142o w architekturze wn\u0119trz\",\"publisher\":{\"@id\":\"https:\/\/www.alhen.com.pl\/#organization\"},\"potentialAction\":[{\"@type\":\"SearchAction\",\"target\":{\"@type\":\"EntryPoint\",\"urlTemplate\":\"https:\/\/www.alhen.com.pl\/?s={search_term_string}\"},\"query-input\":{\"@type\":\"PropertyValueSpecification\",\"valueRequired\":true,\"valueName\":\"search_term_string\"}}],\"inLanguage\":\"en-GB\"},{\"@type\":\"Organization\",\"@id\":\"https:\/\/www.alhen.com.pl\/#organization\",\"name\":\"ALHEN Artszk\u0142o Sp. z o.o.\",\"url\":\"https:\/\/www.alhen.com.pl\/\",\"logo\":{\"@type\":\"ImageObject\",\"inLanguage\":\"en-GB\",\"@id\":\"https:\/\/www.alhen.com.pl\/#\/schema\/logo\/image\/\",\"url\":\"https:\/\/i0.wp.com\/www.alhen.com.pl\/wp-content\/uploads\/2018\/03\/logo-alhen.png?fit=298%2C35&ssl=1\",\"contentUrl\":\"https:\/\/i0.wp.com\/www.alhen.com.pl\/wp-content\/uploads\/2018\/03\/logo-alhen.png?fit=298%2C35&ssl=1\",\"width\":298,\"height\":35,\"caption\":\"ALHEN Artszk\u0142o Sp. z o.o.\"},\"image\":{\"@id\":\"https:\/\/www.alhen.com.pl\/#\/schema\/logo\/image\/\"},\"sameAs\":[\"https:\/\/www.facebook.com\/alhenartszklo\/\",\"https:\/\/x.com\/alhenartszklo\",\"https:\/\/instagram.com\/alhen_artszklo\/\"]}]}<\/script>\n<!-- \/ Yoast SEO plugin. -->","yoast_head_json":{"title":"Laminowanie szk\u0142a - Alhen Artszk\u0142o","robots":{"index":"index","follow":"follow","max-snippet":"max-snippet:-1","max-image-preview":"max-image-preview:large","max-video-preview":"max-video-preview:-1"},"canonical":"https:\/\/www.alhen.com.pl\/en\/oferta\/laminowanie-szkla\/","og_locale":"en_GB","og_type":"article","og_title":"Laminowanie szk\u0142a - Alhen Artszk\u0142o","og_description":"Dzi\u0119ki zastosowaniu technologii laminowania szk\u0142a otrzymujemy wyr\u00f3b sk\u0142adaj\u0105cy si\u0119 z dw\u00f3ch lub kliku tafli szk\u0142a, szk\u0142a z lustrem lub lustra z lustrem po\u0142\u0105czonych ze sob\u0105 za pomoc\u0105 folii EVA. Zastosowanie folii nowej generacji pozwala na zachowanie bezpiecze\u0144stwa, poniewa\u017c w przypadku st\u0142uczenia szk\u0142o pozostaje \u2018przyklejone\u2019 do folii, a jego od\u0142amki nie rozsypuj\u0105 si\u0119, a ewentualne p\u0119kni\u0119ciaRead More","og_url":"https:\/\/www.alhen.com.pl\/en\/oferta\/laminowanie-szkla\/","og_site_name":"Alhen Artszk\u0142o","article_publisher":"https:\/\/www.facebook.com\/alhenartszklo\/","article_modified_time":"2025-01-09T12:13:50+00:00","og_image":[{"url":"http:\/\/www.alhen.com.pl\/wp-content\/uploads\/2018\/04\/laminowanie.jpg","type":"","width":"","height":""}],"twitter_card":"summary_large_image","twitter_site":"@alhenartszklo","twitter_misc":{"Estimated reading time":"1 minute"},"schema":{"@context":"https:\/\/schema.org","@graph":[{"@type":"WebPage","@id":"https:\/\/www.alhen.com.pl\/oferta\/laminowanie-szkla\/","url":"https:\/\/www.alhen.com.pl\/oferta\/laminowanie-szkla\/","name":"Laminowanie szk\u0142a - Alhen Artszk\u0142o","isPartOf":{"@id":"https:\/\/www.alhen.com.pl\/#website"},"primaryImageOfPage":{"@id":"https:\/\/www.alhen.com.pl\/oferta\/laminowanie-szkla\/#primaryimage"},"image":{"@id":"https:\/\/www.alhen.com.pl\/oferta\/laminowanie-szkla\/#primaryimage"},"thumbnailUrl":"http:\/\/www.alhen.com.pl\/wp-content\/uploads\/2018\/04\/laminowanie.jpg","datePublished":"2018-03-21T22:04:30+00:00","dateModified":"2025-01-09T12:13:50+00:00","breadcrumb":{"@id":"https:\/\/www.alhen.com.pl\/oferta\/laminowanie-szkla\/#breadcrumb"},"inLanguage":"en-GB","potentialAction":[{"@type":"ReadAction","target":["https:\/\/www.alhen.com.pl\/oferta\/laminowanie-szkla\/"]}]},{"@type":"ImageObject","inLanguage":"en-GB","@id":"https:\/\/www.alhen.com.pl\/oferta\/laminowanie-szkla\/#primaryimage","url":"http:\/\/www.alhen.com.pl\/wp-content\/uploads\/2018\/04\/laminowanie.jpg","contentUrl":"http:\/\/www.alhen.com.pl\/wp-content\/uploads\/2018\/04\/laminowanie.jpg"},{"@type":"BreadcrumbList","@id":"https:\/\/www.alhen.com.pl\/oferta\/laminowanie-szkla\/#breadcrumb","itemListElement":[{"@type":"ListItem","position":1,"name":"Strona g\u0142\u00f3wna","item":"https:\/\/www.alhen.com.pl\/"},{"@type":"ListItem","position":2,"name":"Oferta","item":"https:\/\/www.alhen.com.pl\/oferta\/"},{"@type":"ListItem","position":3,"name":"Laminowanie szk\u0142a"}]},{"@type":"WebSite","@id":"https:\/\/www.alhen.com.pl\/#website","url":"https:\/\/www.alhen.com.pl\/","name":"Alhen Artszk\u0142o","description":"Szk\u0142o w architekturze wn\u0119trz","publisher":{"@id":"https:\/\/www.alhen.com.pl\/#organization"},"potentialAction":[{"@type":"SearchAction","target":{"@type":"EntryPoint","urlTemplate":"https:\/\/www.alhen.com.pl\/?s={search_term_string}"},"query-input":{"@type":"PropertyValueSpecification","valueRequired":true,"valueName":"search_term_string"}}],"inLanguage":"en-GB"},{"@type":"Organization","@id":"https:\/\/www.alhen.com.pl\/#organization","name":"ALHEN Artszk\u0142o Sp. z o.o.","url":"https:\/\/www.alhen.com.pl\/","logo":{"@type":"ImageObject","inLanguage":"en-GB","@id":"https:\/\/www.alhen.com.pl\/#\/schema\/logo\/image\/","url":"https:\/\/i0.wp.com\/www.alhen.com.pl\/wp-content\/uploads\/2018\/03\/logo-alhen.png?fit=298%2C35&ssl=1","contentUrl":"https:\/\/i0.wp.com\/www.alhen.com.pl\/wp-content\/uploads\/2018\/03\/logo-alhen.png?fit=298%2C35&ssl=1","width":298,"height":35,"caption":"ALHEN Artszk\u0142o Sp. z o.o."},"image":{"@id":"https:\/\/www.alhen.com.pl\/#\/schema\/logo\/image\/"},"sameAs":["https:\/\/www.facebook.com\/alhenartszklo\/","https:\/\/x.com\/alhenartszklo","https:\/\/instagram.com\/alhen_artszklo\/"]}]}},"jetpack_sharing_enabled":true,"jetpack_shortlink":"https:\/\/wp.me\/P9LGPL-R","jetpack_likes_enabled":false,"jetpack-related-posts":[{"id":834,"url":"https:\/\/www.alhen.com.pl\/en\/oferta\/szklo-hartowane\/","url_meta":{"origin":53,"position":0},"title":"Tempered Glass","author":"ALHEN Artszk\u0142o","date":"11 January 2025","format":false,"excerpt":"Hartowanie szk\u0142a jest zaawansowanym technologicznie procesem zwi\u0119kszaj\u0105cym bezpiecze\u0144stwo i wytrzyma\u0142o\u015b\u0107 szk\u0142a. Proces hartowania sk\u0142ada si\u0119 z 3 etap\u00f3w: nagrzanie szk\u0142a powy\u017cej 600 stopni ( w zale\u017cno\u015bci od grubo\u015bci szk\u0142a) gwa\u0142townego sch\u0142odzenia szk\u0142a wcze\u015bniej podgrzanego kontrolowania spr\u0119\u017cania powierzchni. Zalety szk\u0142a hartowanego: zwi\u0119kszenie odporno\u015bci szk\u0142abezpiecze\u0144stwotrwa\u0142o\u015b\u0107 minimalne ryzyko skaleczeniaw przypadku zbicia rozbija si\u0119\u2026","rel":"","context":"Similar post","block_context":{"text":"Similar post","link":""},"img":{"alt_text":"","src":"https:\/\/i0.wp.com\/www.alhen.com.pl\/wp-content\/uploads\/2018\/04\/IMG_1199-e1736701333649.jpg?resize=350%2C200","width":350,"height":200,"srcset":"https:\/\/i0.wp.com\/www.alhen.com.pl\/wp-content\/uploads\/2018\/04\/IMG_1199-e1736701333649.jpg?resize=350%2C200 1x, https:\/\/i0.wp.com\/www.alhen.com.pl\/wp-content\/uploads\/2018\/04\/IMG_1199-e1736701333649.jpg?resize=525%2C300 1.5x, https:\/\/i0.wp.com\/www.alhen.com.pl\/wp-content\/uploads\/2018\/04\/IMG_1199-e1736701333649.jpg?resize=700%2C400 2x"},"classes":[]},{"id":40,"url":"https:\/\/www.alhen.com.pl\/en\/oferta\/","url_meta":{"origin":53,"position":1},"title":"Offers","author":"ALHEN Artszk\u0142o","date":"21 March 2018","format":false,"excerpt":"\u015awiadczymy us\u0142ugi dla: klient\u00f3w indywidualnych klient\u00f3w biznesowych. Do szerokiej gamy naszych produkt\u00f3w i us\u0142ug zaliczamy m.in.: Szk\u0142a i lustra: szk\u0142o typu Float od 3 do 19 mm szk\u0142o typu 'Optiwhite' od 4 do 19 mm szk\u0142o laminowane szk\u0142o hartowane szk\u0142o ornamentowe typu: Flutes, Estriado, Visiosun, Kathedral itd. lustra srebrne lustra\u2026","rel":"","context":"Similar post","block_context":{"text":"Similar post","link":""},"img":{"alt_text":"","src":"","width":0,"height":0},"classes":[]},{"id":143,"url":"https:\/\/www.alhen.com.pl\/en\/oferta\/fusing\/","url_meta":{"origin":53,"position":2},"title":"Fusing","author":"ALHEN Artszk\u0142o","date":"15 April 2018","format":false,"excerpt":"Od p\u00f3\u017anych lat 90'tych coraz bardziej znana i popularna w kr\u0119gach artystycznych stawa\u0142a si\u0119 technika wykonywania prac ze szk\u0142a nazywana fusingiem (ang. 'to fuse' czyli 'wtapia\u0107 si\u0119') zwana inaczej 'stapianiem szk\u0142a'. Metoda ta pozwala artystom i architektom na zupe\u0142nie nowe mo\u017cliwo\u015bci wyrazowe. Fusing polega na stapianiu uprzednio przygotowanych szkie\u0142 w\u2026","rel":"","context":"Similar post","block_context":{"text":"Similar post","link":""},"img":{"alt_text":"","src":"https:\/\/i0.wp.com\/www.alhen.com.pl\/wp-content\/uploads\/2018\/04\/fusing-001.jpg?resize=350%2C200","width":350,"height":200,"srcset":"https:\/\/i0.wp.com\/www.alhen.com.pl\/wp-content\/uploads\/2018\/04\/fusing-001.jpg?resize=350%2C200 1x, https:\/\/i0.wp.com\/www.alhen.com.pl\/wp-content\/uploads\/2018\/04\/fusing-001.jpg?resize=525%2C300 1.5x, https:\/\/i0.wp.com\/www.alhen.com.pl\/wp-content\/uploads\/2018\/04\/fusing-001.jpg?resize=700%2C400 2x"},"classes":[]},{"id":725,"url":"https:\/\/www.alhen.com.pl\/en\/oferta\/laminowanie-grafiki-ze-szklem\/","url_meta":{"origin":53,"position":3},"title":"Graphic Lamination","author":"ALHEN Artszk\u0142o","date":"9 January 2025","format":false,"excerpt":"Grafika na szkle to nowoczesny i jednocze\u015bnie bardzo elegacki spos\u00f3b dekoracji wn\u0119trz m.in. kuchni, \u0142azienek, salon\u00f3w, przedpokoi, sypialni. Jest to bardzo trwa\u0142a metoda dzi\u0119ki technologi wydruku UV zapewniaj\u0105ca odporno\u015b\u0107 na blakni\u0119cie i uszkodzenia. Dzi\u0119ki zastosowaniu techniki hartowania grafika staje si\u0119 bardziej wytrzyma\u0142a i odporna. Cz\u0119ste zastosowanie grafiki na szkle w\u2026","rel":"","context":"Similar post","block_context":{"text":"Similar post","link":""},"img":{"alt_text":"","src":"https:\/\/i0.wp.com\/www.alhen.com.pl\/wp-content\/uploads\/2025\/01\/IMG_7329.jpg?resize=350%2C200&ssl=1","width":350,"height":200,"srcset":"https:\/\/i0.wp.com\/www.alhen.com.pl\/wp-content\/uploads\/2025\/01\/IMG_7329.jpg?resize=350%2C200&ssl=1 1x, https:\/\/i0.wp.com\/www.alhen.com.pl\/wp-content\/uploads\/2025\/01\/IMG_7329.jpg?resize=525%2C300&ssl=1 1.5x, https:\/\/i0.wp.com\/www.alhen.com.pl\/wp-content\/uploads\/2025\/01\/IMG_7329.jpg?resize=700%2C400&ssl=1 2x, https:\/\/i0.wp.com\/www.alhen.com.pl\/wp-content\/uploads\/2025\/01\/IMG_7329.jpg?resize=1050%2C600&ssl=1 3x"},"classes":[]},{"id":799,"url":"https:\/\/www.alhen.com.pl\/en\/oferta\/obrobka-szkla-cms\/","url_meta":{"origin":53,"position":4},"title":"Glass Processing with CNC Technology","author":"ALHEN Artszk\u0142o","date":"11 January 2025","format":false,"excerpt":"Technologia CMS pozwala na wiercenie, pog\u0142\u0119bianie, frezowanie i nacinanie szk\u0142a monolitycznego, laminowanego i niskoemisyjnego. Maszyna CMS: umo\u017cliwia obr\u00f3bk\u0119 tafli szk\u0142a prostok\u0105tnego, jak i posiadaj\u0105cego inny kszta\u0142t (wymagana jest jedna strona z k\u0105tem prostym) jest wyposa\u017cona w dwa wsp\u00f3\u0142osiowe przeciwstawne elektrowrzeciona oraz system ch\u0142odzenia narz\u0119dzi wod\u0105 wewn\u0119trzn\u0105 i zewn\u0119trzn\u0105, co umo\u017cliwia\u2026","rel":"","context":"Similar post","block_context":{"text":"Similar post","link":""},"img":{"alt_text":"","src":"https:\/\/i0.wp.com\/www.alhen.com.pl\/wp-content\/uploads\/2025\/01\/CMS-zdj%C4%99cie.jpg?resize=350%2C200&ssl=1","width":350,"height":200,"srcset":"https:\/\/i0.wp.com\/www.alhen.com.pl\/wp-content\/uploads\/2025\/01\/CMS-zdj%C4%99cie.jpg?resize=350%2C200&ssl=1 1x, https:\/\/i0.wp.com\/www.alhen.com.pl\/wp-content\/uploads\/2025\/01\/CMS-zdj%C4%99cie.jpg?resize=525%2C300&ssl=1 1.5x"},"classes":[]},{"id":42,"url":"https:\/\/www.alhen.com.pl\/en\/oferta\/obrobka-szkla-i-luster\/","url_meta":{"origin":53,"position":5},"title":"Glass and mirror processing","author":"ALHEN Artszk\u0142o","date":"21 March 2018","format":false,"excerpt":"Wykonujemy obr\u00f3bk\u0119* szk\u0142a i luster poprzez szlifowanie, polerowanie oraz ukosowanie pod k\u0105tem z materia\u0142u w\u0142asnego jak i \u00a0powierzonego przez klienta. Szlifowanie kraw\u0119dzi polega na maszynowym wyg\u0142adzeniu ostrych kraw\u0119dzi i mikro nier\u00f3wno\u015bci powsta\u0142ych podczas jego krojenia. Proces ten pozwala na eliminacj\u0119 jakichkolwiek nier\u00f3wno\u015bci, ostro\u015bci oraz mikrop\u0119kni\u0119\u0107 nadaj\u0105c szk\u0142u nast\u0119puj\u0105ce cechy: bezpiecze\u0144stwo\u2026","rel":"","context":"Similar post","block_context":{"text":"Similar post","link":""},"img":{"alt_text":"","src":"https:\/\/i0.wp.com\/www.alhen.com.pl\/wp-content\/uploads\/2018\/04\/obrobka-szkla.jpg?resize=350%2C200","width":350,"height":200,"srcset":"https:\/\/i0.wp.com\/www.alhen.com.pl\/wp-content\/uploads\/2018\/04\/obrobka-szkla.jpg?resize=350%2C200 1x, https:\/\/i0.wp.com\/www.alhen.com.pl\/wp-content\/uploads\/2018\/04\/obrobka-szkla.jpg?resize=525%2C300 1.5x, https:\/\/i0.wp.com\/www.alhen.com.pl\/wp-content\/uploads\/2018\/04\/obrobka-szkla.jpg?resize=700%2C400 2x"},"classes":[]}],"_links":{"self":[{"href":"https:\/\/www.alhen.com.pl\/en\/wp-json\/wp\/v2\/pages\/53","targetHints":{"allow":["GET"]}}],"collection":[{"href":"https:\/\/www.alhen.com.pl\/en\/wp-json\/wp\/v2\/pages"}],"about":[{"href":"https:\/\/www.alhen.com.pl\/en\/wp-json\/wp\/v2\/types\/page"}],"author":[{"embeddable":true,"href":"https:\/\/www.alhen.com.pl\/en\/wp-json\/wp\/v2\/users\/1"}],"replies":[{"embeddable":true,"href":"https:\/\/www.alhen.com.pl\/en\/wp-json\/wp\/v2\/comments?post=53"}],"version-history":[{"count":6,"href":"https:\/\/www.alhen.com.pl\/en\/wp-json\/wp\/v2\/pages\/53\/revisions"}],"predecessor-version":[{"id":738,"href":"https:\/\/www.alhen.com.pl\/en\/wp-json\/wp\/v2\/pages\/53\/revisions\/738"}],"up":[{"embeddable":true,"href":"https:\/\/www.alhen.com.pl\/en\/wp-json\/wp\/v2\/pages\/40"}],"wp:attachment":[{"href":"https:\/\/www.alhen.com.pl\/en\/wp-json\/wp\/v2\/media?parent=53"}],"curies":[{"name":"wp","href":"https:\/\/api.w.org\/{rel}","templated":true}]}}