{"id":29,"date":"2018-03-19T21:51:13","date_gmt":"2018-03-19T20:51:13","guid":{"rendered":"https:\/\/www.alhen.com.pl\/index.php\/front-page\/"},"modified":"2025-02-27T03:02:37","modified_gmt":"2025-02-27T02:02:37","slug":"front-page","status":"publish","type":"page","link":"https:\/\/www.alhen.com.pl\/en\/","title":{"rendered":"Front Page"},"content":{"rendered":"<!-- AddThis Advanced Settings generic via filter on the_content --><!-- AddThis Share Buttons generic via filter on the_content -->","protected":false},"excerpt":{"rendered":"<p><!-- AddThis Advanced Settings generic via filter on get_the_excerpt --><!-- AddThis Share Buttons generic via filter on get_the_excerpt --><\/p>","protected":false},"author":1,"featured_media":36,"parent":0,"menu_order":0,"comment_status":"closed","ping_status":"closed","template":"page-templates\/template-home.php","meta":{"inline_featured_image":false,"jetpack_post_was_ever_published":false,"footnotes":""},"class_list":["post-29","page","type-page","status-publish","has-post-thumbnail","hentry"],"yoast_head":"<!-- This site is optimized with the Yoast SEO plugin v27.1.1 - https:\/\/yoast.com\/product\/yoast-seo-wordpress\/ -->\n<title>Alhen Artszk\u0142o - Profesjonalne us\u0142ugi szklarskie Pozna\u0144<\/title>\n<meta name=\"description\" content=\"Alhen oferuje us\u0142ugi szklarskie w Poznaniu i okolicach. Specjalizujemy si\u0119 w obr\u00f3bce szk\u0142a i luster, w tym szlifowaniu, fazowaniu oraz laminowaniu szk\u0142a. Dodatkowo, wykonujemy precyzyjne ci\u0119cie strumieniem wody (waterjet). Sprawd\u017a nasz\u0105 ofert\u0119 i skorzystaj z naszych us\u0142ug, aby uzyska\u0107 najwy\u017csz\u0105 jako\u015b\u0107 szk\u0142a dla Twojego projektu!\" \/>\n<meta name=\"robots\" content=\"index, follow, max-snippet:-1, max-image-preview:large, max-video-preview:-1\" \/>\n<link rel=\"canonical\" href=\"https:\/\/www.alhen.com.pl\/en\/\" \/>\n<meta property=\"og:locale\" content=\"en_GB\" \/>\n<meta property=\"og:type\" content=\"article\" \/>\n<meta property=\"og:title\" content=\"Alhen Artszk\u0142o - Profesjonalne us\u0142ugi szklarskie Pozna\u0144\" \/>\n<meta property=\"og:description\" content=\"Alhen oferuje us\u0142ugi szklarskie w Poznaniu i okolicach. Specjalizujemy si\u0119 w obr\u00f3bce szk\u0142a i luster, w tym szlifowaniu, fazowaniu oraz laminowaniu szk\u0142a. Dodatkowo, wykonujemy precyzyjne ci\u0119cie strumieniem wody (waterjet). Sprawd\u017a nasz\u0105 ofert\u0119 i skorzystaj z naszych us\u0142ug, aby uzyska\u0107 najwy\u017csz\u0105 jako\u015b\u0107 szk\u0142a dla Twojego projektu!\" \/>\n<meta property=\"og:url\" content=\"https:\/\/www.alhen.com.pl\/en\/\" \/>\n<meta property=\"og:site_name\" content=\"Alhen Artszk\u0142o\" \/>\n<meta property=\"article:publisher\" content=\"https:\/\/www.facebook.com\/alhenartszklo\/\" \/>\n<meta property=\"article:modified_time\" content=\"2025-02-27T02:02:37+00:00\" \/>\n<meta property=\"og:image\" content=\"https:\/\/www.alhen.com.pl\/wp-content\/uploads\/2018\/03\/banner.jpg\" \/>\n\t<meta property=\"og:image:width\" content=\"1920\" \/>\n\t<meta property=\"og:image:height\" content=\"1280\" \/>\n\t<meta property=\"og:image:type\" content=\"image\/jpeg\" \/>\n<meta name=\"twitter:card\" content=\"summary_large_image\" \/>\n<meta name=\"twitter:site\" content=\"@alhenartszklo\" \/>\n<meta name=\"twitter:label1\" content=\"Estimated reading time\" \/>\n\t<meta name=\"twitter:data1\" content=\"1 minute\" \/>\n<script type=\"application\/ld+json\" class=\"yoast-schema-graph\">{\"@context\":\"https:\/\/schema.org\",\"@graph\":[{\"@type\":\"WebPage\",\"@id\":\"https:\/\/www.alhen.com.pl\/\",\"url\":\"https:\/\/www.alhen.com.pl\/\",\"name\":\"Alhen Artszk\u0142o - Profesjonalne us\u0142ugi szklarskie Pozna\u0144\",\"isPartOf\":{\"@id\":\"https:\/\/www.alhen.com.pl\/#website\"},\"primaryImageOfPage\":{\"@id\":\"https:\/\/www.alhen.com.pl\/#primaryimage\"},\"image\":{\"@id\":\"https:\/\/www.alhen.com.pl\/#primaryimage\"},\"thumbnailUrl\":\"https:\/\/i0.wp.com\/www.alhen.com.pl\/wp-content\/uploads\/2018\/03\/banner.jpg?fit=1920%2C1280&ssl=1\",\"datePublished\":\"2018-03-19T20:51:13+00:00\",\"dateModified\":\"2025-02-27T02:02:37+00:00\",\"description\":\"Alhen oferuje us\u0142ugi szklarskie w Poznaniu i okolicach. Specjalizujemy si\u0119 w obr\u00f3bce szk\u0142a i luster, w tym szlifowaniu, fazowaniu oraz laminowaniu szk\u0142a. Dodatkowo, wykonujemy precyzyjne ci\u0119cie strumieniem wody (waterjet). Sprawd\u017a nasz\u0105 ofert\u0119 i skorzystaj z naszych us\u0142ug, aby uzyska\u0107 najwy\u017csz\u0105 jako\u015b\u0107 szk\u0142a dla Twojego projektu!\",\"breadcrumb\":{\"@id\":\"https:\/\/www.alhen.com.pl\/#breadcrumb\"},\"inLanguage\":\"en-GB\",\"potentialAction\":[{\"@type\":\"ReadAction\",\"target\":[\"https:\/\/www.alhen.com.pl\/\"]}]},{\"@type\":\"ImageObject\",\"inLanguage\":\"en-GB\",\"@id\":\"https:\/\/www.alhen.com.pl\/#primaryimage\",\"url\":\"https:\/\/i0.wp.com\/www.alhen.com.pl\/wp-content\/uploads\/2018\/03\/banner.jpg?fit=1920%2C1280&ssl=1\",\"contentUrl\":\"https:\/\/i0.wp.com\/www.alhen.com.pl\/wp-content\/uploads\/2018\/03\/banner.jpg?fit=1920%2C1280&ssl=1\",\"width\":1920,\"height\":1280,\"caption\":\"Obr\u00f3bka szk\u0142a i luster\"},{\"@type\":\"BreadcrumbList\",\"@id\":\"https:\/\/www.alhen.com.pl\/#breadcrumb\",\"itemListElement\":[{\"@type\":\"ListItem\",\"position\":1,\"name\":\"Strona g\u0142\u00f3wna\",\"item\":\"https:\/\/www.alhen.com.pl\/\"},{\"@type\":\"ListItem\",\"position\":2,\"name\":\"Front Page\"}]},{\"@type\":\"WebSite\",\"@id\":\"https:\/\/www.alhen.com.pl\/#website\",\"url\":\"https:\/\/www.alhen.com.pl\/\",\"name\":\"Alhen Artszk\u0142o\",\"description\":\"Szk\u0142o w architekturze wn\u0119trz\",\"publisher\":{\"@id\":\"https:\/\/www.alhen.com.pl\/#organization\"},\"potentialAction\":[{\"@type\":\"SearchAction\",\"target\":{\"@type\":\"EntryPoint\",\"urlTemplate\":\"https:\/\/www.alhen.com.pl\/?s={search_term_string}\"},\"query-input\":{\"@type\":\"PropertyValueSpecification\",\"valueRequired\":true,\"valueName\":\"search_term_string\"}}],\"inLanguage\":\"en-GB\"},{\"@type\":\"Organization\",\"@id\":\"https:\/\/www.alhen.com.pl\/#organization\",\"name\":\"ALHEN Artszk\u0142o Sp. z o.o.\",\"url\":\"https:\/\/www.alhen.com.pl\/\",\"logo\":{\"@type\":\"ImageObject\",\"inLanguage\":\"en-GB\",\"@id\":\"https:\/\/www.alhen.com.pl\/#\/schema\/logo\/image\/\",\"url\":\"https:\/\/i0.wp.com\/www.alhen.com.pl\/wp-content\/uploads\/2018\/03\/logo-alhen.png?fit=298%2C35&ssl=1\",\"contentUrl\":\"https:\/\/i0.wp.com\/www.alhen.com.pl\/wp-content\/uploads\/2018\/03\/logo-alhen.png?fit=298%2C35&ssl=1\",\"width\":298,\"height\":35,\"caption\":\"ALHEN Artszk\u0142o Sp. z o.o.\"},\"image\":{\"@id\":\"https:\/\/www.alhen.com.pl\/#\/schema\/logo\/image\/\"},\"sameAs\":[\"https:\/\/www.facebook.com\/alhenartszklo\/\",\"https:\/\/x.com\/alhenartszklo\",\"https:\/\/instagram.com\/alhen_artszklo\/\"]}]}<\/script>\n<!-- \/ Yoast SEO plugin. -->","yoast_head_json":{"title":"Alhen Artszk\u0142o - Profesjonalne us\u0142ugi szklarskie Pozna\u0144","description":"Alhen oferuje us\u0142ugi szklarskie w Poznaniu i okolicach. Specjalizujemy si\u0119 w obr\u00f3bce szk\u0142a i luster, w tym szlifowaniu, fazowaniu oraz laminowaniu szk\u0142a. Dodatkowo, wykonujemy precyzyjne ci\u0119cie strumieniem wody (waterjet). Sprawd\u017a nasz\u0105 ofert\u0119 i skorzystaj z naszych us\u0142ug, aby uzyska\u0107 najwy\u017csz\u0105 jako\u015b\u0107 szk\u0142a dla Twojego projektu!","robots":{"index":"index","follow":"follow","max-snippet":"max-snippet:-1","max-image-preview":"max-image-preview:large","max-video-preview":"max-video-preview:-1"},"canonical":"https:\/\/www.alhen.com.pl\/en\/","og_locale":"en_GB","og_type":"article","og_title":"Alhen Artszk\u0142o - Profesjonalne us\u0142ugi szklarskie Pozna\u0144","og_description":"Alhen oferuje us\u0142ugi szklarskie w Poznaniu i okolicach. Specjalizujemy si\u0119 w obr\u00f3bce szk\u0142a i luster, w tym szlifowaniu, fazowaniu oraz laminowaniu szk\u0142a. Dodatkowo, wykonujemy precyzyjne ci\u0119cie strumieniem wody (waterjet). Sprawd\u017a nasz\u0105 ofert\u0119 i skorzystaj z naszych us\u0142ug, aby uzyska\u0107 najwy\u017csz\u0105 jako\u015b\u0107 szk\u0142a dla Twojego projektu!","og_url":"https:\/\/www.alhen.com.pl\/en\/","og_site_name":"Alhen Artszk\u0142o","article_publisher":"https:\/\/www.facebook.com\/alhenartszklo\/","article_modified_time":"2025-02-27T02:02:37+00:00","og_image":[{"width":1920,"height":1280,"url":"https:\/\/www.alhen.com.pl\/wp-content\/uploads\/2018\/03\/banner.jpg","type":"image\/jpeg"}],"twitter_card":"summary_large_image","twitter_site":"@alhenartszklo","twitter_misc":{"Estimated reading time":"1 minute"},"schema":{"@context":"https:\/\/schema.org","@graph":[{"@type":"WebPage","@id":"https:\/\/www.alhen.com.pl\/","url":"https:\/\/www.alhen.com.pl\/","name":"Alhen Artszk\u0142o - Profesjonalne us\u0142ugi szklarskie Pozna\u0144","isPartOf":{"@id":"https:\/\/www.alhen.com.pl\/#website"},"primaryImageOfPage":{"@id":"https:\/\/www.alhen.com.pl\/#primaryimage"},"image":{"@id":"https:\/\/www.alhen.com.pl\/#primaryimage"},"thumbnailUrl":"https:\/\/i0.wp.com\/www.alhen.com.pl\/wp-content\/uploads\/2018\/03\/banner.jpg?fit=1920%2C1280&ssl=1","datePublished":"2018-03-19T20:51:13+00:00","dateModified":"2025-02-27T02:02:37+00:00","description":"Alhen oferuje us\u0142ugi szklarskie w Poznaniu i okolicach. Specjalizujemy si\u0119 w obr\u00f3bce szk\u0142a i luster, w tym szlifowaniu, fazowaniu oraz laminowaniu szk\u0142a. Dodatkowo, wykonujemy precyzyjne ci\u0119cie strumieniem wody (waterjet). Sprawd\u017a nasz\u0105 ofert\u0119 i skorzystaj z naszych us\u0142ug, aby uzyska\u0107 najwy\u017csz\u0105 jako\u015b\u0107 szk\u0142a dla Twojego projektu!","breadcrumb":{"@id":"https:\/\/www.alhen.com.pl\/#breadcrumb"},"inLanguage":"en-GB","potentialAction":[{"@type":"ReadAction","target":["https:\/\/www.alhen.com.pl\/"]}]},{"@type":"ImageObject","inLanguage":"en-GB","@id":"https:\/\/www.alhen.com.pl\/#primaryimage","url":"https:\/\/i0.wp.com\/www.alhen.com.pl\/wp-content\/uploads\/2018\/03\/banner.jpg?fit=1920%2C1280&ssl=1","contentUrl":"https:\/\/i0.wp.com\/www.alhen.com.pl\/wp-content\/uploads\/2018\/03\/banner.jpg?fit=1920%2C1280&ssl=1","width":1920,"height":1280,"caption":"Obr\u00f3bka szk\u0142a i luster"},{"@type":"BreadcrumbList","@id":"https:\/\/www.alhen.com.pl\/#breadcrumb","itemListElement":[{"@type":"ListItem","position":1,"name":"Strona g\u0142\u00f3wna","item":"https:\/\/www.alhen.com.pl\/"},{"@type":"ListItem","position":2,"name":"Front Page"}]},{"@type":"WebSite","@id":"https:\/\/www.alhen.com.pl\/#website","url":"https:\/\/www.alhen.com.pl\/","name":"Alhen Artszk\u0142o","description":"Szk\u0142o w architekturze wn\u0119trz","publisher":{"@id":"https:\/\/www.alhen.com.pl\/#organization"},"potentialAction":[{"@type":"SearchAction","target":{"@type":"EntryPoint","urlTemplate":"https:\/\/www.alhen.com.pl\/?s={search_term_string}"},"query-input":{"@type":"PropertyValueSpecification","valueRequired":true,"valueName":"search_term_string"}}],"inLanguage":"en-GB"},{"@type":"Organization","@id":"https:\/\/www.alhen.com.pl\/#organization","name":"ALHEN Artszk\u0142o Sp. z o.o.","url":"https:\/\/www.alhen.com.pl\/","logo":{"@type":"ImageObject","inLanguage":"en-GB","@id":"https:\/\/www.alhen.com.pl\/#\/schema\/logo\/image\/","url":"https:\/\/i0.wp.com\/www.alhen.com.pl\/wp-content\/uploads\/2018\/03\/logo-alhen.png?fit=298%2C35&ssl=1","contentUrl":"https:\/\/i0.wp.com\/www.alhen.com.pl\/wp-content\/uploads\/2018\/03\/logo-alhen.png?fit=298%2C35&ssl=1","width":298,"height":35,"caption":"ALHEN Artszk\u0142o Sp. z o.o."},"image":{"@id":"https:\/\/www.alhen.com.pl\/#\/schema\/logo\/image\/"},"sameAs":["https:\/\/www.facebook.com\/alhenartszklo\/","https:\/\/x.com\/alhenartszklo","https:\/\/instagram.com\/alhen_artszklo\/"]}]}},"jetpack_sharing_enabled":true,"jetpack_shortlink":"https:\/\/wp.me\/P9LGPL-t","jetpack_likes_enabled":true,"jetpack-related-posts":[],"_links":{"self":[{"href":"https:\/\/www.alhen.com.pl\/en\/wp-json\/wp\/v2\/pages\/29","targetHints":{"allow":["GET"]}}],"collection":[{"href":"https:\/\/www.alhen.com.pl\/en\/wp-json\/wp\/v2\/pages"}],"about":[{"href":"https:\/\/www.alhen.com.pl\/en\/wp-json\/wp\/v2\/types\/page"}],"author":[{"embeddable":true,"href":"https:\/\/www.alhen.com.pl\/en\/wp-json\/wp\/v2\/users\/1"}],"replies":[{"embeddable":true,"href":"https:\/\/www.alhen.com.pl\/en\/wp-json\/wp\/v2\/comments?post=29"}],"version-history":[{"count":2,"href":"https:\/\/www.alhen.com.pl\/en\/wp-json\/wp\/v2\/pages\/29\/revisions"}],"predecessor-version":[{"id":1679,"href":"https:\/\/www.alhen.com.pl\/en\/wp-json\/wp\/v2\/pages\/29\/revisions\/1679"}],"wp:featuredmedia":[{"embeddable":true,"href":"https:\/\/www.alhen.com.pl\/en\/wp-json\/wp\/v2\/media\/36"}],"wp:attachment":[{"href":"https:\/\/www.alhen.com.pl\/en\/wp-json\/wp\/v2\/media?parent=29"}],"curies":[{"name":"wp","href":"https:\/\/api.w.org\/{rel}","templated":true}]}}