{"id":143,"date":"2018-04-15T22:59:23","date_gmt":"2018-04-15T20:59:23","guid":{"rendered":"https:\/\/www.alhen.com.pl\/?page_id=143"},"modified":"2025-01-12T12:54:46","modified_gmt":"2025-01-12T11:54:46","slug":"fusing","status":"publish","type":"page","link":"https:\/\/www.alhen.com.pl\/en\/oferta\/fusing\/","title":{"rendered":"Fusing"},"content":{"rendered":"<p>Since the late 1990s, the technique of creating glass works known as fusing (from the English 'to fuse', meaning 'to melt together'), also referred to as 'melting glass', has become increasingly well-known and popular in artistic circles. This method offers artists and architects entirely new expressive possibilities.<\/p>\n<p class=\"translation-block\"><strong>Fusing<\/strong> involves melting previously prepared glass in a kiln at a temperature of approximately 700 \u2013 850 degrees Celsius, allowing for the creation of large glass formats without the need to join elements with lead, which was previously the only solution. Furthermore, it is possible to achieve relief glass with a sculptural effect. Using metal oxides, granules, and enamels, the glass can also be coloured. Integrated with its surroundings and the changing light, it begins to take on a life of its own, which is what makes fused glass so extraordinary.<\/p>\n<p><img data-recalc-dims=\"1\" decoding=\"async\" data-attachment-id=\"151\" data-permalink=\"https:\/\/www.alhen.com.pl\/en\/oferta\/fusing\/fusing-001\/\" data-orig-file=\"https:\/\/i0.wp.com\/www.alhen.com.pl\/wp-content\/uploads\/2018\/04\/fusing-001.jpg?fit=750%2C457&amp;ssl=1\" data-orig-size=\"750,457\" data-comments-opened=\"1\" data-image-meta=\"{&quot;aperture&quot;:&quot;0&quot;,&quot;credit&quot;:&quot;&quot;,&quot;camera&quot;:&quot;&quot;,&quot;caption&quot;:&quot;&quot;,&quot;created_timestamp&quot;:&quot;0&quot;,&quot;copyright&quot;:&quot;&quot;,&quot;focal_length&quot;:&quot;0&quot;,&quot;iso&quot;:&quot;0&quot;,&quot;shutter_speed&quot;:&quot;0&quot;,&quot;title&quot;:&quot;&quot;,&quot;orientation&quot;:&quot;0&quot;}\" data-image-title=\"fusing-001\" data-image-description=\"\" data-image-caption=\"\" data-medium-file=\"https:\/\/i0.wp.com\/www.alhen.com.pl\/wp-content\/uploads\/2018\/04\/fusing-001.jpg?fit=300%2C183&amp;ssl=1\" data-large-file=\"https:\/\/i0.wp.com\/www.alhen.com.pl\/wp-content\/uploads\/2018\/04\/fusing-001.jpg?fit=750%2C457&amp;ssl=1\" class=\"alignnone size-full wp-image-151 lazyload\" data-src=\"https:\/\/i0.wp.com\/www.alhen.com.pl\/wp-content\/uploads\/2018\/04\/fusing-001.jpg?resize=750%2C457\" alt=\"\" width=\"750\" height=\"457\" data-srcset=\"https:\/\/i0.wp.com\/www.alhen.com.pl\/wp-content\/uploads\/2018\/04\/fusing-001.jpg?w=750&amp;ssl=1 750w, https:\/\/i0.wp.com\/www.alhen.com.pl\/wp-content\/uploads\/2018\/04\/fusing-001.jpg?resize=300%2C183&amp;ssl=1 300w\" data-sizes=\"(max-width: 750px) 100vw, 750px\" src=\"data:image\/svg+xml;base64,PHN2ZyB3aWR0aD0iMSIgaGVpZ2h0PSIxIiB4bWxucz0iaHR0cDovL3d3dy53My5vcmcvMjAwMC9zdmciPjwvc3ZnPg==\" style=\"--smush-placeholder-width: 750px; --smush-placeholder-aspect-ratio: 750\/457;\" \/><\/p>\n<p>In our studio, decorative glass artworks can be created (when illuminated, they will complement the interior):<\/p>\n<p><strong>Large-format elements of interior architecture:<\/strong><\/p>\n<ul>\n<li>Partitions that symbolically separate areas within the interior<\/li>\n<li>Partition walls<\/li>\n<li>Doors<\/li>\n<li>Simple shower cabins<\/li>\n<li>Balustrades<\/li>\n<li>Bar walls and others.<\/li>\n<\/ul>\n<p><strong>Small forms:<\/strong><\/p>\n<ul>\n<li>Glass tiles<\/li>\n<li>Mirror decorations<\/li>\n<li>Bathroom decorations<\/li>\n<li>Bowls, platters<\/li>\n<li>Exquisite statuettes<\/li>\n<li>Small glazing for doors and cabinet fronts<\/li>\n<li>Glass mosaics.<\/li>\n<\/ul>\n<p><strong>Fused glass in landscape architecture:<\/strong><\/p>\n<ul type=\"disc\">\n<li>Glass objects that are unique and innovative elements of landscape architecture. Glass that allows changing sunlight to pass through can create an extraordinary atmosphere in the garden, and in the evening, with the use of artificial lighting, the garden will gain a fairy-tale character.<\/li>\n<\/ul>\n<p>Projects and implementations can have both secular and sacred dimensions. We realise glass for both the interiors of private buildings and public utility facilities.<\/p>\n<p>In the field of FUSING, we have collaborated for many years with Joanna Zielecka, Master of Arts, a designer of glass in architecture.<\/p>\n<p class=\"translation-block\"><strong>Designer Joanna Zielecka<\/strong> \u2013 a graduate of the University of Arts in Pozna\u0144, she completed her artistic diploma in 2012 using the fusing technique in the Studio of Painting in Architecture and Urban Planning under the guidance of Professor Marek Jakuszewski. She has participated in group exhibitions of contemporary art and has presented her work in solo exhibitions. She specialises in fused glass, designs stained glass, creates large-scale conceptual drawings, and paints. Her passion for interior design and product design proves to be exceptionally useful when creating glass pieces tailored to specific interiors.<\/p>\n<p><img data-recalc-dims=\"1\" decoding=\"async\" data-attachment-id=\"152\" data-permalink=\"https:\/\/www.alhen.com.pl\/en\/oferta\/fusing\/fusing-002\/\" data-orig-file=\"https:\/\/i0.wp.com\/www.alhen.com.pl\/wp-content\/uploads\/2018\/04\/fusing-002.jpg?fit=750%2C382&amp;ssl=1\" data-orig-size=\"750,382\" data-comments-opened=\"1\" data-image-meta=\"{&quot;aperture&quot;:&quot;0&quot;,&quot;credit&quot;:&quot;&quot;,&quot;camera&quot;:&quot;&quot;,&quot;caption&quot;:&quot;&quot;,&quot;created_timestamp&quot;:&quot;0&quot;,&quot;copyright&quot;:&quot;&quot;,&quot;focal_length&quot;:&quot;0&quot;,&quot;iso&quot;:&quot;0&quot;,&quot;shutter_speed&quot;:&quot;0&quot;,&quot;title&quot;:&quot;&quot;,&quot;orientation&quot;:&quot;0&quot;}\" data-image-title=\"fusing-002\" data-image-description=\"\" data-image-caption=\"\" data-medium-file=\"https:\/\/i0.wp.com\/www.alhen.com.pl\/wp-content\/uploads\/2018\/04\/fusing-002.jpg?fit=300%2C153&amp;ssl=1\" data-large-file=\"https:\/\/i0.wp.com\/www.alhen.com.pl\/wp-content\/uploads\/2018\/04\/fusing-002.jpg?fit=750%2C382&amp;ssl=1\" class=\"alignnone size-full wp-image-152 lazyload\" data-src=\"https:\/\/i0.wp.com\/www.alhen.com.pl\/wp-content\/uploads\/2018\/04\/fusing-002.jpg?resize=750%2C382\" alt=\"\" width=\"750\" height=\"382\" data-srcset=\"https:\/\/i0.wp.com\/www.alhen.com.pl\/wp-content\/uploads\/2018\/04\/fusing-002.jpg?w=750&amp;ssl=1 750w, https:\/\/i0.wp.com\/www.alhen.com.pl\/wp-content\/uploads\/2018\/04\/fusing-002.jpg?resize=300%2C153&amp;ssl=1 300w\" data-sizes=\"(max-width: 750px) 100vw, 750px\" src=\"data:image\/svg+xml;base64,PHN2ZyB3aWR0aD0iMSIgaGVpZ2h0PSIxIiB4bWxucz0iaHR0cDovL3d3dy53My5vcmcvMjAwMC9zdmciPjwvc3ZnPg==\" style=\"--smush-placeholder-width: 750px; --smush-placeholder-aspect-ratio: 750\/382;\" \/><\/p>\n<!-- AddThis Advanced Settings generic via filter on the_content --><!-- AddThis Share Buttons generic via filter on the_content -->","protected":false},"excerpt":{"rendered":"<p>Od p\u00f3\u017anych lat 90&#8217;tych coraz bardziej znana i popularna w kr\u0119gach artystycznych stawa\u0142a si\u0119 technika wykonywania prac ze szk\u0142a nazywana fusingiem (ang. 'to fuse&#8217; czyli 'wtapia\u0107 si\u0119&#8217;) zwana inaczej 'stapianiem szk\u0142a&#8217;. Metoda ta pozwala artystom i architektom na zupe\u0142nie nowe mo\u017cliwo\u015bci wyrazowe. Fusing polega na stapianiu uprzednio przygotowanych szkie\u0142 w piecu, w temperaturze ok. 700<\/p>\n<div><a class=\"btn-filled btn\" href=\"https:\/\/www.alhen.com.pl\/en\/oferta\/fusing\/\" title=\"Fusing\">Read More<\/a><\/div>\n<p><!-- AddThis Advanced Settings generic via filter on get_the_excerpt --><!-- AddThis Share Buttons generic via filter on get_the_excerpt --><\/p>","protected":false},"author":1,"featured_media":0,"parent":40,"menu_order":0,"comment_status":"closed","ping_status":"closed","template":"page-templates\/sidebar-right.php","meta":{"inline_featured_image":false,"jetpack_post_was_ever_published":false,"footnotes":""},"class_list":["post-143","page","type-page","status-publish","hentry"],"yoast_head":"<!-- This site is optimized with the Yoast SEO plugin v27.1.1 - https:\/\/yoast.com\/product\/yoast-seo-wordpress\/ -->\n<title>Fusing - Alhen Artszk\u0142o<\/title>\n<meta name=\"robots\" content=\"index, follow, max-snippet:-1, max-image-preview:large, max-video-preview:-1\" \/>\n<link rel=\"canonical\" href=\"https:\/\/www.alhen.com.pl\/en\/oferta\/fusing\/\" \/>\n<meta property=\"og:locale\" content=\"en_GB\" \/>\n<meta property=\"og:type\" content=\"article\" \/>\n<meta property=\"og:title\" content=\"Fusing - Alhen Artszk\u0142o\" \/>\n<meta property=\"og:description\" content=\"Od p\u00f3\u017anych lat 90&#8217;tych coraz bardziej znana i popularna w kr\u0119gach artystycznych stawa\u0142a si\u0119 technika wykonywania prac ze szk\u0142a nazywana fusingiem (ang. &#039;to fuse&#8217; czyli &#039;wtapia\u0107 si\u0119&#8217;) zwana inaczej &#039;stapianiem szk\u0142a&#8217;. Metoda ta pozwala artystom i architektom na zupe\u0142nie nowe mo\u017cliwo\u015bci wyrazowe. Fusing polega na stapianiu uprzednio przygotowanych szkie\u0142 w piecu, w temperaturze ok. 700Read More\" \/>\n<meta property=\"og:url\" content=\"https:\/\/www.alhen.com.pl\/en\/oferta\/fusing\/\" \/>\n<meta property=\"og:site_name\" content=\"Alhen Artszk\u0142o\" \/>\n<meta property=\"article:publisher\" content=\"https:\/\/www.facebook.com\/alhenartszklo\/\" \/>\n<meta property=\"article:modified_time\" content=\"2025-01-12T11:54:46+00:00\" \/>\n<meta property=\"og:image\" content=\"http:\/\/www.alhen.com.pl\/wp-content\/uploads\/2018\/04\/fusing-001.jpg\" \/>\n<meta name=\"twitter:card\" content=\"summary_large_image\" \/>\n<meta name=\"twitter:site\" content=\"@alhenartszklo\" \/>\n<meta name=\"twitter:label1\" content=\"Estimated reading time\" \/>\n\t<meta name=\"twitter:data1\" content=\"2 minutes\" \/>\n<script type=\"application\/ld+json\" class=\"yoast-schema-graph\">{\"@context\":\"https:\/\/schema.org\",\"@graph\":[{\"@type\":\"WebPage\",\"@id\":\"https:\/\/www.alhen.com.pl\/oferta\/fusing\/\",\"url\":\"https:\/\/www.alhen.com.pl\/oferta\/fusing\/\",\"name\":\"Fusing - Alhen Artszk\u0142o\",\"isPartOf\":{\"@id\":\"https:\/\/www.alhen.com.pl\/#website\"},\"primaryImageOfPage\":{\"@id\":\"https:\/\/www.alhen.com.pl\/oferta\/fusing\/#primaryimage\"},\"image\":{\"@id\":\"https:\/\/www.alhen.com.pl\/oferta\/fusing\/#primaryimage\"},\"thumbnailUrl\":\"http:\/\/www.alhen.com.pl\/wp-content\/uploads\/2018\/04\/fusing-001.jpg\",\"datePublished\":\"2018-04-15T20:59:23+00:00\",\"dateModified\":\"2025-01-12T11:54:46+00:00\",\"breadcrumb\":{\"@id\":\"https:\/\/www.alhen.com.pl\/oferta\/fusing\/#breadcrumb\"},\"inLanguage\":\"en-GB\",\"potentialAction\":[{\"@type\":\"ReadAction\",\"target\":[\"https:\/\/www.alhen.com.pl\/oferta\/fusing\/\"]}]},{\"@type\":\"ImageObject\",\"inLanguage\":\"en-GB\",\"@id\":\"https:\/\/www.alhen.com.pl\/oferta\/fusing\/#primaryimage\",\"url\":\"http:\/\/www.alhen.com.pl\/wp-content\/uploads\/2018\/04\/fusing-001.jpg\",\"contentUrl\":\"http:\/\/www.alhen.com.pl\/wp-content\/uploads\/2018\/04\/fusing-001.jpg\"},{\"@type\":\"BreadcrumbList\",\"@id\":\"https:\/\/www.alhen.com.pl\/oferta\/fusing\/#breadcrumb\",\"itemListElement\":[{\"@type\":\"ListItem\",\"position\":1,\"name\":\"Strona g\u0142\u00f3wna\",\"item\":\"https:\/\/www.alhen.com.pl\/\"},{\"@type\":\"ListItem\",\"position\":2,\"name\":\"Oferta\",\"item\":\"https:\/\/www.alhen.com.pl\/oferta\/\"},{\"@type\":\"ListItem\",\"position\":3,\"name\":\"Fusing\"}]},{\"@type\":\"WebSite\",\"@id\":\"https:\/\/www.alhen.com.pl\/#website\",\"url\":\"https:\/\/www.alhen.com.pl\/\",\"name\":\"Alhen Artszk\u0142o\",\"description\":\"Szk\u0142o w architekturze wn\u0119trz\",\"publisher\":{\"@id\":\"https:\/\/www.alhen.com.pl\/#organization\"},\"potentialAction\":[{\"@type\":\"SearchAction\",\"target\":{\"@type\":\"EntryPoint\",\"urlTemplate\":\"https:\/\/www.alhen.com.pl\/?s={search_term_string}\"},\"query-input\":{\"@type\":\"PropertyValueSpecification\",\"valueRequired\":true,\"valueName\":\"search_term_string\"}}],\"inLanguage\":\"en-GB\"},{\"@type\":\"Organization\",\"@id\":\"https:\/\/www.alhen.com.pl\/#organization\",\"name\":\"ALHEN Artszk\u0142o Sp. z o.o.\",\"url\":\"https:\/\/www.alhen.com.pl\/\",\"logo\":{\"@type\":\"ImageObject\",\"inLanguage\":\"en-GB\",\"@id\":\"https:\/\/www.alhen.com.pl\/#\/schema\/logo\/image\/\",\"url\":\"https:\/\/i0.wp.com\/www.alhen.com.pl\/wp-content\/uploads\/2018\/03\/logo-alhen.png?fit=298%2C35&ssl=1\",\"contentUrl\":\"https:\/\/i0.wp.com\/www.alhen.com.pl\/wp-content\/uploads\/2018\/03\/logo-alhen.png?fit=298%2C35&ssl=1\",\"width\":298,\"height\":35,\"caption\":\"ALHEN Artszk\u0142o Sp. z o.o.\"},\"image\":{\"@id\":\"https:\/\/www.alhen.com.pl\/#\/schema\/logo\/image\/\"},\"sameAs\":[\"https:\/\/www.facebook.com\/alhenartszklo\/\",\"https:\/\/x.com\/alhenartszklo\",\"https:\/\/instagram.com\/alhen_artszklo\/\"]}]}<\/script>\n<!-- \/ Yoast SEO plugin. -->","yoast_head_json":{"title":"Fusing - Alhen Artszk\u0142o","robots":{"index":"index","follow":"follow","max-snippet":"max-snippet:-1","max-image-preview":"max-image-preview:large","max-video-preview":"max-video-preview:-1"},"canonical":"https:\/\/www.alhen.com.pl\/en\/oferta\/fusing\/","og_locale":"en_GB","og_type":"article","og_title":"Fusing - Alhen Artszk\u0142o","og_description":"Od p\u00f3\u017anych lat 90&#8217;tych coraz bardziej znana i popularna w kr\u0119gach artystycznych stawa\u0142a si\u0119 technika wykonywania prac ze szk\u0142a nazywana fusingiem (ang. 'to fuse&#8217; czyli 'wtapia\u0107 si\u0119&#8217;) zwana inaczej 'stapianiem szk\u0142a&#8217;. Metoda ta pozwala artystom i architektom na zupe\u0142nie nowe mo\u017cliwo\u015bci wyrazowe. Fusing polega na stapianiu uprzednio przygotowanych szkie\u0142 w piecu, w temperaturze ok. 700Read More","og_url":"https:\/\/www.alhen.com.pl\/en\/oferta\/fusing\/","og_site_name":"Alhen Artszk\u0142o","article_publisher":"https:\/\/www.facebook.com\/alhenartszklo\/","article_modified_time":"2025-01-12T11:54:46+00:00","og_image":[{"url":"http:\/\/www.alhen.com.pl\/wp-content\/uploads\/2018\/04\/fusing-001.jpg","type":"","width":"","height":""}],"twitter_card":"summary_large_image","twitter_site":"@alhenartszklo","twitter_misc":{"Estimated reading time":"2 minutes"},"schema":{"@context":"https:\/\/schema.org","@graph":[{"@type":"WebPage","@id":"https:\/\/www.alhen.com.pl\/oferta\/fusing\/","url":"https:\/\/www.alhen.com.pl\/oferta\/fusing\/","name":"Fusing - Alhen Artszk\u0142o","isPartOf":{"@id":"https:\/\/www.alhen.com.pl\/#website"},"primaryImageOfPage":{"@id":"https:\/\/www.alhen.com.pl\/oferta\/fusing\/#primaryimage"},"image":{"@id":"https:\/\/www.alhen.com.pl\/oferta\/fusing\/#primaryimage"},"thumbnailUrl":"http:\/\/www.alhen.com.pl\/wp-content\/uploads\/2018\/04\/fusing-001.jpg","datePublished":"2018-04-15T20:59:23+00:00","dateModified":"2025-01-12T11:54:46+00:00","breadcrumb":{"@id":"https:\/\/www.alhen.com.pl\/oferta\/fusing\/#breadcrumb"},"inLanguage":"en-GB","potentialAction":[{"@type":"ReadAction","target":["https:\/\/www.alhen.com.pl\/oferta\/fusing\/"]}]},{"@type":"ImageObject","inLanguage":"en-GB","@id":"https:\/\/www.alhen.com.pl\/oferta\/fusing\/#primaryimage","url":"http:\/\/www.alhen.com.pl\/wp-content\/uploads\/2018\/04\/fusing-001.jpg","contentUrl":"http:\/\/www.alhen.com.pl\/wp-content\/uploads\/2018\/04\/fusing-001.jpg"},{"@type":"BreadcrumbList","@id":"https:\/\/www.alhen.com.pl\/oferta\/fusing\/#breadcrumb","itemListElement":[{"@type":"ListItem","position":1,"name":"Strona g\u0142\u00f3wna","item":"https:\/\/www.alhen.com.pl\/"},{"@type":"ListItem","position":2,"name":"Oferta","item":"https:\/\/www.alhen.com.pl\/oferta\/"},{"@type":"ListItem","position":3,"name":"Fusing"}]},{"@type":"WebSite","@id":"https:\/\/www.alhen.com.pl\/#website","url":"https:\/\/www.alhen.com.pl\/","name":"Alhen Artszk\u0142o","description":"Szk\u0142o w architekturze wn\u0119trz","publisher":{"@id":"https:\/\/www.alhen.com.pl\/#organization"},"potentialAction":[{"@type":"SearchAction","target":{"@type":"EntryPoint","urlTemplate":"https:\/\/www.alhen.com.pl\/?s={search_term_string}"},"query-input":{"@type":"PropertyValueSpecification","valueRequired":true,"valueName":"search_term_string"}}],"inLanguage":"en-GB"},{"@type":"Organization","@id":"https:\/\/www.alhen.com.pl\/#organization","name":"ALHEN Artszk\u0142o Sp. z o.o.","url":"https:\/\/www.alhen.com.pl\/","logo":{"@type":"ImageObject","inLanguage":"en-GB","@id":"https:\/\/www.alhen.com.pl\/#\/schema\/logo\/image\/","url":"https:\/\/i0.wp.com\/www.alhen.com.pl\/wp-content\/uploads\/2018\/03\/logo-alhen.png?fit=298%2C35&ssl=1","contentUrl":"https:\/\/i0.wp.com\/www.alhen.com.pl\/wp-content\/uploads\/2018\/03\/logo-alhen.png?fit=298%2C35&ssl=1","width":298,"height":35,"caption":"ALHEN Artszk\u0142o Sp. z o.o."},"image":{"@id":"https:\/\/www.alhen.com.pl\/#\/schema\/logo\/image\/"},"sameAs":["https:\/\/www.facebook.com\/alhenartszklo\/","https:\/\/x.com\/alhenartszklo","https:\/\/instagram.com\/alhen_artszklo\/"]}]}},"jetpack_sharing_enabled":true,"jetpack_shortlink":"https:\/\/wp.me\/P9LGPL-2j","jetpack_likes_enabled":true,"jetpack-related-posts":[{"id":40,"url":"https:\/\/www.alhen.com.pl\/en\/oferta\/","url_meta":{"origin":143,"position":0},"title":"Offers","author":"ALHEN Artszk\u0142o","date":"21 March 2018","format":false,"excerpt":"\u015awiadczymy us\u0142ugi dla: klient\u00f3w indywidualnych klient\u00f3w biznesowych. Do szerokiej gamy naszych produkt\u00f3w i us\u0142ug zaliczamy m.in.: Szk\u0142a i lustra: szk\u0142o typu Float od 3 do 19 mm szk\u0142o typu 'Optiwhite' od 4 do 19 mm szk\u0142o laminowane szk\u0142o hartowane szk\u0142o ornamentowe typu: Flutes, Estriado, Visiosun, Kathedral itd. lustra srebrne lustra\u2026","rel":"","context":"Similar post","block_context":{"text":"Similar post","link":""},"img":{"alt_text":"","src":"","width":0,"height":0},"classes":[]},{"id":53,"url":"https:\/\/www.alhen.com.pl\/en\/oferta\/laminowanie-szkla\/","url_meta":{"origin":143,"position":1},"title":"Glass lamination","author":"ALHEN Artszk\u0142o","date":"21 March 2018","format":false,"excerpt":"Dzi\u0119ki zastosowaniu technologii laminowania szk\u0142a otrzymujemy wyr\u00f3b sk\u0142adaj\u0105cy si\u0119 z dw\u00f3ch lub kliku tafli szk\u0142a, szk\u0142a z lustrem lub lustra z lustrem po\u0142\u0105czonych ze sob\u0105 za pomoc\u0105 folii EVA. Zastosowanie folii nowej generacji pozwala na zachowanie bezpiecze\u0144stwa, poniewa\u017c w przypadku st\u0142uczenia szk\u0142o pozostaje \u2018przyklejone\u2019 do folii, a jego od\u0142amki nie\u2026","rel":"","context":"Similar post","block_context":{"text":"Similar post","link":""},"img":{"alt_text":"","src":"https:\/\/i0.wp.com\/www.alhen.com.pl\/wp-content\/uploads\/2018\/04\/laminowanie.jpg?resize=350%2C200","width":350,"height":200,"srcset":"https:\/\/i0.wp.com\/www.alhen.com.pl\/wp-content\/uploads\/2018\/04\/laminowanie.jpg?resize=350%2C200 1x, https:\/\/i0.wp.com\/www.alhen.com.pl\/wp-content\/uploads\/2018\/04\/laminowanie.jpg?resize=525%2C300 1.5x, https:\/\/i0.wp.com\/www.alhen.com.pl\/wp-content\/uploads\/2018\/04\/laminowanie.jpg?resize=700%2C400 2x"},"classes":[]},{"id":834,"url":"https:\/\/www.alhen.com.pl\/en\/oferta\/szklo-hartowane\/","url_meta":{"origin":143,"position":2},"title":"Tempered Glass","author":"ALHEN Artszk\u0142o","date":"11 January 2025","format":false,"excerpt":"Hartowanie szk\u0142a jest zaawansowanym technologicznie procesem zwi\u0119kszaj\u0105cym bezpiecze\u0144stwo i wytrzyma\u0142o\u015b\u0107 szk\u0142a. Proces hartowania sk\u0142ada si\u0119 z 3 etap\u00f3w: nagrzanie szk\u0142a powy\u017cej 600 stopni ( w zale\u017cno\u015bci od grubo\u015bci szk\u0142a) gwa\u0142townego sch\u0142odzenia szk\u0142a wcze\u015bniej podgrzanego kontrolowania spr\u0119\u017cania powierzchni. Zalety szk\u0142a hartowanego: zwi\u0119kszenie odporno\u015bci szk\u0142abezpiecze\u0144stwotrwa\u0142o\u015b\u0107 minimalne ryzyko skaleczeniaw przypadku zbicia rozbija si\u0119\u2026","rel":"","context":"Similar post","block_context":{"text":"Similar post","link":""},"img":{"alt_text":"","src":"https:\/\/i0.wp.com\/www.alhen.com.pl\/wp-content\/uploads\/2018\/04\/IMG_1199-e1736701333649.jpg?resize=350%2C200","width":350,"height":200,"srcset":"https:\/\/i0.wp.com\/www.alhen.com.pl\/wp-content\/uploads\/2018\/04\/IMG_1199-e1736701333649.jpg?resize=350%2C200 1x, https:\/\/i0.wp.com\/www.alhen.com.pl\/wp-content\/uploads\/2018\/04\/IMG_1199-e1736701333649.jpg?resize=525%2C300 1.5x, https:\/\/i0.wp.com\/www.alhen.com.pl\/wp-content\/uploads\/2018\/04\/IMG_1199-e1736701333649.jpg?resize=700%2C400 2x"},"classes":[]},{"id":727,"url":"https:\/\/www.alhen.com.pl\/en\/oferta\/sprzedaz-szkla-i-luster\/","url_meta":{"origin":143,"position":3},"title":"Sale of glass and mirrors","author":"ALHEN Artszk\u0142o","date":"11 January 2025","format":false,"excerpt":"Oferujemy profesjonalne szk\u0142o lustra dla Twoich potrzeb charakteryzuj\u0105ce si\u0119 wysok\u0105 jako\u015bci\u0105 i r\u00f3\u017cnorodne renomowanych marek takich jak: AGC i Pilkington.\u00a0 W swojej ofercie oraz na stanie posiadamy pe\u0142n\u0105 gam\u0119 szk\u0142a i luster w tym m. in.: SZK\u0141A:\u00a0 Szk\u0142o Float o grubo\u015bciach: 3, 4, 5, 6, 8, 10, 12, 15, 19\u2026","rel":"","context":"Similar post","block_context":{"text":"Similar post","link":""},"img":{"alt_text":"","src":"https:\/\/i0.wp.com\/www.alhen.com.pl\/wp-content\/uploads\/2025\/01\/Szk%C5%82o-i-lustra-300x225.jpg?resize=350%2C200&ssl=1","width":350,"height":200},"classes":[]},{"id":725,"url":"https:\/\/www.alhen.com.pl\/en\/oferta\/laminowanie-grafiki-ze-szklem\/","url_meta":{"origin":143,"position":4},"title":"Graphic Lamination","author":"ALHEN Artszk\u0142o","date":"9 January 2025","format":false,"excerpt":"Grafika na szkle to nowoczesny i jednocze\u015bnie bardzo elegacki spos\u00f3b dekoracji wn\u0119trz m.in. kuchni, \u0142azienek, salon\u00f3w, przedpokoi, sypialni. Jest to bardzo trwa\u0142a metoda dzi\u0119ki technologi wydruku UV zapewniaj\u0105ca odporno\u015b\u0107 na blakni\u0119cie i uszkodzenia. Dzi\u0119ki zastosowaniu techniki hartowania grafika staje si\u0119 bardziej wytrzyma\u0142a i odporna. Cz\u0119ste zastosowanie grafiki na szkle w\u2026","rel":"","context":"Similar post","block_context":{"text":"Similar post","link":""},"img":{"alt_text":"","src":"https:\/\/i0.wp.com\/www.alhen.com.pl\/wp-content\/uploads\/2025\/01\/IMG_7329.jpg?resize=350%2C200&ssl=1","width":350,"height":200,"srcset":"https:\/\/i0.wp.com\/www.alhen.com.pl\/wp-content\/uploads\/2025\/01\/IMG_7329.jpg?resize=350%2C200&ssl=1 1x, https:\/\/i0.wp.com\/www.alhen.com.pl\/wp-content\/uploads\/2025\/01\/IMG_7329.jpg?resize=525%2C300&ssl=1 1.5x, https:\/\/i0.wp.com\/www.alhen.com.pl\/wp-content\/uploads\/2025\/01\/IMG_7329.jpg?resize=700%2C400&ssl=1 2x, https:\/\/i0.wp.com\/www.alhen.com.pl\/wp-content\/uploads\/2025\/01\/IMG_7329.jpg?resize=1050%2C600&ssl=1 3x"},"classes":[]},{"id":42,"url":"https:\/\/www.alhen.com.pl\/en\/oferta\/obrobka-szkla-i-luster\/","url_meta":{"origin":143,"position":5},"title":"Glass and mirror processing","author":"ALHEN Artszk\u0142o","date":"21 March 2018","format":false,"excerpt":"Wykonujemy obr\u00f3bk\u0119* szk\u0142a i luster poprzez szlifowanie, polerowanie oraz ukosowanie pod k\u0105tem z materia\u0142u w\u0142asnego jak i \u00a0powierzonego przez klienta. Szlifowanie kraw\u0119dzi polega na maszynowym wyg\u0142adzeniu ostrych kraw\u0119dzi i mikro nier\u00f3wno\u015bci powsta\u0142ych podczas jego krojenia. Proces ten pozwala na eliminacj\u0119 jakichkolwiek nier\u00f3wno\u015bci, ostro\u015bci oraz mikrop\u0119kni\u0119\u0107 nadaj\u0105c szk\u0142u nast\u0119puj\u0105ce cechy: bezpiecze\u0144stwo\u2026","rel":"","context":"Similar post","block_context":{"text":"Similar post","link":""},"img":{"alt_text":"","src":"https:\/\/i0.wp.com\/www.alhen.com.pl\/wp-content\/uploads\/2018\/04\/obrobka-szkla.jpg?resize=350%2C200","width":350,"height":200,"srcset":"https:\/\/i0.wp.com\/www.alhen.com.pl\/wp-content\/uploads\/2018\/04\/obrobka-szkla.jpg?resize=350%2C200 1x, https:\/\/i0.wp.com\/www.alhen.com.pl\/wp-content\/uploads\/2018\/04\/obrobka-szkla.jpg?resize=525%2C300 1.5x, https:\/\/i0.wp.com\/www.alhen.com.pl\/wp-content\/uploads\/2018\/04\/obrobka-szkla.jpg?resize=700%2C400 2x"},"classes":[]}],"_links":{"self":[{"href":"https:\/\/www.alhen.com.pl\/en\/wp-json\/wp\/v2\/pages\/143","targetHints":{"allow":["GET"]}}],"collection":[{"href":"https:\/\/www.alhen.com.pl\/en\/wp-json\/wp\/v2\/pages"}],"about":[{"href":"https:\/\/www.alhen.com.pl\/en\/wp-json\/wp\/v2\/types\/page"}],"author":[{"embeddable":true,"href":"https:\/\/www.alhen.com.pl\/en\/wp-json\/wp\/v2\/users\/1"}],"replies":[{"embeddable":true,"href":"https:\/\/www.alhen.com.pl\/en\/wp-json\/wp\/v2\/comments?post=143"}],"version-history":[{"count":8,"href":"https:\/\/www.alhen.com.pl\/en\/wp-json\/wp\/v2\/pages\/143\/revisions"}],"predecessor-version":[{"id":1110,"href":"https:\/\/www.alhen.com.pl\/en\/wp-json\/wp\/v2\/pages\/143\/revisions\/1110"}],"up":[{"embeddable":true,"href":"https:\/\/www.alhen.com.pl\/en\/wp-json\/wp\/v2\/pages\/40"}],"wp:attachment":[{"href":"https:\/\/www.alhen.com.pl\/en\/wp-json\/wp\/v2\/media?parent=143"}],"curies":[{"name":"wp","href":"https:\/\/api.w.org\/{rel}","templated":true}]}}